{"id":826,"date":"2021-03-25T09:22:07","date_gmt":"2021-03-25T08:22:07","guid":{"rendered":"https:\/\/www.relaisstcharles.fr\/situation\/"},"modified":"2025-06-15T20:27:19","modified_gmt":"2025-06-15T18:27:19","slug":"situation","status":"publish","type":"page","link":"https:\/\/www.relaisstcharles.fr\/pl\/situation\/","title":{"rendered":"Situation"},"content":{"rendered":"\n\t<section class=\"section\" id=\"section_127352439\">\n\t\t<div class=\"bg section-bg fill bg-fill  bg-loaded\" >\n\n\t\t\t\n\t\t\t\n\t\t\t\n\n\t\t<\/div>\n\n\t\t<div class=\"section-content relative\">\n\t\t\t\n\n<p><iframe src=\"https:\/\/www.google.com\/maps\/embed?pb=!1m18!1m12!1m3!1d5893.194130660151!2d2.289751353315126!3d48.85592931274104!2m3!1f0!2f0!3f0!3m2!1i1024!2i768!4f13.1!3m3!1m2!1s0x47e6701bd7bc29b7%3A0x6a40127f533e3fbe!2s72%20Boulevard%20de%20Grenelle%2C%2075015%20Paris!5e0!3m2!1sfr!2sfr!4v1615959537934!5m2!1sfr!2sfr\" width=\"100%\" height=\"450\" style=\"border:0;\" allowfullscreen=\"\" loading=\"lazy\"><\/iframe><\/p>\n\n\t\t<\/div>\n\n\t\t\n<style>\n#section_127352439 {\n  padding-top: 0px;\n  padding-bottom: 0px;\n}\n<\/style>\n\t<\/section>\n\t\n\t<section class=\"section\" id=\"section_717401550\">\n\t\t<div class=\"bg section-bg fill bg-fill  bg-loaded\" >\n\n\t\t\t\n\t\t\t\n\t\t\t\n\n\t\t<\/div>\n\n\t\t<div class=\"section-content relative\">\n\t\t\t\n\n<div class=\"row row-large\"  id=\"row-168792741\">\n\n\n\t<div id=\"col-1384093891\" class=\"col small-12 large-12\"  data-animate=\"bounceInUp\">\n\t\t<div class=\"col-inner\"  >\n\t\t\t\n\t\t\t\n\n<h1 style=\"text-align: center;\">Relais Saint Charles w Pary\u017cu<\/h1>\n<h2 style=\"text-align: center;\">Idealnie po\u0142o\u017cony 10 minut spacerem od Wie\u017cy Eiffla w samym sercu Pary\u017ca<\/h2>\n<p class=\"p1\" style=\"text-align: center;\">Zaledwie 50 metr\u00f3w dalej znajduje si\u0119 stacja metra, kt\u00f3ra zawiezie Ci\u0119 do \u0141uku Triumfalnego, P\u00f3l Elizejskich, dzielnicy Saint-Germain-des-Pr\u00e9s, Saint-Michel lub Notre-Dame. Skorzystaj z pobliskiego molo, oddalonego o\u00a0kilkaset metr\u00f3w, i wybierz si\u0119 na romantyczny rejs statkiem po Sekwanie\u2026<\/p>\n<p>\u00a0<\/p>\n<p class=\"p1\" style=\"text-align: center;\">Metro linia 6: stacja DUPLEIX \u2013 Autobus 80: Przystanek \u201eLa Motte Piquet Grenelle\u201d<\/p>\n<p>\u00a0<\/p>\n<p style=\"text-align: center;\"><strong>HOTEL 3 ETOILES LE RELAIS SAINT CHARLES<\/strong><br \/>72 BOULEVARD DE GRENELLE<br \/>75015 PARIS<\/p>\n<p style=\"text-align: center;\">Port : + 33\u00a07 81 12 14 50<br \/>Tel : +33 1 40 58 00 57<br \/>rcs@relaisstcharles.fr<\/p>\n\n\t\t<\/div>\n\t\t\n<style>\n#col-1384093891 > .col-inner {\n  padding: 0px 0px 0 0px;\n  margin: 0px 0px 0 0px;\n}\n<\/style>\n\t<\/div>\n\n\t\n\n\n<style>\n#row-168792741 > .col > .col-inner {\n  padding: 0px 0px 0 0px;\n}\n<\/style>\n<\/div>\n<div class=\"text-center\"><div class=\"is-divider divider clearfix\" style=\"margin-top:2em;margin-bottom:2em;max-width:250px;\"><\/div><\/div>\n\n<div class=\"row row-collapse encart-presentation\"  id=\"row-832649954\">\n\n\n\t<div id=\"col-1685149088\" class=\"col small-12 large-12\"  >\n\t\t<div class=\"col-inner\"  >\n\t\t\t\n\t\t\t\n\n<h3 style=\"text-align: center; font-size: 30px;\">JAK DOJECHAC\u00a0?\n<\/h3>\n\n\t\t<\/div>\n\t\t\n<style>\n#col-1685149088 > .col-inner {\n  margin: 0px 0px 40px 0px;\n}\n<\/style>\n\t<\/div>\n\n\t\n\n\t<div id=\"col-1079014104\" class=\"col medium-12 small-12 large-6\"  data-animate=\"fadeInLeft\">\n\t\t<div class=\"col-inner\"  >\n\t\t\t\n\t\t\t\n\n<h4 style=\"text-transform: uppercase;\">Dojazd z lotnisk<\/h4>\n<p><u>Z lotniska Charles De Gaulle: (oko\u0142o 1 godziny)<\/u><\/p>\n<ul >\n<li>Jed\u017a lini\u0105 B w kierunku Massy-Palaiseau do przystanku Denfert Rochereau<\/li>\n<li >Lini\u0105 M6 w kierunku Etoile do przystanku Dupleix<\/li>\n<\/ul>\n<p><u>Z lotniska Orly: (oko\u0142o 50 minut)<\/u><\/p>\n<ul >\n<li >We\u017a autobus wahad\u0142owy do stacji Antony<\/li>\n<li >Wsi\u0105d\u017a do poci\u0105gu RER B w kierunku lotniska Charles de Gaulle i wysi\u0105d\u017a na przystanku Denfert Rochereau.<\/li>\n<li class=\"li1\">Nale\u017cy wsi\u0105\u015b\u0107 do linii M6 w kierunku Etoile i wysi\u0105\u015b\u0107 na przystanku Dupleix<\/li>\n<\/ul>\n\n\t\t<\/div>\n\t\t\n<style>\n#col-1079014104 > .col-inner {\n  padding: 10px 20px 10px 20px;\n}\n<\/style>\n\t<\/div>\n\n\t\n\n\t<div id=\"col-1304617333\" class=\"col medium-12 small-12 large-6 medium-col-first\"  data-animate=\"fadeInRight\">\n\t\t<div class=\"col-inner\"  >\n\t\t\t\n\t\t\t\n\n\t<div class=\"img has-hover x md-x lg-x y md-y lg-y\" id=\"image_2012347318\">\n\t\t\t\t\t\t\t\t<div class=\"img-inner dark\" >\n\t\t\t<img decoding=\"async\" width=\"1020\" height=\"679\" src=\"https:\/\/www.relaisstcharles.fr\/wp-content\/uploads\/2022\/10\/DIPTYQUE1-1024x682.jpg\" class=\"attachment-large size-large\" alt=\"Le Relais Saint Charles Paris 15\" srcset=\"https:\/\/www.relaisstcharles.fr\/wp-content\/uploads\/2022\/10\/DIPTYQUE1-1024x682.jpg 1024w, https:\/\/www.relaisstcharles.fr\/wp-content\/uploads\/2022\/10\/DIPTYQUE1-300x200.jpg 300w, https:\/\/www.relaisstcharles.fr\/wp-content\/uploads\/2022\/10\/DIPTYQUE1-768x511.jpg 768w, https:\/\/www.relaisstcharles.fr\/wp-content\/uploads\/2022\/10\/DIPTYQUE1.jpg 1500w\" sizes=\"(max-width: 1020px) 100vw, 1020px\" \/>\t\t\t\t\t\t\n\t\t\t\t\t<\/div>\n\t\t\t\t\t\t\t\t\n<style>\n#image_2012347318 {\n  width: 100%;\n}\n<\/style>\n\t<\/div>\n\t\n\n\n\t\t<\/div>\n\t\t\t<\/div>\n\n\t\n\n<\/div>\n<div class=\"row row-collapse encart-presentation\"  id=\"row-1908384735\">\n\n\n\t<div id=\"col-961789094\" class=\"col medium-12 small-12 large-6\"  data-animate=\"fadeInLeft\">\n\t\t<div class=\"col-inner\"  >\n\t\t\t\n\t\t\t\n\n\t<div class=\"img has-hover x md-x lg-x y md-y lg-y\" id=\"image_278421986\">\n\t\t\t\t\t\t\t\t<div class=\"img-inner dark\" >\n\t\t\t<img decoding=\"async\" width=\"683\" height=\"1024\" src=\"https:\/\/www.relaisstcharles.fr\/wp-content\/uploads\/2022\/10\/CHAMBRE1-5-683x1024.jpg\" class=\"attachment-large size-large\" alt=\"Le Relais Saint Charles Paris 15\" srcset=\"https:\/\/www.relaisstcharles.fr\/wp-content\/uploads\/2022\/10\/CHAMBRE1-5-683x1024.jpg 683w, https:\/\/www.relaisstcharles.fr\/wp-content\/uploads\/2022\/10\/CHAMBRE1-5-200x300.jpg 200w, https:\/\/www.relaisstcharles.fr\/wp-content\/uploads\/2022\/10\/CHAMBRE1-5-768x1152.jpg 768w, https:\/\/www.relaisstcharles.fr\/wp-content\/uploads\/2022\/10\/CHAMBRE1-5.jpg 1000w\" sizes=\"(max-width: 683px) 100vw, 683px\" \/>\t\t\t\t\t\t\n\t\t\t\t\t<\/div>\n\t\t\t\t\t\t\t\t\n<style>\n#image_278421986 {\n  width: 100%;\n}\n<\/style>\n\t<\/div>\n\t\n\n\n\t\t<\/div>\n\t\t\t<\/div>\n\n\t\n\n\t<div id=\"col-1487070378\" class=\"col medium-12 small-12 large-6\"  data-animate=\"fadeInRight\">\n\t\t<div class=\"col-inner\"  >\n\t\t\t\n\t\t\t\n\n<h4 style=\"text-transform: uppercase;\">TRASY ZE STACJI<\/h4>\n<p class=\"p1\"><strong><span class=\"s1\">Z Gare Montparnasse<\/span>: (oko\u0142o 15 minut)<\/strong><\/p>\n<p class=\"p1\">Nale\u017cy wsi\u0105\u015b\u0107 do metra linii M6 ze stacji Montparnasse \u2013 Bienven\u00fce i wysi\u0105\u015b\u0107 na przystanku Dupleix.<\/p>\n<p>\u00a0<\/p>\n<p class=\"p1\"><strong><span class=\"s1\">Z Gare d\u2019Austerlitz<\/span>: (oko\u0142o 30 minut)<\/strong><\/p>\n<p class=\"p1\">\u2022 Lini\u0105 M5 nale\u017cy wysi\u0105\u015b\u0107 na przystanku Place d\u2019Italie<\/p>\n<p class=\"p1\">\u2022 Jed\u017a lini\u0105 M6 w kierunku Etoile, a\u017c do przystanku Dupleix.<\/p>\n<p class=\"p1\">LUB<\/p>\n<p class=\"p1\">\u2022 Jed\u017a lini\u0105 M10 Boulogne Pont de Saint-Cloud do przystanku Motte-Piquet-Grenelle<\/p>\n<p>\u00a0<\/p>\n<p class=\"p1\"><strong><span class=\"s1\">Z Gare de Lyon:<\/span> (oko\u0142o 30 minut)<\/strong><\/p>\n<p class=\"p1\">\u2022 Jed\u017a lini\u0105 M14 w kierunku Mairie de Saint-Ouen<\/p>\n<p class=\"p1\">\u2022 Wysi\u0105d\u017a na przystanku Madeleine i wsi\u0105d\u017a do linii M8 w kierunku Balard<\/p>\n<p class=\"p1\">\u2022 Wysi\u0105d\u017a na przystanku Motte-Picquet-Grenelle.<\/p>\n<p class=\"p1\">\u2022 Nale\u017cy wsi\u0105\u015b\u0107 do linii M6 w kierunku Etoile i wysi\u0105\u015b\u0107 na przystanku Dupleix.<\/p>\n<p class=\"p1\">LUB<\/p>\n<p class=\"p1\">\u2022 Wsi\u0105d\u017a do poci\u0105gu RER A w kierunku Saint-Germain-en-Laye i wysi\u0105d\u017a na stacji Charles de Gaulle \u2013Etoile. Nast\u0119pnie wsi\u0105d\u017a do linii M6 w kierunku Nation i wysi\u0105d\u017a na przystanku Dupleix.<\/p>\n<p>\u00a0<\/p>\n<p class=\"p1\"><strong><span class=\"s1\">Z Gare du Nord:<\/span> (oko\u0142o 30 minut)<\/strong><\/p>\n<p class=\"p1\">\u2022 Wsi\u0105d\u017a do poci\u0105gu linii E \u2013 Magenta i wysi\u0105d\u017a na stacji Haussmann Saint-Lazare<\/p>\n<p class=\"p1\">\u2022 Nale\u017cy wsi\u0105\u015b\u0107 do linii M9 w kierunku Pont de S\u00e8vres i wysi\u0105\u015b\u0107 na przystanku Trocad\u00e9ro.<\/p>\n<p class=\"p1\">\u2022 Nale\u017cy wsi\u0105\u015b\u0107 do metra M6 w kierunku Nation i wysi\u0105\u015b\u0107 na przystanku Dupleix.<\/p>\n<p>\u00a0<\/p>\n<p class=\"p1\"><strong><span class=\"s1\">Z Gare Saint-Lazare:<\/span> (oko\u0142o 25 minut)<\/strong><\/p>\n<p class=\"p1\">\u2022 Nale\u017cy wsi\u0105\u015b\u0107 do linii M9 w kierunku Pont de S\u00e8vres i wysi\u0105\u015b\u0107 na przystanku Trocad\u00e9ro.<\/p>\n<p class=\"p1\">\u2022 Nale\u017cy wsi\u0105\u015b\u0107 do metra M6 w kierunku Nation i wysi\u0105\u015b\u0107 na przystanku Dupleix.<\/p>\n<p>\u00a0<\/p>\n<p class=\"p1\"><strong><span class=\"s1\">Z Gare de l\u2019Est:<\/span> (oko\u0142o 30 minut)<\/strong><\/p>\n<p class=\"p1\">\u2022 Lini\u0105 M6 do przystanku Pasteur<\/p>\n<p class=\"p1\">\u2022 Nale\u017cy jecha\u0107 lini\u0105 M12 w kierunku Front Populaire do przystanku Montparnasse-Bienven\u00fce i wysi\u0105\u015b\u0107<\/p>\n<p class=\"p1\">\u2022 Nale\u017cy wsi\u0105\u015b\u0107 do linii M6 w kierunku Etoile i wysi\u0105\u015b\u0107 na przystanku Dupleix<\/p>\n\n\t\t<\/div>\n\t\t\n<style>\n#col-1487070378 > .col-inner {\n  padding: 10px 20px 10px 20px;\n}\n<\/style>\n\t<\/div>\n\n\t\n\n<\/div>\n<div class=\"text-center\"><div class=\"is-divider divider clearfix\" style=\"margin-top:2em;margin-bottom:2em;max-width:250px;\"><\/div><\/div>\n\n\n\t\t<\/div>\n\n\t\t\n<style>\n#section_717401550 {\n  padding-top: 30px;\n  padding-bottom: 30px;\n}\n<\/style>\n\t<\/section>\n\t\n\n","protected":false},"excerpt":{"rendered":"","protected":false},"author":1,"featured_media":0,"parent":0,"menu_order":0,"comment_status":"closed","ping_status":"closed","template":"page-blank.php","meta":{"footnotes":""},"class_list":["post-826","page","type-page","status-publish","hentry"],"yoast_head":"<!-- This site is optimized with the Yoast SEO plugin v23.1 - https:\/\/yoast.com\/wordpress\/plugins\/seo\/ -->\n<title>Situation et acc\u00e8s \u00e0 l&#039;H\u00f4tel Le Relais St Charles ParisTour Eiffel \u00e0 Paris<\/title>\n<meta name=\"description\" content=\"L&#039;h\u00f4tel Relais Saint Charles est situ\u00e9 \u00e0 proximit\u00e9 de la Tour Eiffel et du Trocad\u00e9ro. Le m\u00e9tro, situ\u00e9 \u00e0 50m, vous emm\u00e8ne en direction de l&#039;Arc de Triomphe, des Champs-Elys\u00e9es, du quartier Saint-Germain-des-Pr\u00e9s, de Saint-Michel ou de Notre-Dame.\" \/>\n<meta name=\"robots\" content=\"index, follow, max-snippet:-1, max-image-preview:large, max-video-preview:-1\" \/>\n<link rel=\"canonical\" href=\"https:\/\/www.relaisstcharles.fr\/pl\/situation\/\" \/>\n<meta property=\"og:locale\" content=\"pl_PL\" \/>\n<meta property=\"og:type\" content=\"article\" \/>\n<meta property=\"og:title\" content=\"Situation et acc\u00e8s \u00e0 l&#039;H\u00f4tel Le Relais St Charles ParisTour Eiffel \u00e0 Paris\" \/>\n<meta property=\"og:description\" content=\"L&#039;h\u00f4tel Relais Saint Charles est situ\u00e9 \u00e0 proximit\u00e9 de la Tour Eiffel et du Trocad\u00e9ro. Le m\u00e9tro, situ\u00e9 \u00e0 50m, vous emm\u00e8ne en direction de l&#039;Arc de Triomphe, des Champs-Elys\u00e9es, du quartier Saint-Germain-des-Pr\u00e9s, de Saint-Michel ou de Notre-Dame.\" \/>\n<meta property=\"og:url\" content=\"https:\/\/www.relaisstcharles.fr\/pl\/situation\/\" \/>\n<meta property=\"og:site_name\" content=\"Le Relais Saint Charles\" \/>\n<meta property=\"article:modified_time\" content=\"2025-06-15T18:27:19+00:00\" \/>\n<meta name=\"twitter:card\" content=\"summary_large_image\" \/>\n<meta name=\"twitter:label1\" content=\"Szacowany czas czytania\" \/>\n\t<meta name=\"twitter:data1\" content=\"3 minuty\" \/>\n<script type=\"application\/ld+json\" class=\"yoast-schema-graph\">{\"@context\":\"https:\/\/schema.org\",\"@graph\":[{\"@type\":\"WebPage\",\"@id\":\"https:\/\/www.relaisstcharles.fr\/pl\/situation\/\",\"url\":\"https:\/\/www.relaisstcharles.fr\/pl\/situation\/\",\"name\":\"Situation et acc\u00e8s \u00e0 l'H\u00f4tel Le Relais St Charles ParisTour Eiffel \u00e0 Paris\",\"isPartOf\":{\"@id\":\"https:\/\/www.relaisstcharles.fr\/en\/#website\"},\"datePublished\":\"2021-03-25T08:22:07+00:00\",\"dateModified\":\"2025-06-15T18:27:19+00:00\",\"description\":\"L'h\u00f4tel Relais Saint Charles est situ\u00e9 \u00e0 proximit\u00e9 de la Tour Eiffel et du Trocad\u00e9ro. Le m\u00e9tro, situ\u00e9 \u00e0 50m, vous emm\u00e8ne en direction de l'Arc de Triomphe, des Champs-Elys\u00e9es, du quartier Saint-Germain-des-Pr\u00e9s, de Saint-Michel ou de Notre-Dame.\",\"breadcrumb\":{\"@id\":\"https:\/\/www.relaisstcharles.fr\/pl\/situation\/#breadcrumb\"},\"inLanguage\":\"pl-PL\",\"potentialAction\":[{\"@type\":\"ReadAction\",\"target\":[\"https:\/\/www.relaisstcharles.fr\/pl\/situation\/\"]}]},{\"@type\":\"BreadcrumbList\",\"@id\":\"https:\/\/www.relaisstcharles.fr\/pl\/situation\/#breadcrumb\",\"itemListElement\":[{\"@type\":\"ListItem\",\"position\":1,\"name\":\"Accueil\",\"item\":\"https:\/\/www.relaisstcharles.fr\/\"},{\"@type\":\"ListItem\",\"position\":2,\"name\":\"Situation\"}]},{\"@type\":\"WebSite\",\"@id\":\"https:\/\/www.relaisstcharles.fr\/en\/#website\",\"url\":\"https:\/\/www.relaisstcharles.fr\/en\/\",\"name\":\"Le Relais Saint Charles\",\"description\":\"H\u00f4tel 3 \u00e9toiles proche de la Tour Eiffel\",\"potentialAction\":[{\"@type\":\"SearchAction\",\"target\":{\"@type\":\"EntryPoint\",\"urlTemplate\":\"https:\/\/www.relaisstcharles.fr\/en\/?s={search_term_string}\"},\"query-input\":\"required name=search_term_string\"}],\"inLanguage\":\"pl-PL\"}]}<\/script>\n<!-- \/ Yoast SEO plugin. -->","yoast_head_json":{"title":"Situation et acc\u00e8s \u00e0 l'H\u00f4tel Le Relais St Charles ParisTour Eiffel \u00e0 Paris","description":"L'h\u00f4tel Relais Saint Charles est situ\u00e9 \u00e0 proximit\u00e9 de la Tour Eiffel et du Trocad\u00e9ro. Le m\u00e9tro, situ\u00e9 \u00e0 50m, vous emm\u00e8ne en direction de l'Arc de Triomphe, des Champs-Elys\u00e9es, du quartier Saint-Germain-des-Pr\u00e9s, de Saint-Michel ou de Notre-Dame.","robots":{"index":"index","follow":"follow","max-snippet":"max-snippet:-1","max-image-preview":"max-image-preview:large","max-video-preview":"max-video-preview:-1"},"canonical":"https:\/\/www.relaisstcharles.fr\/pl\/situation\/","og_locale":"pl_PL","og_type":"article","og_title":"Situation et acc\u00e8s \u00e0 l'H\u00f4tel Le Relais St Charles ParisTour Eiffel \u00e0 Paris","og_description":"L'h\u00f4tel Relais Saint Charles est situ\u00e9 \u00e0 proximit\u00e9 de la Tour Eiffel et du Trocad\u00e9ro. Le m\u00e9tro, situ\u00e9 \u00e0 50m, vous emm\u00e8ne en direction de l'Arc de Triomphe, des Champs-Elys\u00e9es, du quartier Saint-Germain-des-Pr\u00e9s, de Saint-Michel ou de Notre-Dame.","og_url":"https:\/\/www.relaisstcharles.fr\/pl\/situation\/","og_site_name":"Le Relais Saint Charles","article_modified_time":"2025-06-15T18:27:19+00:00","twitter_card":"summary_large_image","twitter_misc":{"Szacowany czas czytania":"3 minuty"},"schema":{"@context":"https:\/\/schema.org","@graph":[{"@type":"WebPage","@id":"https:\/\/www.relaisstcharles.fr\/pl\/situation\/","url":"https:\/\/www.relaisstcharles.fr\/pl\/situation\/","name":"Situation et acc\u00e8s \u00e0 l'H\u00f4tel Le Relais St Charles ParisTour Eiffel \u00e0 Paris","isPartOf":{"@id":"https:\/\/www.relaisstcharles.fr\/en\/#website"},"datePublished":"2021-03-25T08:22:07+00:00","dateModified":"2025-06-15T18:27:19+00:00","description":"L'h\u00f4tel Relais Saint Charles est situ\u00e9 \u00e0 proximit\u00e9 de la Tour Eiffel et du Trocad\u00e9ro. Le m\u00e9tro, situ\u00e9 \u00e0 50m, vous emm\u00e8ne en direction de l'Arc de Triomphe, des Champs-Elys\u00e9es, du quartier Saint-Germain-des-Pr\u00e9s, de Saint-Michel ou de Notre-Dame.","breadcrumb":{"@id":"https:\/\/www.relaisstcharles.fr\/pl\/situation\/#breadcrumb"},"inLanguage":"pl-PL","potentialAction":[{"@type":"ReadAction","target":["https:\/\/www.relaisstcharles.fr\/pl\/situation\/"]}]},{"@type":"BreadcrumbList","@id":"https:\/\/www.relaisstcharles.fr\/pl\/situation\/#breadcrumb","itemListElement":[{"@type":"ListItem","position":1,"name":"Accueil","item":"https:\/\/www.relaisstcharles.fr\/"},{"@type":"ListItem","position":2,"name":"Situation"}]},{"@type":"WebSite","@id":"https:\/\/www.relaisstcharles.fr\/en\/#website","url":"https:\/\/www.relaisstcharles.fr\/en\/","name":"Le Relais Saint Charles","description":"H\u00f4tel 3 \u00e9toiles proche de la Tour Eiffel","potentialAction":[{"@type":"SearchAction","target":{"@type":"EntryPoint","urlTemplate":"https:\/\/www.relaisstcharles.fr\/en\/?s={search_term_string}"},"query-input":"required name=search_term_string"}],"inLanguage":"pl-PL"}]}},"_links":{"self":[{"href":"https:\/\/www.relaisstcharles.fr\/pl\/wp-json\/wp\/v2\/pages\/826","targetHints":{"allow":["GET"]}}],"collection":[{"href":"https:\/\/www.relaisstcharles.fr\/pl\/wp-json\/wp\/v2\/pages"}],"about":[{"href":"https:\/\/www.relaisstcharles.fr\/pl\/wp-json\/wp\/v2\/types\/page"}],"author":[{"embeddable":true,"href":"https:\/\/www.relaisstcharles.fr\/pl\/wp-json\/wp\/v2\/users\/1"}],"replies":[{"embeddable":true,"href":"https:\/\/www.relaisstcharles.fr\/pl\/wp-json\/wp\/v2\/comments?post=826"}],"version-history":[{"count":2,"href":"https:\/\/www.relaisstcharles.fr\/pl\/wp-json\/wp\/v2\/pages\/826\/revisions"}],"predecessor-version":[{"id":881,"href":"https:\/\/www.relaisstcharles.fr\/pl\/wp-json\/wp\/v2\/pages\/826\/revisions\/881"}],"wp:attachment":[{"href":"https:\/\/www.relaisstcharles.fr\/pl\/wp-json\/wp\/v2\/media?parent=826"}],"curies":[{"name":"wp","href":"https:\/\/api.w.org\/{rel}","templated":true}]}}