{"id":824,"date":"2021-03-25T08:47:49","date_gmt":"2021-03-25T07:47:49","guid":{"rendered":"https:\/\/www.relaisstcharles.fr\/services\/"},"modified":"2025-08-20T11:36:52","modified_gmt":"2025-08-20T09:36:52","slug":"uslugi","status":"publish","type":"page","link":"https:\/\/www.relaisstcharles.fr\/pl\/uslugi\/","title":{"rendered":"Services"},"content":{"rendered":"\n\t<section class=\"section hide-for-small\" id=\"section_1882633478\">\n\t\t<div class=\"bg section-bg fill bg-fill  \" >\n\n\t\t\t\n\t\t\t\n\t\t\t\n\n\t\t<\/div>\n\n\t\t<div class=\"section-content relative\">\n\t\t\t\n\n\n\t\t<\/div>\n\n\t\t\n<style>\n#section_1882633478 {\n  padding-top: 30px;\n  padding-bottom: 30px;\n  min-height: 300px;\n}\n#section_1882633478 .section-bg.bg-loaded {\n  background-image: url(https:\/\/www.relaisstcharles.fr\/wp-content\/uploads\/2022\/10\/PC1.jpg);\n}\n<\/style>\n\t<\/section>\n\t\n\t<section class=\"section\" id=\"section_185178896\">\n\t\t<div class=\"bg section-bg fill bg-fill  bg-loaded\" >\n\n\t\t\t\n\t\t\t\n\t\t\t\n\n\t\t<\/div>\n\n\t\t<div class=\"section-content relative\">\n\t\t\t\n\n<div class=\"row row-collapse\"  id=\"row-1963454169\">\n\n\n\t<div id=\"col-1351977780\" class=\"col small-12 large-12\"  data-animate=\"bounceInUp\">\n\t\t<div class=\"col-inner\"  >\n\t\t\t\n\t\t\t\n\n<h1 style=\"text-align: center;\">Us\u0142ugi i korzy\u015bci Relais Saint Charles Paris<\/h1>\n<p class=\"p1\">H\u00f4tel Relais Saint-Charles**** oferuje szerok\u0105 gam\u0119 spersonalizowanych us\u0142ug i udogodnie\u0144, kt\u00f3re sprawi\u0105, \u017ce\u00a0Tw\u00f3j pobyt w Pary\u017cu stanie si\u0119 wyj\u0105tkowym prze\u017cyciem.<\/p>\n<p class=\"p1\">Nasz wykwalifikowany, wieloj\u0119zyczny zesp\u00f3\u0142 (m\u00f3wi\u0105cy po francusku, angielsku, hiszpa\u0144sku, arabsku, rosyjsku, w\u0142osku, portugalsku i polsku) jest do Pa\u0144stwa dyspozycji 24 godziny na dob\u0119, 7 dni w tygodniu, aby pom\u00f3c Pa\u0144stwu w rezerwacji wybranych przez Pa\u0144stwa aktywno\u015bci i spe\u0142ni\u0107 wszystkie Pa\u0144stwa potrzeby.<\/p>\n\n\t\t<\/div>\n\t\t\n<style>\n#col-1351977780 > .col-inner {\n  padding: 0px 0px 0 0px;\n  margin: 0px 0px 0 0px;\n}\n<\/style>\n\t<\/div>\n\n\t\n\n\n<style>\n#row-1963454169 > .col > .col-inner {\n  padding: 30px 30px 30px 30px;\n  background-color: rgba(255, 255, 255, 0.9);\n}\n<\/style>\n<\/div>\n<div class=\"row row-collapse align-middle encart-presentation\"  id=\"row-1724458201\">\n\n\n\t<div id=\"col-648103200\" class=\"col medium-12 small-12 large-6\"  data-animate=\"fadeInLeft\">\n\t\t<div class=\"col-inner\"  >\n\t\t\t\n\t\t\t\n\n<h2>Us\u0142ugi oferowane przez hotel<\/h2>\n<p class=\"p1\">Recepcja czynna ca\u0142\u0105 dob\u0119 \u2013 Bezp\u0142atne i nieograniczone Wi-Fi \u2013 Ma\u0142y sejf \u2013 32-calowy telewizor LCD z kana\u0142ami TNT, satelitarnymi i mi\u0119dzynarodowymi \u2013 Us\u0142uga czyszczenia chemicznego \u2013 Winda \u2013 Klimatyzacja \u2013 Taca powitalna<\/p>\n<p class=\"p1\">Przechowalnia baga\u017cu: zostaw walizki i inne baga\u017ce bezp\u0142atnie w dniu przyjazdu lub wyjazdu i ciesz si\u0119 swobodnie dniem w Pary\u017cu.<\/p>\n<p class=\"p1\">Us\u0142ugi concierge: rezerwacja taks\u00f3wek, transfery na dworce kolejowe i lotniska, zorganizowane wycieczki, wycieczki z przewodnikiem po Pary\u017cu itp.<\/p>\n\n\t\t<\/div>\n\t\t\n<style>\n#col-648103200 > .col-inner {\n  padding: 10px 20px 10px 20px;\n}\n<\/style>\n\t<\/div>\n\n\t\n\n\t<div id=\"col-910710412\" class=\"col medium-12 small-12 large-6 medium-col-first\"  data-animate=\"fadeInRight\">\n\t\t<div class=\"col-inner\"  >\n\t\t\t\n\t\t\t\n\n<div class=\"slider-wrapper relative\" id=\"slider-1627721327\" >\n    <div class=\"slider slider-nav-circle slider-nav-large slider-nav-light slider-style-normal\"\n        data-flickity-options='{\n            \"cellAlign\": \"center\",\n            \"imagesLoaded\": true,\n            \"lazyLoad\": 1,\n            \"freeScroll\": false,\n            \"wrapAround\": true,\n            \"autoPlay\": 6000,\n            \"pauseAutoPlayOnHover\" : true,\n            \"prevNextButtons\": true,\n            \"contain\" : true,\n            \"adaptiveHeight\" : true,\n            \"dragThreshold\" : 10,\n            \"percentPosition\": true,\n            \"pageDots\": true,\n            \"rightToLeft\": false,\n            \"draggable\": true,\n            \"selectedAttraction\": 0.1,\n            \"parallax\" : 0,\n            \"friction\": 0.6        }'\n        >\n        \n\n\t<div class=\"img has-hover x md-x lg-x y md-y lg-y\" id=\"image_127430813\">\n\t\t\t\t\t\t\t\t<div class=\"img-inner dark\" >\n\t\t\t<img decoding=\"async\" width=\"1020\" height=\"680\" src=\"https:\/\/www.relaisstcharles.fr\/wp-content\/uploads\/2021\/03\/le-relais-saint-charles-paris-reception-9-1024x683.jpg\" class=\"attachment-large size-large\" alt=\"Le Relais Saint Charles Paris 15\" srcset=\"https:\/\/www.relaisstcharles.fr\/wp-content\/uploads\/2021\/03\/le-relais-saint-charles-paris-reception-9-1024x683.jpg 1024w, https:\/\/www.relaisstcharles.fr\/wp-content\/uploads\/2021\/03\/le-relais-saint-charles-paris-reception-9-300x200.jpg 300w, https:\/\/www.relaisstcharles.fr\/wp-content\/uploads\/2021\/03\/le-relais-saint-charles-paris-reception-9-768x512.jpg 768w, https:\/\/www.relaisstcharles.fr\/wp-content\/uploads\/2021\/03\/le-relais-saint-charles-paris-reception-9.jpg 1500w\" sizes=\"(max-width: 1020px) 100vw, 1020px\" \/>\t\t\t\t\t\t\n\t\t\t\t\t<\/div>\n\t\t\t\t\t\t\t\t\n<style>\n#image_127430813 {\n  width: 100%;\n}\n<\/style>\n\t<\/div>\n\t\n\n\t<div class=\"img has-hover x md-x lg-x y md-y lg-y\" id=\"image_1859698439\">\n\t\t\t\t\t\t\t\t<div class=\"img-inner dark\" >\n\t\t\t<img decoding=\"async\" width=\"1020\" height=\"680\" src=\"https:\/\/www.relaisstcharles.fr\/wp-content\/uploads\/2021\/07\/le-relais-saint-charles-paris-lit-bebe-1024x683.jpg\" class=\"attachment-large size-large\" alt=\"Le Relais Saint Charles Paris 15\" srcset=\"https:\/\/www.relaisstcharles.fr\/wp-content\/uploads\/2021\/07\/le-relais-saint-charles-paris-lit-bebe-1024x683.jpg 1024w, https:\/\/www.relaisstcharles.fr\/wp-content\/uploads\/2021\/07\/le-relais-saint-charles-paris-lit-bebe-300x200.jpg 300w, https:\/\/www.relaisstcharles.fr\/wp-content\/uploads\/2021\/07\/le-relais-saint-charles-paris-lit-bebe-768x512.jpg 768w, https:\/\/www.relaisstcharles.fr\/wp-content\/uploads\/2021\/07\/le-relais-saint-charles-paris-lit-bebe.jpg 1500w\" sizes=\"(max-width: 1020px) 100vw, 1020px\" \/>\t\t\t\t\t\t\n\t\t\t\t\t<\/div>\n\t\t\t\t\t\t\t\t\n<style>\n#image_1859698439 {\n  width: 100%;\n}\n<\/style>\n\t<\/div>\n\t\n\n\n     <\/div>\n\n     <div class=\"loading-spin dark large centered\"><\/div>\n\n     <\/div>\n\n\n\n\t\t<\/div>\n\t\t\t<\/div>\n\n\t\n\n<\/div>\n<div class=\"row row-collapse align-middle encart-presentation\"  id=\"row-119586273\">\n\n\n\t<div id=\"col-216553831\" class=\"col medium-12 small-12 large-6\"  data-animate=\"fadeInLeft\">\n\t\t<div class=\"col-inner\"  >\n\t\t\t\n\t\t\t\n\n<div class=\"slider-wrapper relative\" id=\"slider-2076089052\" >\n    <div class=\"slider slider-nav-circle slider-nav-large slider-nav-light slider-style-normal\"\n        data-flickity-options='{\n            \"cellAlign\": \"center\",\n            \"imagesLoaded\": true,\n            \"lazyLoad\": 1,\n            \"freeScroll\": false,\n            \"wrapAround\": true,\n            \"autoPlay\": 6000,\n            \"pauseAutoPlayOnHover\" : true,\n            \"prevNextButtons\": true,\n            \"contain\" : true,\n            \"adaptiveHeight\" : true,\n            \"dragThreshold\" : 10,\n            \"percentPosition\": true,\n            \"pageDots\": true,\n            \"rightToLeft\": false,\n            \"draggable\": true,\n            \"selectedAttraction\": 0.1,\n            \"parallax\" : 0,\n            \"friction\": 0.6        }'\n        >\n        \n\n\t<div class=\"img has-hover x md-x lg-x y md-y lg-y\" id=\"image_1593517792\">\n\t\t\t\t\t\t\t\t<div class=\"img-inner dark\" >\n\t\t\t<img decoding=\"async\" width=\"1020\" height=\"680\" src=\"https:\/\/www.relaisstcharles.fr\/wp-content\/uploads\/2022\/10\/PC1-1024x683.jpg\" class=\"attachment-large size-large\" alt=\"Le Relais Saint Charles Paris 15\" srcset=\"https:\/\/www.relaisstcharles.fr\/wp-content\/uploads\/2022\/10\/PC1-1024x683.jpg 1024w, https:\/\/www.relaisstcharles.fr\/wp-content\/uploads\/2022\/10\/PC1-300x200.jpg 300w, https:\/\/www.relaisstcharles.fr\/wp-content\/uploads\/2022\/10\/PC1-768x512.jpg 768w, https:\/\/www.relaisstcharles.fr\/wp-content\/uploads\/2022\/10\/PC1.jpg 1500w\" sizes=\"(max-width: 1020px) 100vw, 1020px\" \/>\t\t\t\t\t\t\n\t\t\t\t\t<\/div>\n\t\t\t\t\t\t\t\t\n<style>\n#image_1593517792 {\n  width: 100%;\n}\n<\/style>\n\t<\/div>\n\t\n\n\t<div class=\"img has-hover x md-x lg-x y md-y lg-y\" id=\"image_930500778\">\n\t\t\t\t\t\t\t\t<div class=\"img-inner dark\" >\n\t\t\t<img decoding=\"async\" width=\"1020\" height=\"680\" src=\"https:\/\/www.relaisstcharles.fr\/wp-content\/uploads\/2022\/10\/PC3-1024x683.jpg\" class=\"attachment-large size-large\" alt=\"Le Relais Saint Charles Paris 15\" srcset=\"https:\/\/www.relaisstcharles.fr\/wp-content\/uploads\/2022\/10\/PC3-1024x683.jpg 1024w, https:\/\/www.relaisstcharles.fr\/wp-content\/uploads\/2022\/10\/PC3-300x200.jpg 300w, https:\/\/www.relaisstcharles.fr\/wp-content\/uploads\/2022\/10\/PC3-768x512.jpg 768w, https:\/\/www.relaisstcharles.fr\/wp-content\/uploads\/2022\/10\/PC3.jpg 1500w\" sizes=\"(max-width: 1020px) 100vw, 1020px\" \/>\t\t\t\t\t\t\n\t\t\t\t\t<\/div>\n\t\t\t\t\t\t\t\t\n<style>\n#image_930500778 {\n  width: 100%;\n}\n<\/style>\n\t<\/div>\n\t\n\n\t<div class=\"img has-hover x md-x lg-x y md-y lg-y\" id=\"image_303185376\">\n\t\t\t\t\t\t\t\t<div class=\"img-inner dark\" >\n\t\t\t<img decoding=\"async\" width=\"1020\" height=\"680\" src=\"https:\/\/www.relaisstcharles.fr\/wp-content\/uploads\/2022\/10\/PC2-1024x683.jpg\" class=\"attachment-large size-large\" alt=\"Le Relais Saint Charles Paris 15\" srcset=\"https:\/\/www.relaisstcharles.fr\/wp-content\/uploads\/2022\/10\/PC2-1024x683.jpg 1024w, https:\/\/www.relaisstcharles.fr\/wp-content\/uploads\/2022\/10\/PC2-300x200.jpg 300w, https:\/\/www.relaisstcharles.fr\/wp-content\/uploads\/2022\/10\/PC2-768x512.jpg 768w, https:\/\/www.relaisstcharles.fr\/wp-content\/uploads\/2022\/10\/PC2.jpg 1500w\" sizes=\"(max-width: 1020px) 100vw, 1020px\" \/>\t\t\t\t\t\t\n\t\t\t\t\t<\/div>\n\t\t\t\t\t\t\t\t\n<style>\n#image_303185376 {\n  width: 100%;\n}\n<\/style>\n\t<\/div>\n\t\n\n\n     <\/div>\n\n     <div class=\"loading-spin dark large centered\"><\/div>\n\n     <\/div>\n\n\n\n\t\t<\/div>\n\t\t\t<\/div>\n\n\t\n\n\t<div id=\"col-21385226\" class=\"col medium-12 small-12 large-6\"  data-animate=\"fadeInRight\">\n\t\t<div class=\"col-inner\"  >\n\t\t\t\n\t\t\t\n\n<h2>\u015aniadanie<\/h2>\n<p class=\"p1\">Bufet: czynny od 7:00. W ofercie w\u0119dliny, p\u0142atki zbo\u017cowe, owoce, sery, jogurty, wypieki<\/p>\n<p class=\"p1\">Cena: 14\u20ac<\/p>\n<p class=\"p1\">Do pokoju: serwowane od godz. 7:30 rano bez dodatkowych op\u0142at. Na talerzu znajd\u0105 Pa\u0144stwo wypieki, gor\u0105ce napoje, owoce i \u015bwie\u017ce produkty.<\/p>\n<p class=\"p1\">Cena: 12 \u20ac<\/p>\n\n\t\t<\/div>\n\t\t\n<style>\n#col-21385226 > .col-inner {\n  padding: 10px 20px 10px 20px;\n}\n<\/style>\n\t<\/div>\n\n\t\n\n<\/div>\n<div class=\"row\"  id=\"row-1260405391\">\n\n\n\t<div id=\"col-1910023163\" class=\"col small-12 large-12\"  >\n\t\t<div class=\"col-inner\"  >\n\t\t\t\n\t\t\t\n\n<p class=\"p1\"><b>Koszty:<\/b><\/p>\n<p class=\"p1\">W miejscu zakwaterowania nale\u017cy ui\u015bci\u0107 nast\u0119puj\u0105ce op\u0142aty. Op\u0142aty te mog\u0105 obejmowa\u0107 obowi\u0105zuj\u0105ce podatki: Podatek miejski: 8,45 EUR za osob\u0119 za noc. Podatek ten nie dotyczy dzieci poni\u017cej 18 roku \u017cycia.<\/p>\n\n\t\t<\/div>\n\t\t\t<\/div>\n\n\t\n\n<\/div>\n<div class=\"text-center\"><div class=\"is-divider divider clearfix\" style=\"margin-top:2em;margin-bottom:2em;max-width:250px;\"><\/div><\/div>\n\n<div class=\"row row-collapse row-full-width align-middle encart-presentation\"  id=\"row-1283470624\">\n\n\n\t<div id=\"col-1707700716\" class=\"col medium-12 small-12 large-12\"  data-animate=\"fadeInLeft\">\n\t\t<div class=\"col-inner\"  >\n\t\t\t\n\t\t\t\n\n<p><iframe loading=\"lazy\" src=\"https:\/\/mtm.paris\/fr\/hotelrelaissaintcharles\" scrolling=\"yes\" width=\"100%\" height=\"600PX\" style=\"min-height:600px\"><\/iframe><\/p>\n\n\t\t<\/div>\n\t\t\n<style>\n#col-1707700716 > .col-inner {\n  padding: 10px 20px 10px 20px;\n}\n<\/style>\n\t<\/div>\n\n\t\n\n<\/div>\n<div class=\"text-center\"><div class=\"is-divider divider clearfix\" style=\"margin-top:2em;margin-bottom:2em;max-width:250px;\"><\/div><\/div>\n\n\n\t\t<\/div>\n\n\t\t\n<style>\n#section_185178896 {\n  padding-top: 30px;\n  padding-bottom: 30px;\n}\n<\/style>\n\t<\/section>\n\t\n\n","protected":false},"excerpt":{"rendered":"","protected":false},"author":1,"featured_media":0,"parent":0,"menu_order":0,"comment_status":"closed","ping_status":"closed","template":"page-blank.php","meta":{"footnotes":""},"class_list":["post-824","page","type-page","status-publish","hentry"],"yoast_head":"<!-- This site is optimized with the Yoast SEO plugin v23.1 - https:\/\/yoast.com\/wordpress\/plugins\/seo\/ -->\n<title>Us\u0142ugi oferowane przez hotel Le Relais Saint Charles Paris Tour Eiffel<\/title>\n<meta name=\"description\" content=\"Odkryj us\u0142ugi i udogodnienia oferowane przez hotel Le Relais Saint Charles Paris Tour Eiffel, przechowalni\u0119 baga\u017cu, konsjer\u017c, \u015bniadanie\" \/>\n<meta name=\"robots\" content=\"index, follow, max-snippet:-1, max-image-preview:large, max-video-preview:-1\" \/>\n<link rel=\"canonical\" href=\"https:\/\/www.relaisstcharles.fr\/pl\/uslugi\/\" \/>\n<meta property=\"og:locale\" content=\"pl_PL\" \/>\n<meta property=\"og:type\" content=\"article\" \/>\n<meta property=\"og:title\" content=\"Us\u0142ugi oferowane przez hotel Le Relais Saint Charles Paris Tour Eiffel\" \/>\n<meta property=\"og:description\" content=\"Odkryj us\u0142ugi i udogodnienia oferowane przez hotel Le Relais Saint Charles Paris Tour Eiffel, przechowalni\u0119 baga\u017cu, konsjer\u017c, \u015bniadanie\" \/>\n<meta property=\"og:url\" content=\"https:\/\/www.relaisstcharles.fr\/pl\/uslugi\/\" \/>\n<meta property=\"og:site_name\" content=\"Le Relais Saint Charles\" \/>\n<meta property=\"article:modified_time\" content=\"2025-08-20T09:36:52+00:00\" \/>\n<meta name=\"twitter:card\" content=\"summary_large_image\" \/>\n<meta name=\"twitter:label1\" content=\"Szacowany czas czytania\" \/>\n\t<meta name=\"twitter:data1\" content=\"2 minuty\" \/>\n<script type=\"application\/ld+json\" class=\"yoast-schema-graph\">{\"@context\":\"https:\/\/schema.org\",\"@graph\":[{\"@type\":\"WebPage\",\"@id\":\"https:\/\/www.relaisstcharles.fr\/pl\/uslugi\/\",\"url\":\"https:\/\/www.relaisstcharles.fr\/pl\/uslugi\/\",\"name\":\"Us\u0142ugi oferowane przez hotel Le Relais Saint Charles Paris Tour Eiffel\",\"isPartOf\":{\"@id\":\"https:\/\/www.relaisstcharles.fr\/en\/#website\"},\"datePublished\":\"2021-03-25T07:47:49+00:00\",\"dateModified\":\"2025-08-20T09:36:52+00:00\",\"description\":\"Odkryj us\u0142ugi i udogodnienia oferowane przez hotel Le Relais Saint Charles Paris Tour Eiffel, przechowalni\u0119 baga\u017cu, konsjer\u017c, \u015bniadanie\",\"breadcrumb\":{\"@id\":\"https:\/\/www.relaisstcharles.fr\/pl\/uslugi\/#breadcrumb\"},\"inLanguage\":\"pl-PL\",\"potentialAction\":[{\"@type\":\"ReadAction\",\"target\":[\"https:\/\/www.relaisstcharles.fr\/pl\/uslugi\/\"]}]},{\"@type\":\"BreadcrumbList\",\"@id\":\"https:\/\/www.relaisstcharles.fr\/pl\/uslugi\/#breadcrumb\",\"itemListElement\":[{\"@type\":\"ListItem\",\"position\":1,\"name\":\"Accueil\",\"item\":\"https:\/\/www.relaisstcharles.fr\/\"},{\"@type\":\"ListItem\",\"position\":2,\"name\":\"Services\"}]},{\"@type\":\"WebSite\",\"@id\":\"https:\/\/www.relaisstcharles.fr\/en\/#website\",\"url\":\"https:\/\/www.relaisstcharles.fr\/en\/\",\"name\":\"Le Relais Saint Charles\",\"description\":\"H\u00f4tel 3 \u00e9toiles proche de la Tour Eiffel\",\"potentialAction\":[{\"@type\":\"SearchAction\",\"target\":{\"@type\":\"EntryPoint\",\"urlTemplate\":\"https:\/\/www.relaisstcharles.fr\/en\/?s={search_term_string}\"},\"query-input\":\"required name=search_term_string\"}],\"inLanguage\":\"pl-PL\"}]}<\/script>\n<!-- \/ Yoast SEO plugin. -->","yoast_head_json":{"title":"Us\u0142ugi oferowane przez hotel Le Relais Saint Charles Paris Tour Eiffel","description":"Odkryj us\u0142ugi i udogodnienia oferowane przez hotel Le Relais Saint Charles Paris Tour Eiffel, przechowalni\u0119 baga\u017cu, konsjer\u017c, \u015bniadanie","robots":{"index":"index","follow":"follow","max-snippet":"max-snippet:-1","max-image-preview":"max-image-preview:large","max-video-preview":"max-video-preview:-1"},"canonical":"https:\/\/www.relaisstcharles.fr\/pl\/uslugi\/","og_locale":"pl_PL","og_type":"article","og_title":"Us\u0142ugi oferowane przez hotel Le Relais Saint Charles Paris Tour Eiffel","og_description":"Odkryj us\u0142ugi i udogodnienia oferowane przez hotel Le Relais Saint Charles Paris Tour Eiffel, przechowalni\u0119 baga\u017cu, konsjer\u017c, \u015bniadanie","og_url":"https:\/\/www.relaisstcharles.fr\/pl\/uslugi\/","og_site_name":"Le Relais Saint Charles","article_modified_time":"2025-08-20T09:36:52+00:00","twitter_card":"summary_large_image","twitter_misc":{"Szacowany czas czytania":"2 minuty"},"schema":{"@context":"https:\/\/schema.org","@graph":[{"@type":"WebPage","@id":"https:\/\/www.relaisstcharles.fr\/pl\/uslugi\/","url":"https:\/\/www.relaisstcharles.fr\/pl\/uslugi\/","name":"Us\u0142ugi oferowane przez hotel Le Relais Saint Charles Paris Tour Eiffel","isPartOf":{"@id":"https:\/\/www.relaisstcharles.fr\/en\/#website"},"datePublished":"2021-03-25T07:47:49+00:00","dateModified":"2025-08-20T09:36:52+00:00","description":"Odkryj us\u0142ugi i udogodnienia oferowane przez hotel Le Relais Saint Charles Paris Tour Eiffel, przechowalni\u0119 baga\u017cu, konsjer\u017c, \u015bniadanie","breadcrumb":{"@id":"https:\/\/www.relaisstcharles.fr\/pl\/uslugi\/#breadcrumb"},"inLanguage":"pl-PL","potentialAction":[{"@type":"ReadAction","target":["https:\/\/www.relaisstcharles.fr\/pl\/uslugi\/"]}]},{"@type":"BreadcrumbList","@id":"https:\/\/www.relaisstcharles.fr\/pl\/uslugi\/#breadcrumb","itemListElement":[{"@type":"ListItem","position":1,"name":"Accueil","item":"https:\/\/www.relaisstcharles.fr\/"},{"@type":"ListItem","position":2,"name":"Services"}]},{"@type":"WebSite","@id":"https:\/\/www.relaisstcharles.fr\/en\/#website","url":"https:\/\/www.relaisstcharles.fr\/en\/","name":"Le Relais Saint Charles","description":"H\u00f4tel 3 \u00e9toiles proche de la Tour Eiffel","potentialAction":[{"@type":"SearchAction","target":{"@type":"EntryPoint","urlTemplate":"https:\/\/www.relaisstcharles.fr\/en\/?s={search_term_string}"},"query-input":"required name=search_term_string"}],"inLanguage":"pl-PL"}]}},"_links":{"self":[{"href":"https:\/\/www.relaisstcharles.fr\/pl\/wp-json\/wp\/v2\/pages\/824","targetHints":{"allow":["GET"]}}],"collection":[{"href":"https:\/\/www.relaisstcharles.fr\/pl\/wp-json\/wp\/v2\/pages"}],"about":[{"href":"https:\/\/www.relaisstcharles.fr\/pl\/wp-json\/wp\/v2\/types\/page"}],"author":[{"embeddable":true,"href":"https:\/\/www.relaisstcharles.fr\/pl\/wp-json\/wp\/v2\/users\/1"}],"replies":[{"embeddable":true,"href":"https:\/\/www.relaisstcharles.fr\/pl\/wp-json\/wp\/v2\/comments?post=824"}],"version-history":[{"count":5,"href":"https:\/\/www.relaisstcharles.fr\/pl\/wp-json\/wp\/v2\/pages\/824\/revisions"}],"predecessor-version":[{"id":944,"href":"https:\/\/www.relaisstcharles.fr\/pl\/wp-json\/wp\/v2\/pages\/824\/revisions\/944"}],"wp:attachment":[{"href":"https:\/\/www.relaisstcharles.fr\/pl\/wp-json\/wp\/v2\/media?parent=824"}],"curies":[{"name":"wp","href":"https:\/\/api.w.org\/{rel}","templated":true}]}}