{"id":822,"date":"2021-03-25T11:17:52","date_gmt":"2021-03-25T10:17:52","guid":{"rendered":"https:\/\/www.relaisstcharles.fr\/offres-speciales\/"},"modified":"2025-06-15T20:03:32","modified_gmt":"2025-06-15T18:03:32","slug":"oferty-specjalne","status":"publish","type":"page","link":"https:\/\/www.relaisstcharles.fr\/pl\/oferty-specjalne\/","title":{"rendered":"Offres sp\u00e9ciales"},"content":{"rendered":"\n\t<section class=\"section hide-for-small\" id=\"section_827388668\">\n\t\t<div class=\"bg section-bg fill bg-fill  \" >\n\n\t\t\t\n\t\t\t\n\t\t\t\n\n\t\t<\/div>\n\n\t\t<div class=\"section-content relative\">\n\t\t\t\n\n\n\t\t<\/div>\n\n\t\t\n<style>\n#section_827388668 {\n  padding-top: 30px;\n  padding-bottom: 30px;\n  min-height: 300px;\n}\n#section_827388668 .section-bg.bg-loaded {\n  background-image: url(https:\/\/www.relaisstcharles.fr\/wp-content\/uploads\/2022\/10\/CHAMBRE2-3.jpg);\n}\n<\/style>\n\t<\/section>\n\t\n\t<section class=\"section\" id=\"section_841295214\">\n\t\t<div class=\"bg section-bg fill bg-fill  bg-loaded\" >\n\n\t\t\t\n\t\t\t\n\t\t\t\n\n\t\t<\/div>\n\n\t\t<div class=\"section-content relative\">\n\t\t\t\n\n<div class=\"row row-collapse\"  id=\"row-1320269550\">\n\n\n\t<div id=\"col-737929345\" class=\"col small-12 large-12\"  data-animate=\"bounceInUp\">\n\t\t<div class=\"col-inner\"  >\n\t\t\t\n\t\t\t\n\n<h1 style=\"text-align: center;\"> OFERTY SPECJALNE <\/h1>\n\n\t\t<\/div>\n\t\t\n<style>\n#col-737929345 > .col-inner {\n  padding: 0px 0px 0 0px;\n  margin: 0px 0px 0 0px;\n}\n<\/style>\n\t<\/div>\n\n\t\n\n\n<style>\n#row-1320269550 > .col > .col-inner {\n  padding: 30px 30px 30px 30px;\n  background-color: rgba(255, 255, 255, 0.9);\n}\n<\/style>\n<\/div>\n<div class=\"row row-collapse align-middle encart-presentation\"  id=\"row-201777457\">\n\n\n\t<div id=\"col-2079940839\" class=\"col medium-12 small-12 large-6\"  data-animate=\"fadeInLeft\">\n\t\t<div class=\"col-inner\"  >\n\t\t\t\n\t\t\t\n\n<h2>Najlepsza cena gwarantowana<\/h2>\n<p class=\"p1\">Zalety rezerwacji poprzez nasz\u0105 oficjaln\u0105 stron\u0119 internetow\u0105:<\/p>\n<ul class=\"ul1\">\n<li class=\"li1\">Gwarancja najlepszej ceny<\/li>\n<li class=\"li1\">Dost\u0119pno\u015b\u0107 w czasie rzeczywistym<\/li>\n<li class=\"li1\">Bezpieczna p\u0142atno\u015b\u0107 online<\/li>\n<li class=\"li1\">Je\u017celi nie masz dost\u0119pno\u015bci online, nie wahaj si\u0119 skontaktowa\u0107 z nami bezpo\u015brednio +33 1 40 58 00 57<\/li>\n<\/ul>\n<div class=\"row row-collapse\"  id=\"row-1902217304\">\n\n\n\t<div id=\"col-276074746\" class=\"col small-12 large-12\"  >\n\t\t<div class=\"col-inner\"  >\n\t\t\t\n\t\t\t\n\n<a rel=\"noopener noreferrer\" href=\"https:\/\/www.secure-hotel-booking.com\/Le-Relais-Saint-Charles-E-Axess-\/JJFT\/dateselection?language=pl\" target=\"_blank\" class=\"button secondary expand\"  >\n    <span>Rezerwuj\u0119<\/span>\n  <\/a>\n\n\n\n\t\t<\/div>\n\t\t\n<style>\n#col-276074746 > .col-inner {\n  margin: 20px 0px 0px 0px;\n}\n<\/style>\n\t<\/div>\n\n\t\n\n<\/div>\n\n\t\t<\/div>\n\t\t\n<style>\n#col-2079940839 > .col-inner {\n  padding: 10px 20px 10px 20px;\n}\n<\/style>\n\t<\/div>\n\n\t\n\n\t<div id=\"col-625235985\" class=\"col medium-12 small-12 large-6 medium-col-first\"  data-animate=\"fadeInRight\">\n\t\t<div class=\"col-inner\"  >\n\t\t\t\n\t\t\t\n\n\t<div class=\"img has-hover x md-x lg-x y md-y lg-y\" id=\"image_819436434\">\n\t\t\t\t\t\t\t\t<div class=\"img-inner dark\" >\n\t\t\t<img decoding=\"async\" width=\"1020\" height=\"680\" src=\"https:\/\/www.relaisstcharles.fr\/wp-content\/uploads\/2021\/03\/le-relais-saint-charles-paris-reception-3-1024x683.jpg\" class=\"attachment-large size-large\" alt=\"Le Relais Saint Charles Paris 15\" srcset=\"https:\/\/www.relaisstcharles.fr\/wp-content\/uploads\/2021\/03\/le-relais-saint-charles-paris-reception-3-1024x683.jpg 1024w, https:\/\/www.relaisstcharles.fr\/wp-content\/uploads\/2021\/03\/le-relais-saint-charles-paris-reception-3-300x200.jpg 300w, https:\/\/www.relaisstcharles.fr\/wp-content\/uploads\/2021\/03\/le-relais-saint-charles-paris-reception-3-768x512.jpg 768w, https:\/\/www.relaisstcharles.fr\/wp-content\/uploads\/2021\/03\/le-relais-saint-charles-paris-reception-3.jpg 1500w\" sizes=\"(max-width: 1020px) 100vw, 1020px\" \/>\t\t\t\t\t\t\n\t\t\t\t\t<\/div>\n\t\t\t\t\t\t\t\t\n<style>\n#image_819436434 {\n  width: 100%;\n}\n<\/style>\n\t<\/div>\n\t\n\n\n\t\t<\/div>\n\t\t\t<\/div>\n\n\t\n\n<\/div>\n<div class=\"row row-collapse align-middle encart-presentation\"  id=\"row-1945327898\">\n\n\n\t<div id=\"col-573458797\" class=\"col medium-12 small-12 large-6\"  data-animate=\"fadeInLeft\">\n\t\t<div class=\"col-inner\"  >\n\t\t\t\n\t\t\t\n\n\t<div class=\"img has-hover x md-x lg-x y md-y lg-y\" id=\"image_1825271865\">\n\t\t\t\t\t\t\t\t<div class=\"img-inner dark\" >\n\t\t\t<img decoding=\"async\" width=\"1020\" height=\"679\" src=\"https:\/\/www.relaisstcharles.fr\/wp-content\/uploads\/2022\/10\/DIPTYQUE3-1024x682.jpg\" class=\"attachment-large size-large\" alt=\"Le Relais Saint Charles Paris 15\" srcset=\"https:\/\/www.relaisstcharles.fr\/wp-content\/uploads\/2022\/10\/DIPTYQUE3-1024x682.jpg 1024w, https:\/\/www.relaisstcharles.fr\/wp-content\/uploads\/2022\/10\/DIPTYQUE3-300x200.jpg 300w, https:\/\/www.relaisstcharles.fr\/wp-content\/uploads\/2022\/10\/DIPTYQUE3-768x511.jpg 768w, https:\/\/www.relaisstcharles.fr\/wp-content\/uploads\/2022\/10\/DIPTYQUE3.jpg 1500w\" sizes=\"(max-width: 1020px) 100vw, 1020px\" \/>\t\t\t\t\t\t\n\t\t\t\t\t<\/div>\n\t\t\t\t\t\t\t\t\n<style>\n#image_1825271865 {\n  width: 100%;\n}\n<\/style>\n\t<\/div>\n\t\n\n\n\t\t<\/div>\n\t\t\t<\/div>\n\n\t\n\n\t<div id=\"col-1163918933\" class=\"col medium-12 small-12 large-6\"  data-animate=\"fadeInRight\">\n\t\t<div class=\"col-inner\"  >\n\t\t\t\n\t\t\t\n\n<h2>Oferta noclegu ze \u015bniadaniem<\/h2>\n<p class=\"p1\">Wybierz t\u0119 ofert\u0119 podczas dokonywania rezerwacji i ciesz si\u0119 \u015bniadaniem wliczonym w cen\u0119.<\/p>\n<p class=\"p1\">Bezp\u0142atne anulowanie do 48 godzin przed przyjazdem. Kaucja w wysoko\u015bci 150 euro na wypadek uszkodzenia lokalu.<\/p>\n<div class=\"row row-collapse\"  id=\"row-1358476616\">\n\n\n\t<div id=\"col-452259749\" class=\"col small-12 large-12\"  >\n\t\t<div class=\"col-inner\"  >\n\t\t\t\n\t\t\t\n\n<a rel=\"noopener noreferrer\" href=\"https:\/\/www.secure-hotel-booking.com\/Le-Relais-Saint-Charles-E-Axess-\/JJFT\/dateselection?language=fr\" target=\"_blank\" class=\"button secondary expand\"  >\n    <span>Rezerwuj\u0119<\/span>\n  <\/a>\n\n\n\n\t\t<\/div>\n\t\t\n<style>\n#col-452259749 > .col-inner {\n  margin: 20px 0px 0px 0px;\n}\n<\/style>\n\t<\/div>\n\n\t\n\n<\/div>\n\n\t\t<\/div>\n\t\t\n<style>\n#col-1163918933 > .col-inner {\n  padding: 10px 20px 10px 20px;\n}\n<\/style>\n\t<\/div>\n\n\t\n\n<\/div>\n\n<div class=\"row row-collapse align-middle encart-presentation\"  id=\"row-1416399710\">\n\n\n\t<div id=\"col-1120786487\" class=\"col medium-12 small-12 large-6\"  data-animate=\"fadeInRight\">\n\t\t<div class=\"col-inner\"  >\n\t\t\t\n\t\t\t\n\n<h2>Romantyczna niespodzianka (40 euro)<\/h2>\n<ul>\n<li class=\"li1\">Ciesz si\u0119 romantyczn\u0105 atmosfer\u0105 podczas swojego pobytu.<\/li>\n<li class=\"li1\">Po przyje\u017adzie na \u0142\u00f3\u017cku b\u0119d\u0105 czeka\u0142y na Ciebie czekoladki i p\u0142atki r\u00f3\u017c.<\/li>\n<li class=\"li1\">P\u00f3\u017ane wymeldowanie o godzinie 13:00 aby przed\u0142u\u017cy\u0107 romantyczny czas spedzony razem\u2026.<\/li>\n<\/ul>\n<div class=\"row row-collapse\"  id=\"row-206346640\">\n\n\n\t<div id=\"col-996524010\" class=\"col small-12 large-12\"  >\n\t\t<div class=\"col-inner\"  >\n\t\t\t\n\t\t\t\n\n<a rel=\"noopener noreferrer\" href=\"https:\/\/www.secure-hotel-booking.com\/Le-Relais-Saint-Charles-E-Axess-\/JJFT\/dateselection?language=pl\" target=\"_blank\" class=\"button secondary expand\"  >\n    <span>Rezerwuj\u0119<\/span>\n  <\/a>\n\n\n\n\t\t<\/div>\n\t\t\n<style>\n#col-996524010 > .col-inner {\n  margin: 20px 0px 0px 0px;\n}\n<\/style>\n\t<\/div>\n\n\t\n\n<\/div>\n\n\t\t<\/div>\n\t\t\n<style>\n#col-1120786487 > .col-inner {\n  padding: 10px 20px 10px 20px;\n}\n<\/style>\n\t<\/div>\n\n\t\n\n\t<div id=\"col-1681580274\" class=\"col medium-12 small-12 large-6 medium-col-first\"  data-animate=\"fadeInLeft\">\n\t\t<div class=\"col-inner text-center\"  >\n\t\t\t\n\t\t\t\n\n\t<div class=\"img has-hover x md-x lg-x y md-y lg-y\" id=\"image_1280517062\">\n\t\t\t\t\t\t\t\t<div class=\"img-inner dark\" >\n\t\t\t<img decoding=\"async\" width=\"1500\" height=\"1000\" src=\"https:\/\/www.relaisstcharles.fr\/wp-content\/uploads\/2022\/10\/CHAMBRE2-2.jpg\" class=\"attachment-original size-original\" alt=\"Le Relais Saint Charles Paris 15\" srcset=\"https:\/\/www.relaisstcharles.fr\/wp-content\/uploads\/2022\/10\/CHAMBRE2-2.jpg 1500w, https:\/\/www.relaisstcharles.fr\/wp-content\/uploads\/2022\/10\/CHAMBRE2-2-300x200.jpg 300w, https:\/\/www.relaisstcharles.fr\/wp-content\/uploads\/2022\/10\/CHAMBRE2-2-1024x683.jpg 1024w, https:\/\/www.relaisstcharles.fr\/wp-content\/uploads\/2022\/10\/CHAMBRE2-2-768x512.jpg 768w\" sizes=\"(max-width: 1500px) 100vw, 1500px\" \/>\t\t\t\t\t\t\n\t\t\t\t\t<\/div>\n\t\t\t\t\t\t\t\t\n<style>\n#image_1280517062 {\n  width: 50%;\n}\n@media (min-width:550px) {\n  #image_1280517062 {\n    width: 30%;\n  }\n}\n@media (min-width:850px) {\n  #image_1280517062 {\n    width: 100%;\n  }\n}\n<\/style>\n\t<\/div>\n\t\n\n\n\t\t<\/div>\n\t\t\t<\/div>\n\n\t\n\n<\/div>\n<div class=\"text-center\"><div class=\"is-divider divider clearfix\" style=\"margin-top:2em;margin-bottom:2em;max-width:250px;\"><\/div><\/div>\n\n\n\t\t<\/div>\n\n\t\t\n<style>\n#section_841295214 {\n  padding-top: 30px;\n  padding-bottom: 30px;\n}\n<\/style>\n\t<\/section>\n\t\n\n","protected":false},"excerpt":{"rendered":"","protected":false},"author":1,"featured_media":0,"parent":0,"menu_order":0,"comment_status":"closed","ping_status":"closed","template":"page-blank.php","meta":{"footnotes":""},"class_list":["post-822","page","type-page","status-publish","hentry"],"yoast_head":"<!-- This site is optimized with the Yoast SEO plugin v23.1 - https:\/\/yoast.com\/wordpress\/plugins\/seo\/ -->\n<title>Oferty specjalne w hotelu*** Le Relais St Charles Paris Tour Eiffel<\/title>\n<meta name=\"description\" content=\"Odkryj specjalne oferty w hotelu*** Le Relais St Charles Paris Tour Eiffel, najlepsza cena gwarantowana na oficjalnej stronie internetowej.\" \/>\n<meta name=\"robots\" content=\"index, follow, max-snippet:-1, max-image-preview:large, max-video-preview:-1\" \/>\n<link rel=\"canonical\" href=\"https:\/\/www.relaisstcharles.fr\/pl\/oferty-specjalne\/\" \/>\n<meta property=\"og:locale\" content=\"pl_PL\" \/>\n<meta property=\"og:type\" content=\"article\" \/>\n<meta property=\"og:title\" content=\"Oferty specjalne w hotelu*** Le Relais St Charles Paris Tour Eiffel\" \/>\n<meta property=\"og:description\" content=\"Odkryj specjalne oferty w hotelu*** Le Relais St Charles Paris Tour Eiffel, najlepsza cena gwarantowana na oficjalnej stronie internetowej.\" \/>\n<meta property=\"og:url\" content=\"https:\/\/www.relaisstcharles.fr\/pl\/oferty-specjalne\/\" \/>\n<meta property=\"og:site_name\" content=\"Le Relais Saint Charles\" \/>\n<meta property=\"article:modified_time\" content=\"2025-06-15T18:03:32+00:00\" \/>\n<meta name=\"twitter:card\" content=\"summary_large_image\" \/>\n<meta name=\"twitter:label1\" content=\"Szacowany czas czytania\" \/>\n\t<meta name=\"twitter:data1\" content=\"2 minuty\" \/>\n<script type=\"application\/ld+json\" class=\"yoast-schema-graph\">{\"@context\":\"https:\/\/schema.org\",\"@graph\":[{\"@type\":\"WebPage\",\"@id\":\"https:\/\/www.relaisstcharles.fr\/pl\/oferty-specjalne\/\",\"url\":\"https:\/\/www.relaisstcharles.fr\/pl\/oferty-specjalne\/\",\"name\":\"Oferty specjalne w hotelu*** Le Relais St Charles Paris Tour Eiffel\",\"isPartOf\":{\"@id\":\"https:\/\/www.relaisstcharles.fr\/en\/#website\"},\"datePublished\":\"2021-03-25T10:17:52+00:00\",\"dateModified\":\"2025-06-15T18:03:32+00:00\",\"description\":\"Odkryj specjalne oferty w hotelu*** Le Relais St Charles Paris Tour Eiffel, najlepsza cena gwarantowana na oficjalnej stronie internetowej.\",\"breadcrumb\":{\"@id\":\"https:\/\/www.relaisstcharles.fr\/pl\/oferty-specjalne\/#breadcrumb\"},\"inLanguage\":\"pl-PL\",\"potentialAction\":[{\"@type\":\"ReadAction\",\"target\":[\"https:\/\/www.relaisstcharles.fr\/pl\/oferty-specjalne\/\"]}]},{\"@type\":\"BreadcrumbList\",\"@id\":\"https:\/\/www.relaisstcharles.fr\/pl\/oferty-specjalne\/#breadcrumb\",\"itemListElement\":[{\"@type\":\"ListItem\",\"position\":1,\"name\":\"Accueil\",\"item\":\"https:\/\/www.relaisstcharles.fr\/\"},{\"@type\":\"ListItem\",\"position\":2,\"name\":\"Offres sp\u00e9ciales\"}]},{\"@type\":\"WebSite\",\"@id\":\"https:\/\/www.relaisstcharles.fr\/en\/#website\",\"url\":\"https:\/\/www.relaisstcharles.fr\/en\/\",\"name\":\"Le Relais Saint Charles\",\"description\":\"H\u00f4tel 3 \u00e9toiles proche de la Tour Eiffel\",\"potentialAction\":[{\"@type\":\"SearchAction\",\"target\":{\"@type\":\"EntryPoint\",\"urlTemplate\":\"https:\/\/www.relaisstcharles.fr\/en\/?s={search_term_string}\"},\"query-input\":\"required name=search_term_string\"}],\"inLanguage\":\"pl-PL\"}]}<\/script>\n<!-- \/ Yoast SEO plugin. -->","yoast_head_json":{"title":"Oferty specjalne w hotelu*** Le Relais St Charles Paris Tour Eiffel","description":"Odkryj specjalne oferty w hotelu*** Le Relais St Charles Paris Tour Eiffel, najlepsza cena gwarantowana na oficjalnej stronie internetowej.","robots":{"index":"index","follow":"follow","max-snippet":"max-snippet:-1","max-image-preview":"max-image-preview:large","max-video-preview":"max-video-preview:-1"},"canonical":"https:\/\/www.relaisstcharles.fr\/pl\/oferty-specjalne\/","og_locale":"pl_PL","og_type":"article","og_title":"Oferty specjalne w hotelu*** Le Relais St Charles Paris Tour Eiffel","og_description":"Odkryj specjalne oferty w hotelu*** Le Relais St Charles Paris Tour Eiffel, najlepsza cena gwarantowana na oficjalnej stronie internetowej.","og_url":"https:\/\/www.relaisstcharles.fr\/pl\/oferty-specjalne\/","og_site_name":"Le Relais Saint Charles","article_modified_time":"2025-06-15T18:03:32+00:00","twitter_card":"summary_large_image","twitter_misc":{"Szacowany czas czytania":"2 minuty"},"schema":{"@context":"https:\/\/schema.org","@graph":[{"@type":"WebPage","@id":"https:\/\/www.relaisstcharles.fr\/pl\/oferty-specjalne\/","url":"https:\/\/www.relaisstcharles.fr\/pl\/oferty-specjalne\/","name":"Oferty specjalne w hotelu*** Le Relais St Charles Paris Tour Eiffel","isPartOf":{"@id":"https:\/\/www.relaisstcharles.fr\/en\/#website"},"datePublished":"2021-03-25T10:17:52+00:00","dateModified":"2025-06-15T18:03:32+00:00","description":"Odkryj specjalne oferty w hotelu*** Le Relais St Charles Paris Tour Eiffel, najlepsza cena gwarantowana na oficjalnej stronie internetowej.","breadcrumb":{"@id":"https:\/\/www.relaisstcharles.fr\/pl\/oferty-specjalne\/#breadcrumb"},"inLanguage":"pl-PL","potentialAction":[{"@type":"ReadAction","target":["https:\/\/www.relaisstcharles.fr\/pl\/oferty-specjalne\/"]}]},{"@type":"BreadcrumbList","@id":"https:\/\/www.relaisstcharles.fr\/pl\/oferty-specjalne\/#breadcrumb","itemListElement":[{"@type":"ListItem","position":1,"name":"Accueil","item":"https:\/\/www.relaisstcharles.fr\/"},{"@type":"ListItem","position":2,"name":"Offres sp\u00e9ciales"}]},{"@type":"WebSite","@id":"https:\/\/www.relaisstcharles.fr\/en\/#website","url":"https:\/\/www.relaisstcharles.fr\/en\/","name":"Le Relais Saint Charles","description":"H\u00f4tel 3 \u00e9toiles proche de la Tour Eiffel","potentialAction":[{"@type":"SearchAction","target":{"@type":"EntryPoint","urlTemplate":"https:\/\/www.relaisstcharles.fr\/en\/?s={search_term_string}"},"query-input":"required name=search_term_string"}],"inLanguage":"pl-PL"}]}},"_links":{"self":[{"href":"https:\/\/www.relaisstcharles.fr\/pl\/wp-json\/wp\/v2\/pages\/822","targetHints":{"allow":["GET"]}}],"collection":[{"href":"https:\/\/www.relaisstcharles.fr\/pl\/wp-json\/wp\/v2\/pages"}],"about":[{"href":"https:\/\/www.relaisstcharles.fr\/pl\/wp-json\/wp\/v2\/types\/page"}],"author":[{"embeddable":true,"href":"https:\/\/www.relaisstcharles.fr\/pl\/wp-json\/wp\/v2\/users\/1"}],"replies":[{"embeddable":true,"href":"https:\/\/www.relaisstcharles.fr\/pl\/wp-json\/wp\/v2\/comments?post=822"}],"version-history":[{"count":2,"href":"https:\/\/www.relaisstcharles.fr\/pl\/wp-json\/wp\/v2\/pages\/822\/revisions"}],"predecessor-version":[{"id":872,"href":"https:\/\/www.relaisstcharles.fr\/pl\/wp-json\/wp\/v2\/pages\/822\/revisions\/872"}],"wp:attachment":[{"href":"https:\/\/www.relaisstcharles.fr\/pl\/wp-json\/wp\/v2\/media?parent=822"}],"curies":[{"name":"wp","href":"https:\/\/api.w.org\/{rel}","templated":true}]}}