{"id":814,"date":"2021-03-24T14:12:09","date_gmt":"2021-03-24T13:12:09","guid":{"rendered":"https:\/\/www.relaisstcharles.fr\/chambres\/"},"modified":"2025-08-20T11:36:17","modified_gmt":"2025-08-20T09:36:17","slug":"pokoje","status":"publish","type":"page","link":"https:\/\/www.relaisstcharles.fr\/pl\/pokoje\/","title":{"rendered":"Chambres"},"content":{"rendered":"\n\t<section class=\"section hide-for-small\" id=\"section_690626371\">\n\t\t<div class=\"bg section-bg fill bg-fill  \" >\n\n\t\t\t\n\t\t\t\n\t\t\t\n\n\t\t<\/div>\n\n\t\t<div class=\"section-content relative\">\n\t\t\t\n\n\n\t\t<\/div>\n\n\t\t\n<style>\n#section_690626371 {\n  padding-top: 30px;\n  padding-bottom: 30px;\n  min-height: 300px;\n}\n#section_690626371 .section-bg.bg-loaded {\n  background-image: url(https:\/\/www.relaisstcharles.fr\/wp-content\/uploads\/2021\/03\/le-relais-saint-charles-paris-chambre-orange-vue-tour-eiffel.jpg);\n}\n<\/style>\n\t<\/section>\n\t\n\t<section class=\"section\" id=\"section_1238242161\">\n\t\t<div class=\"bg section-bg fill bg-fill  bg-loaded\" >\n\n\t\t\t\n\t\t\t\n\t\t\t\n\n\t\t<\/div>\n\n\t\t<div class=\"section-content relative\">\n\t\t\t\n\n<div class=\"row row-collapse\"  id=\"row-1059629783\">\n\n\n\t<div id=\"col-1454979228\" class=\"col small-12 large-12\"  data-animate=\"bounceInUp\">\n\t\t<div class=\"col-inner\"  >\n\t\t\t\n\t\t\t\n\n<h1 style=\"text-align: center;\">Pokoje w hotelu Relais Saint Charles Paris<\/h1>\n<p class=\"p1\">W 4-gwiazdkowym hotelu Relais Saint-Charles, po\u0142o\u017conym 10 minut spacerem od Wie\u017cy Eiffla i P\u00f3l Marsowych, znajduje si\u0119 38 klimatyzowanych pokoi, kt\u00f3re zapraszaj\u0105 na odpoczynek i relaks w samym sercu Pary\u017ca.<\/p>\n<p class=\"p1\">Przytulne i komfortowe pokoje Classic Rooms od strony ulicy witaj\u0105 Pa\u0144stwa nowoczesnym duchem i koj\u0105c\u0105 atmosfer\u0105. Dysponujemy r\u00f3wnie\u017c pokojami z widokiem na dziedziniec, kt\u00f3re zapewniaj\u0105 maksymalny spok\u00f3j i\u00a0cisz\u0119. Pokoje z widokiem na Wie\u017c\u0119 Eiffla s\u0105 jeszcze ja\u015bniejsze i oferuj\u0105 pi\u0119kny widok na Wie\u017c\u0119 Eiffla.<\/p>\n<p class=\"p1\">Hotel Relais Saint Charles dysponuje r\u00f3wnie\u017c pokojami specjalnie dostosowanymi do potrzeb go\u015bci o ograniczonej sprawno\u015bci ruchowej, dla osob niepelnosprawnych.<\/p>\n<p class=\"p1\">Po przebudzeniu hotel Relais Saint Charles oferuje tak\u017ce \u015bniadanie przygotowane w pokoju.<\/p>\n<p class=\"p1\">Mi\u0142a i przyjazna atmosfera w hotelu gwarantuje niezapomniany pobyt w Pary\u017cu!<\/p>\n\n\t\t<\/div>\n\t\t\n<style>\n#col-1454979228 > .col-inner {\n  padding: 0px 0px 0 0px;\n  margin: 0px 0px 0 0px;\n}\n<\/style>\n\t<\/div>\n\n\t\n\n\n<style>\n#row-1059629783 > .col > .col-inner {\n  padding: 30px 30px 30px 30px;\n  background-color: rgba(255, 255, 255, 0.9);\n}\n<\/style>\n<\/div>\n<div class=\"row row-collapse align-middle encart-presentation\"  id=\"row-1810971939\">\n\n\n\t<div id=\"col-361691226\" class=\"col medium-12 small-12 large-6\"  data-animate=\"fadeInLeft\">\n\t\t<div class=\"col-inner\"  >\n\t\t\t\n\t\t\t\n\n<h2> Klasyczny pok\u00f3jod strony ulicy <\/h2>\n<p>Te klasyczne pokoje dwuosobowe i pokoje typu twin z widokiem na ulic\u0119 maj\u0105 idealn\u0105 lokalizacj\u0119 w samym sercu Pary\u017ca i oferuj\u0105 wszystkie udogodnienia, kt\u00f3rych mo\u017cna oczekiwa\u0107 od hotelu o typowo paryskim uroku.<\/p>\n<div class=\"row row-collapse\"  id=\"row-418793511\">\n\n\n\t<div id=\"col-632127405\" class=\"col medium-6 small-12 large-6\"  >\n\t\t<div class=\"col-inner\"  >\n\t\t\t\n\t\t\t\n\n<a href=\"http:\/\/www.relaisstcharles.fr\/pl\/chambre-classique-sur-rue\/\" target=\"_self\" class=\"button primary is-underline expand\"  >\n    <span>dowiedz si\u0119 wi\u0119cej<\/span>\n  <\/a>\n\n\n\n\t\t<\/div>\n\t\t\n<style>\n#col-632127405 > .col-inner {\n  margin: 20px 0px 0px 0px;\n}\n<\/style>\n\t<\/div>\n\n\t\n\n\t<div id=\"col-1248078127\" class=\"col medium-6 small-12 large-6\"  >\n\t\t<div class=\"col-inner\"  >\n\t\t\t\n\t\t\t\n\n<a rel=\"noopener noreferrer\" href=\"https:\/\/www.secure-hotel-booking.com\/Le-Relais-Saint-Charles-E-Axess-\/JJFT\/dateselection?language=pl\" target=\"_blank\" class=\"button secondary expand\"  >\n    <span>Rezerwuj\u0119<\/span>\n  <\/a>\n\n\n\n\t\t<\/div>\n\t\t\n<style>\n#col-1248078127 > .col-inner {\n  margin: 20px 0px 0px 0px;\n}\n<\/style>\n\t<\/div>\n\n\t\n\n<\/div>\n\n\t\t<\/div>\n\t\t\n<style>\n#col-361691226 > .col-inner {\n  padding: 10px 20px 10px 20px;\n}\n<\/style>\n\t<\/div>\n\n\t\n\n\t<div id=\"col-1427456105\" class=\"col medium-12 small-12 large-6 medium-col-first\"  data-animate=\"fadeInRight\">\n\t\t<div class=\"col-inner\"  >\n\t\t\t\n\t\t\t\n\n\t<div class=\"img has-hover x md-x lg-x y md-y lg-y\" id=\"image_1474593143\">\n\t\t\t\t\t\t\t\t<div class=\"img-inner dark\" >\n\t\t\t<img decoding=\"async\" width=\"300\" height=\"200\" src=\"https:\/\/www.relaisstcharles.fr\/wp-content\/uploads\/2021\/03\/le-relais-saint-charles-paris-chambre-double-300x200.jpg\" class=\"attachment-medium size-medium\" alt=\"Le Relais Saint Charles Paris 15\" srcset=\"https:\/\/www.relaisstcharles.fr\/wp-content\/uploads\/2021\/03\/le-relais-saint-charles-paris-chambre-double-300x200.jpg 300w, https:\/\/www.relaisstcharles.fr\/wp-content\/uploads\/2021\/03\/le-relais-saint-charles-paris-chambre-double-1024x683.jpg 1024w, https:\/\/www.relaisstcharles.fr\/wp-content\/uploads\/2021\/03\/le-relais-saint-charles-paris-chambre-double-768x512.jpg 768w, https:\/\/www.relaisstcharles.fr\/wp-content\/uploads\/2021\/03\/le-relais-saint-charles-paris-chambre-double.jpg 1500w\" sizes=\"(max-width: 300px) 100vw, 300px\" \/>\t\t\t\t\t\t\n\t\t\t\t\t<\/div>\n\t\t\t\t\t\t\t\t\n<style>\n#image_1474593143 {\n  width: 100%;\n}\n<\/style>\n\t<\/div>\n\t\n\n\n\t\t<\/div>\n\t\t\t<\/div>\n\n\t\n\n<\/div>\n<div class=\"row row-collapse align-middle encart-presentation\"  id=\"row-385672952\">\n\n\n\t<div id=\"col-1630369155\" class=\"col medium-12 small-12 large-6\"  data-animate=\"fadeInLeft\">\n\t\t<div class=\"col-inner\"  >\n\t\t\t\n\t\t\t\n\n\t<div class=\"img has-hover x md-x lg-x y md-y lg-y\" id=\"image_708199449\">\n\t\t\t\t\t\t\t\t<div class=\"img-inner dark\" >\n\t\t\t<img decoding=\"async\" width=\"300\" height=\"200\" src=\"https:\/\/www.relaisstcharles.fr\/wp-content\/uploads\/2021\/03\/le-relais-saint-charles-paris-chambre-simple-300x200.jpg\" class=\"attachment-medium size-medium\" alt=\"Le Relais Saint Charles Paris 15\" srcset=\"https:\/\/www.relaisstcharles.fr\/wp-content\/uploads\/2021\/03\/le-relais-saint-charles-paris-chambre-simple-300x200.jpg 300w, https:\/\/www.relaisstcharles.fr\/wp-content\/uploads\/2021\/03\/le-relais-saint-charles-paris-chambre-simple-1024x683.jpg 1024w, https:\/\/www.relaisstcharles.fr\/wp-content\/uploads\/2021\/03\/le-relais-saint-charles-paris-chambre-simple-768x512.jpg 768w, https:\/\/www.relaisstcharles.fr\/wp-content\/uploads\/2021\/03\/le-relais-saint-charles-paris-chambre-simple.jpg 1500w\" sizes=\"(max-width: 300px) 100vw, 300px\" \/>\t\t\t\t\t\t\n\t\t\t\t\t<\/div>\n\t\t\t\t\t\t\t\t\n<style>\n#image_708199449 {\n  width: 100%;\n}\n<\/style>\n\t<\/div>\n\t\n\n\n\t\t<\/div>\n\t\t\t<\/div>\n\n\t\n\n\t<div id=\"col-714759376\" class=\"col medium-12 small-12 large-6\"  data-animate=\"fadeInRight\">\n\t\t<div class=\"col-inner\"  >\n\t\t\t\n\t\t\t\n\n<h2> Klasyczny od strony podworza<\/h2>\n<p>Te klasyczne pokoje dwuosobowe o powierzchni 11 m2 z widokiem na dziedziniec, po\u0142o\u017cone w idealnym miejscu w samym sercu Pary\u017ca, oferuj\u0105 wszystkie udogodnienia, jakich mo\u017cna oczekiwa\u0107 od hotelu o typowo paryskim uroku. W tych pokojach jest cicho, bez ha\u0142asu, co jest rzadko\u015bci\u0105 w Pary\u017cu.<\/p>\n<div class=\"row row-collapse\"  id=\"row-647532750\">\n\n\n\t<div id=\"col-1690203023\" class=\"col medium-6 small-12 large-6\"  >\n\t\t<div class=\"col-inner\"  >\n\t\t\t\n\t\t\t\n\n<a href=\"http:\/\/www.relaisstcharles.fr\/pl\/chambre-classique-sur-cour\/\" target=\"_self\" class=\"button primary is-underline expand\"  >\n    <span>dowiedz si\u0119 wi\u0119cej<\/span>\n  <\/a>\n\n\n\n\t\t<\/div>\n\t\t\n<style>\n#col-1690203023 > .col-inner {\n  margin: 20px 0px 0px 0px;\n}\n<\/style>\n\t<\/div>\n\n\t\n\n\t<div id=\"col-1803435087\" class=\"col medium-6 small-12 large-6\"  >\n\t\t<div class=\"col-inner\"  >\n\t\t\t\n\t\t\t\n\n<a rel=\"noopener noreferrer\" href=\"https:\/\/www.secure-hotel-booking.com\/Le-Relais-Saint-Charles-E-Axess-\/JJFT\/dateselection?language=pl\" target=\"_blank\" class=\"button secondary expand\"  >\n    <span>Rezerwuj\u0119<\/span>\n  <\/a>\n\n\n\n\t\t<\/div>\n\t\t\n<style>\n#col-1803435087 > .col-inner {\n  margin: 20px 0px 0px 0px;\n}\n<\/style>\n\t<\/div>\n\n\t\n\n<\/div>\n\n\t\t<\/div>\n\t\t\n<style>\n#col-714759376 > .col-inner {\n  padding: 10px 20px 10px 20px;\n}\n<\/style>\n\t<\/div>\n\n\t\n\n<\/div>\n<div class=\"row row-collapse align-middle encart-presentation\"  id=\"row-1892981604\">\n\n\n\t<div id=\"col-154408574\" class=\"col medium-12 small-12 large-6\"  data-animate=\"fadeInLeft\">\n\t\t<div class=\"col-inner\"  >\n\t\t\t\n\t\t\t\n\n<h2>Pok\u00f3j Superior z widokiem na cichy dziedziniec<br \/>\n<\/h2>\n<p>Te klasyczne pokoje dwuosobowe z widokiem na ulic\u0119 maj\u0105 idealn\u0105 lokalizacj\u0119 w samym sercu Pary\u017ca i oferuj\u0105 wszystkie udogodnienia, kt\u00f3rych mo\u017cna oczekiwa\u0107 od trzygwiazdkowego hotelu o typowo paryskim uroku.<\/p>\n<div class=\"row row-collapse\"  id=\"row-1152889104\">\n\n\n\t<div id=\"col-972977048\" class=\"col medium-6 small-12 large-6\"  >\n\t\t<div class=\"col-inner\"  >\n\t\t\t\n\t\t\t\n\n<a href=\"http:\/\/www.relaisstcharles.fr\/pl\/chambre-superieure-sur-cour\/\" target=\"_self\" class=\"button primary is-underline expand\"  >\n    <span>dowiedz si\u0119 wi\u0119cej<\/span>\n  <\/a>\n\n\n\n\t\t<\/div>\n\t\t\n<style>\n#col-972977048 > .col-inner {\n  margin: 20px 0px 0px 0px;\n}\n<\/style>\n\t<\/div>\n\n\t\n\n\t<div id=\"col-437675431\" class=\"col medium-6 small-12 large-6\"  >\n\t\t<div class=\"col-inner\"  >\n\t\t\t\n\t\t\t\n\n<a rel=\"noopener noreferrer\" href=\"https:\/\/www.secure-hotel-booking.com\/Le-Relais-Saint-Charles-E-Axess-\/JJFT\/dateselection?language=pl\" target=\"_blank\" class=\"button secondary expand\"  >\n    <span>Rezerwuj\u0119<\/span>\n  <\/a>\n\n\n\n\t\t<\/div>\n\t\t\n<style>\n#col-437675431 > .col-inner {\n  margin: 20px 0px 0px 0px;\n}\n<\/style>\n\t<\/div>\n\n\t\n\n<\/div>\n\n\t\t<\/div>\n\t\t\n<style>\n#col-154408574 > .col-inner {\n  padding: 10px 20px 10px 20px;\n}\n<\/style>\n\t<\/div>\n\n\t\n\n\t<div id=\"col-33574769\" class=\"col medium-12 small-12 large-6 medium-col-first\"  data-animate=\"fadeInRight\">\n\t\t<div class=\"col-inner\"  >\n\t\t\t\n\t\t\t\n\n\t<div class=\"img has-hover x md-x lg-x y md-y lg-y\" id=\"image_1106410243\">\n\t\t\t\t\t\t\t\t<div class=\"img-inner dark\" >\n\t\t\t<img decoding=\"async\" width=\"300\" height=\"200\" src=\"https:\/\/www.relaisstcharles.fr\/wp-content\/uploads\/2021\/03\/le-relais-saint-charles-paris-chambre-rouge-3-300x200.jpg\" class=\"attachment-medium size-medium\" alt=\"Le Relais Saint Charles Paris 15\" srcset=\"https:\/\/www.relaisstcharles.fr\/wp-content\/uploads\/2021\/03\/le-relais-saint-charles-paris-chambre-rouge-3-300x200.jpg 300w, https:\/\/www.relaisstcharles.fr\/wp-content\/uploads\/2021\/03\/le-relais-saint-charles-paris-chambre-rouge-3-1024x683.jpg 1024w, https:\/\/www.relaisstcharles.fr\/wp-content\/uploads\/2021\/03\/le-relais-saint-charles-paris-chambre-rouge-3-768x512.jpg 768w, https:\/\/www.relaisstcharles.fr\/wp-content\/uploads\/2021\/03\/le-relais-saint-charles-paris-chambre-rouge-3.jpg 1500w\" sizes=\"(max-width: 300px) 100vw, 300px\" \/>\t\t\t\t\t\t\n\t\t\t\t\t<\/div>\n\t\t\t\t\t\t\t\t\n<style>\n#image_1106410243 {\n  width: 100%;\n}\n<\/style>\n\t<\/div>\n\t\n\n\n\t\t<\/div>\n\t\t\t<\/div>\n\n\t\n\n<\/div>\n<div class=\"row row-collapse align-middle encart-presentation\"  id=\"row-216277023\">\n\n\n\t<div id=\"col-923389189\" class=\"col medium-12 small-12 large-6\"  data-animate=\"fadeInLeft\">\n\t\t<div class=\"col-inner\"  >\n\t\t\t\n\t\t\t\n\n\t<div class=\"img has-hover x md-x lg-x y md-y lg-y\" id=\"image_1134011473\">\n\t\t\t\t\t\t\t\t<div class=\"img-inner dark\" >\n\t\t\t<img decoding=\"async\" width=\"300\" height=\"200\" src=\"https:\/\/www.relaisstcharles.fr\/wp-content\/uploads\/2021\/03\/le-relais-saint-charles-paris-chambre-vue-tour-eiffel-5-300x200.jpg\" class=\"attachment-medium size-medium\" alt=\"Le Relais Saint Charles Paris 15\" srcset=\"https:\/\/www.relaisstcharles.fr\/wp-content\/uploads\/2021\/03\/le-relais-saint-charles-paris-chambre-vue-tour-eiffel-5-300x200.jpg 300w, https:\/\/www.relaisstcharles.fr\/wp-content\/uploads\/2021\/03\/le-relais-saint-charles-paris-chambre-vue-tour-eiffel-5-1024x683.jpg 1024w, https:\/\/www.relaisstcharles.fr\/wp-content\/uploads\/2021\/03\/le-relais-saint-charles-paris-chambre-vue-tour-eiffel-5-768x512.jpg 768w, https:\/\/www.relaisstcharles.fr\/wp-content\/uploads\/2021\/03\/le-relais-saint-charles-paris-chambre-vue-tour-eiffel-5.jpg 1500w\" sizes=\"(max-width: 300px) 100vw, 300px\" \/>\t\t\t\t\t\t\n\t\t\t\t\t<\/div>\n\t\t\t\t\t\t\t\t\n<style>\n#image_1134011473 {\n  width: 100%;\n}\n<\/style>\n\t<\/div>\n\t\n\n\n\t\t<\/div>\n\t\t\t<\/div>\n\n\t\n\n\t<div id=\"col-1454345789\" class=\"col medium-12 small-12 large-6\"  data-animate=\"fadeInRight\">\n\t\t<div class=\"col-inner\"  >\n\t\t\t\n\t\t\t\n\n<h2> Widok na Wie\u017c\u0119 Eiffla (4 pi\u0119tro)<\/h2>\n<p>Zatrzymaj si\u0119 w Pary\u017cu, gdzie panuje jasna atmosfera i wsp\u00f3\u0142czesny duch! Ka\u017cdy z pokoi dwuosobowych i pokoi typu twin zlokalizowanych na 4. pi\u0119trze z widokiem na Wie\u017c\u0119 Eiffla otwiera drzwi do stolicy, zaledwie kilka krok\u00f3w od Wie\u017cy Eiffla i Trocad\u00e9ro..<\/p>\n<div class=\"row row-collapse\"  id=\"row-401317292\">\n\n\n\t<div id=\"col-341555869\" class=\"col medium-6 small-12 large-6\"  >\n\t\t<div class=\"col-inner\"  >\n\t\t\t\n\t\t\t\n\n<a href=\"http:\/\/www.relaisstcharles.fr\/pl\/chambre-vue-tour-eiffel\/\" target=\"_self\" class=\"button primary is-underline expand\"  >\n    <span>dowiedz si\u0119 wi\u0119cej<\/span>\n  <\/a>\n\n\n\n\t\t<\/div>\n\t\t\n<style>\n#col-341555869 > .col-inner {\n  margin: 20px 0px 0px 0px;\n}\n<\/style>\n\t<\/div>\n\n\t\n\n\t<div id=\"col-1633516362\" class=\"col medium-6 small-12 large-6\"  >\n\t\t<div class=\"col-inner\"  >\n\t\t\t\n\t\t\t\n\n<a rel=\"noopener noreferrer\" href=\"https:\/\/www.secure-hotel-booking.com\/Le-Relais-Saint-Charles-E-Axess-\/JJFT\/dateselection?language=pl\" target=\"_blank\" class=\"button secondary expand\"  >\n    <span>Rezerwuj\u0119<\/span>\n  <\/a>\n\n\n\n\t\t<\/div>\n\t\t\n<style>\n#col-1633516362 > .col-inner {\n  margin: 20px 0px 0px 0px;\n}\n<\/style>\n\t<\/div>\n\n\t\n\n<\/div>\n\n\t\t<\/div>\n\t\t\n<style>\n#col-1454345789 > .col-inner {\n  padding: 10px 20px 10px 20px;\n}\n<\/style>\n\t<\/div>\n\n\t\n\n<\/div>\n<div class=\"row row-collapse align-middle encart-presentation\"  id=\"row-1980257902\">\n\n\n\t<div id=\"col-1072221588\" class=\"col medium-12 small-12 large-6\"  data-animate=\"fadeInLeft\">\n\t\t<div class=\"col-inner\"  >\n\t\t\t\n\t\t\t\n\n<h2> Pi\u0119kny widok na Wie\u017c\u0119 Eiffla (5 pi\u0119tro) <\/h2>\n<p> Zatrzymaj si\u0119 w Pary\u017cu, gdzie panuje jasna atmosfera i wsp\u00f3\u0142czesny duch! Ka\u017cdy z pokoi dwuosobowych i pokoi typu twin zlokalizowanych na 5. pi\u0119trze z widokiem na Wie\u017c\u0119 Eiffla otwiera drzwi do stolicy, zaledwie kilka krok\u00f3w od Wie\u017cy Eiffla i Trocad\u00e9ro. <\/p>\n<div class=\"row row-collapse\"  id=\"row-1406077949\">\n\n\n\t<div id=\"col-1933235032\" class=\"col medium-6 small-12 large-6\"  >\n\t\t<div class=\"col-inner\"  >\n\t\t\t\n\t\t\t\n\n<a href=\"http:\/\/www.relaisstcharles.fr\/pl\/chambre-belle-vue-tour-eiffel\/\" target=\"_self\" class=\"button primary is-underline expand\"  >\n    <span>dowiedz si\u0119 wi\u0119cej<\/span>\n  <\/a>\n\n\n\n\t\t<\/div>\n\t\t\n<style>\n#col-1933235032 > .col-inner {\n  margin: 20px 0px 0px 0px;\n}\n<\/style>\n\t<\/div>\n\n\t\n\n\t<div id=\"col-972530487\" class=\"col medium-6 small-12 large-6\"  >\n\t\t<div class=\"col-inner\"  >\n\t\t\t\n\t\t\t\n\n<a rel=\"noopener noreferrer\" href=\"https:\/\/www.secure-hotel-booking.com\/Le-Relais-Saint-Charles-E-Axess-\/JJFT\/dateselection?language=pl\" target=\"_blank\" class=\"button secondary expand\"  >\n    <span>Rezerwuj\u0119<\/span>\n  <\/a>\n\n\n\n\t\t<\/div>\n\t\t\n<style>\n#col-972530487 > .col-inner {\n  margin: 20px 0px 0px 0px;\n}\n<\/style>\n\t<\/div>\n\n\t\n\n<\/div>\n\n\t\t<\/div>\n\t\t\n<style>\n#col-1072221588 > .col-inner {\n  padding: 10px 20px 10px 20px;\n}\n<\/style>\n\t<\/div>\n\n\t\n\n\t<div id=\"col-338942798\" class=\"col medium-12 small-12 large-6 medium-col-first\"  data-animate=\"fadeInRight\">\n\t\t<div class=\"col-inner\"  >\n\t\t\t\n\t\t\t\n\n\t<div class=\"img has-hover x md-x lg-x y md-y lg-y\" id=\"image_9596318\">\n\t\t\t\t\t\t\t\t<div class=\"img-inner dark\" >\n\t\t\t<img decoding=\"async\" width=\"300\" height=\"200\" src=\"https:\/\/www.relaisstcharles.fr\/wp-content\/uploads\/2022\/10\/CHAMBRE1-1-300x200.jpg\" class=\"attachment-medium size-medium\" alt=\"Le Relais Saint Charles Paris 15\" srcset=\"https:\/\/www.relaisstcharles.fr\/wp-content\/uploads\/2022\/10\/CHAMBRE1-1-300x200.jpg 300w, https:\/\/www.relaisstcharles.fr\/wp-content\/uploads\/2022\/10\/CHAMBRE1-1-1024x683.jpg 1024w, https:\/\/www.relaisstcharles.fr\/wp-content\/uploads\/2022\/10\/CHAMBRE1-1-768x512.jpg 768w, https:\/\/www.relaisstcharles.fr\/wp-content\/uploads\/2022\/10\/CHAMBRE1-1.jpg 1500w\" sizes=\"(max-width: 300px) 100vw, 300px\" \/>\t\t\t\t\t\t\n\t\t\t\t\t<\/div>\n\t\t\t\t\t\t\t\t\n<style>\n#image_9596318 {\n  width: 100%;\n}\n<\/style>\n\t<\/div>\n\t\n\n\n\t\t<\/div>\n\t\t\t<\/div>\n\n\t\n\n<\/div>\n<div class=\"text-center\"><div class=\"is-divider divider clearfix\" style=\"margin-top:2em;margin-bottom:2em;max-width:250px;\"><\/div><\/div>\n\n\n\t\t<\/div>\n\n\t\t\n<style>\n#section_1238242161 {\n  padding-top: 30px;\n  padding-bottom: 30px;\n}\n<\/style>\n\t<\/section>\n\t\n\n","protected":false},"excerpt":{"rendered":"","protected":false},"author":1,"featured_media":0,"parent":0,"menu_order":0,"comment_status":"closed","ping_status":"closed","template":"page-blank.php","meta":{"footnotes":""},"class_list":["post-814","page","type-page","status-publish","hentry"],"yoast_head":"<!-- This site is optimized with the Yoast SEO plugin v23.1 - https:\/\/yoast.com\/wordpress\/plugins\/seo\/ -->\n<title>Pokoje w hotelu Relais Saint Charles Paris<\/title>\n<meta name=\"description\" content=\"W 4-gwiazdkowym hotelu Relais Saint-Charles, po\u0142o\u017conym 10 minut spacerem od Wie\u017cy Eiffla i P\u00f3l Marsowych, znajduje si\u0119 38 klimatyzowanych pokoi, kt\u00f3re zapraszaj\u0105 na odpoczynek i relaks w samym sercu Pary\u017ca.\" \/>\n<meta name=\"robots\" content=\"index, follow, max-snippet:-1, max-image-preview:large, max-video-preview:-1\" \/>\n<link rel=\"canonical\" href=\"https:\/\/www.relaisstcharles.fr\/pl\/pokoje\/\" \/>\n<meta property=\"og:locale\" content=\"pl_PL\" \/>\n<meta property=\"og:type\" content=\"article\" \/>\n<meta property=\"og:title\" content=\"Pokoje w hotelu Relais Saint Charles Paris\" \/>\n<meta property=\"og:description\" content=\"W 4-gwiazdkowym hotelu Relais Saint-Charles, po\u0142o\u017conym 10 minut spacerem od Wie\u017cy Eiffla i P\u00f3l Marsowych, znajduje si\u0119 38 klimatyzowanych pokoi, kt\u00f3re zapraszaj\u0105 na odpoczynek i relaks w samym sercu Pary\u017ca.\" \/>\n<meta property=\"og:url\" content=\"https:\/\/www.relaisstcharles.fr\/pl\/pokoje\/\" \/>\n<meta property=\"og:site_name\" content=\"Le Relais Saint Charles\" \/>\n<meta property=\"article:modified_time\" content=\"2025-08-20T09:36:17+00:00\" \/>\n<meta name=\"twitter:card\" content=\"summary_large_image\" \/>\n<meta name=\"twitter:label1\" content=\"Szacowany czas czytania\" \/>\n\t<meta name=\"twitter:data1\" content=\"4 minuty\" \/>\n<script type=\"application\/ld+json\" class=\"yoast-schema-graph\">{\"@context\":\"https:\/\/schema.org\",\"@graph\":[{\"@type\":\"WebPage\",\"@id\":\"https:\/\/www.relaisstcharles.fr\/pl\/pokoje\/\",\"url\":\"https:\/\/www.relaisstcharles.fr\/pl\/pokoje\/\",\"name\":\"Pokoje w hotelu Relais Saint Charles Paris\",\"isPartOf\":{\"@id\":\"https:\/\/www.relaisstcharles.fr\/en\/#website\"},\"datePublished\":\"2021-03-24T13:12:09+00:00\",\"dateModified\":\"2025-08-20T09:36:17+00:00\",\"description\":\"W 4-gwiazdkowym hotelu Relais Saint-Charles, po\u0142o\u017conym 10 minut spacerem od Wie\u017cy Eiffla i P\u00f3l Marsowych, znajduje si\u0119 38 klimatyzowanych pokoi, kt\u00f3re zapraszaj\u0105 na odpoczynek i relaks w samym sercu Pary\u017ca.\",\"breadcrumb\":{\"@id\":\"https:\/\/www.relaisstcharles.fr\/pl\/pokoje\/#breadcrumb\"},\"inLanguage\":\"pl-PL\",\"potentialAction\":[{\"@type\":\"ReadAction\",\"target\":[\"https:\/\/www.relaisstcharles.fr\/pl\/pokoje\/\"]}]},{\"@type\":\"BreadcrumbList\",\"@id\":\"https:\/\/www.relaisstcharles.fr\/pl\/pokoje\/#breadcrumb\",\"itemListElement\":[{\"@type\":\"ListItem\",\"position\":1,\"name\":\"Accueil\",\"item\":\"https:\/\/www.relaisstcharles.fr\/\"},{\"@type\":\"ListItem\",\"position\":2,\"name\":\"Chambres\"}]},{\"@type\":\"WebSite\",\"@id\":\"https:\/\/www.relaisstcharles.fr\/en\/#website\",\"url\":\"https:\/\/www.relaisstcharles.fr\/en\/\",\"name\":\"Le Relais Saint Charles\",\"description\":\"H\u00f4tel 3 \u00e9toiles proche de la Tour Eiffel\",\"potentialAction\":[{\"@type\":\"SearchAction\",\"target\":{\"@type\":\"EntryPoint\",\"urlTemplate\":\"https:\/\/www.relaisstcharles.fr\/en\/?s={search_term_string}\"},\"query-input\":\"required name=search_term_string\"}],\"inLanguage\":\"pl-PL\"}]}<\/script>\n<!-- \/ Yoast SEO plugin. -->","yoast_head_json":{"title":"Pokoje w hotelu Relais Saint Charles Paris","description":"W 4-gwiazdkowym hotelu Relais Saint-Charles, po\u0142o\u017conym 10 minut spacerem od Wie\u017cy Eiffla i P\u00f3l Marsowych, znajduje si\u0119 38 klimatyzowanych pokoi, kt\u00f3re zapraszaj\u0105 na odpoczynek i relaks w samym sercu Pary\u017ca.","robots":{"index":"index","follow":"follow","max-snippet":"max-snippet:-1","max-image-preview":"max-image-preview:large","max-video-preview":"max-video-preview:-1"},"canonical":"https:\/\/www.relaisstcharles.fr\/pl\/pokoje\/","og_locale":"pl_PL","og_type":"article","og_title":"Pokoje w hotelu Relais Saint Charles Paris","og_description":"W 4-gwiazdkowym hotelu Relais Saint-Charles, po\u0142o\u017conym 10 minut spacerem od Wie\u017cy Eiffla i P\u00f3l Marsowych, znajduje si\u0119 38 klimatyzowanych pokoi, kt\u00f3re zapraszaj\u0105 na odpoczynek i relaks w samym sercu Pary\u017ca.","og_url":"https:\/\/www.relaisstcharles.fr\/pl\/pokoje\/","og_site_name":"Le Relais Saint Charles","article_modified_time":"2025-08-20T09:36:17+00:00","twitter_card":"summary_large_image","twitter_misc":{"Szacowany czas czytania":"4 minuty"},"schema":{"@context":"https:\/\/schema.org","@graph":[{"@type":"WebPage","@id":"https:\/\/www.relaisstcharles.fr\/pl\/pokoje\/","url":"https:\/\/www.relaisstcharles.fr\/pl\/pokoje\/","name":"Pokoje w hotelu Relais Saint Charles Paris","isPartOf":{"@id":"https:\/\/www.relaisstcharles.fr\/en\/#website"},"datePublished":"2021-03-24T13:12:09+00:00","dateModified":"2025-08-20T09:36:17+00:00","description":"W 4-gwiazdkowym hotelu Relais Saint-Charles, po\u0142o\u017conym 10 minut spacerem od Wie\u017cy Eiffla i P\u00f3l Marsowych, znajduje si\u0119 38 klimatyzowanych pokoi, kt\u00f3re zapraszaj\u0105 na odpoczynek i relaks w samym sercu Pary\u017ca.","breadcrumb":{"@id":"https:\/\/www.relaisstcharles.fr\/pl\/pokoje\/#breadcrumb"},"inLanguage":"pl-PL","potentialAction":[{"@type":"ReadAction","target":["https:\/\/www.relaisstcharles.fr\/pl\/pokoje\/"]}]},{"@type":"BreadcrumbList","@id":"https:\/\/www.relaisstcharles.fr\/pl\/pokoje\/#breadcrumb","itemListElement":[{"@type":"ListItem","position":1,"name":"Accueil","item":"https:\/\/www.relaisstcharles.fr\/"},{"@type":"ListItem","position":2,"name":"Chambres"}]},{"@type":"WebSite","@id":"https:\/\/www.relaisstcharles.fr\/en\/#website","url":"https:\/\/www.relaisstcharles.fr\/en\/","name":"Le Relais Saint Charles","description":"H\u00f4tel 3 \u00e9toiles proche de la Tour Eiffel","potentialAction":[{"@type":"SearchAction","target":{"@type":"EntryPoint","urlTemplate":"https:\/\/www.relaisstcharles.fr\/en\/?s={search_term_string}"},"query-input":"required name=search_term_string"}],"inLanguage":"pl-PL"}]}},"_links":{"self":[{"href":"https:\/\/www.relaisstcharles.fr\/pl\/wp-json\/wp\/v2\/pages\/814","targetHints":{"allow":["GET"]}}],"collection":[{"href":"https:\/\/www.relaisstcharles.fr\/pl\/wp-json\/wp\/v2\/pages"}],"about":[{"href":"https:\/\/www.relaisstcharles.fr\/pl\/wp-json\/wp\/v2\/types\/page"}],"author":[{"embeddable":true,"href":"https:\/\/www.relaisstcharles.fr\/pl\/wp-json\/wp\/v2\/users\/1"}],"replies":[{"embeddable":true,"href":"https:\/\/www.relaisstcharles.fr\/pl\/wp-json\/wp\/v2\/comments?post=814"}],"version-history":[{"count":3,"href":"https:\/\/www.relaisstcharles.fr\/pl\/wp-json\/wp\/v2\/pages\/814\/revisions"}],"predecessor-version":[{"id":943,"href":"https:\/\/www.relaisstcharles.fr\/pl\/wp-json\/wp\/v2\/pages\/814\/revisions\/943"}],"wp:attachment":[{"href":"https:\/\/www.relaisstcharles.fr\/pl\/wp-json\/wp\/v2\/media?parent=814"}],"curies":[{"name":"wp","href":"https:\/\/api.w.org\/{rel}","templated":true}]}}