{"id":810,"date":"2021-03-25T07:08:54","date_gmt":"2021-03-25T06:08:54","guid":{"rendered":"https:\/\/www.relaisstcharles.fr\/chambre-superieure-sur-cour\/"},"modified":"2025-06-15T17:58:41","modified_gmt":"2025-06-15T15:58:41","slug":"chambre-superieure-sur-cour","status":"publish","type":"page","link":"https:\/\/www.relaisstcharles.fr\/pl\/chambre-superieure-sur-cour\/","title":{"rendered":"chambre sup\u00e9rieure sur cour"},"content":{"rendered":"\n\t<section class=\"section\" id=\"section_512584797\">\n\t\t<div class=\"bg section-bg fill bg-fill  bg-loaded\" >\n\n\t\t\t\n\t\t\t<button class=\"scroll-for-more z-5 icon absolute bottom h-center\"><i class=\"icon-angle-down\" style=\"font-size:42px;\"><\/i><\/button>\n\t\t\t\n\n\t\t<\/div>\n\n\t\t<div class=\"section-content relative\">\n\t\t\t\n\n<div class=\"row row-collapse\"  id=\"row-877229800\">\n\n\n\t<div id=\"col-1211749975\" class=\"col small-12 large-12\"  >\n\t\t<div class=\"col-inner\"  >\n\t\t\t\n\t\t\t\n\n<div class=\"slider-wrapper relative\" id=\"slider-1237457495\" >\n    <div class=\"slider slider-nav-circle slider-nav-large slider-nav-light slider-style-normal\"\n        data-flickity-options='{\n            \"cellAlign\": \"center\",\n            \"imagesLoaded\": true,\n            \"lazyLoad\": 1,\n            \"freeScroll\": false,\n            \"wrapAround\": true,\n            \"autoPlay\": 6000,\n            \"pauseAutoPlayOnHover\" : true,\n            \"prevNextButtons\": true,\n            \"contain\" : true,\n            \"adaptiveHeight\" : true,\n            \"dragThreshold\" : 10,\n            \"percentPosition\": true,\n            \"pageDots\": false,\n            \"rightToLeft\": false,\n            \"draggable\": true,\n            \"selectedAttraction\": 0.1,\n            \"parallax\" : 0,\n            \"friction\": 0.6        }'\n        >\n        \n\n\n  <div class=\"banner has-hover\" id=\"banner-287137615\">\n          <div class=\"banner-inner fill\">\n        <div class=\"banner-bg fill\" >\n            <div class=\"bg fill bg-fill \"><\/div>\n                                    \n                    <\/div>\n        <div class=\"banner-layers container\">\n            <div class=\"fill banner-link\"><\/div>            \n\n   <div id=\"text-box-1693398265\" class=\"text-box banner-layer x50 md-x50 lg-x50 y50 md-y50 lg-y50 res-text\">\n                                <div class=\"text-box-content text dark\">\n              \n              <div class=\"text-inner text-center\">\n                  \n\n\n              <\/div>\n           <\/div>\n                            \n<style>\n#text-box-1693398265 {\n  width: 60%;\n}\n#text-box-1693398265 .text-box-content {\n  font-size: 100%;\n}\n<\/style>\n    <\/div>\n \n\n        <\/div>\n      <\/div>\n\n            \n<style>\n#banner-287137615 {\n  padding-top: 56.25%;\n}\n#banner-287137615 .bg.bg-loaded {\n  background-image: url(https:\/\/www.relaisstcharles.fr\/wp-content\/uploads\/2021\/03\/le-relais-saint-charles-paris-chambre-mauve.jpg);\n}\n<\/style>\n  <\/div>\n\n\n\n  <div class=\"banner has-hover\" id=\"banner-1598574476\">\n          <div class=\"banner-inner fill\">\n        <div class=\"banner-bg fill\" >\n            <div class=\"bg fill bg-fill \"><\/div>\n                                    \n                    <\/div>\n        <div class=\"banner-layers container\">\n            <div class=\"fill banner-link\"><\/div>            \n\n   <div id=\"text-box-302484117\" class=\"text-box banner-layer x50 md-x50 lg-x50 y50 md-y50 lg-y50 res-text\">\n                                <div class=\"text-box-content text dark\">\n              \n              <div class=\"text-inner text-center\">\n                  \n\n\n              <\/div>\n           <\/div>\n                            \n<style>\n#text-box-302484117 {\n  width: 60%;\n}\n#text-box-302484117 .text-box-content {\n  font-size: 100%;\n}\n<\/style>\n    <\/div>\n \n\n        <\/div>\n      <\/div>\n\n            \n<style>\n#banner-1598574476 {\n  padding-top: 56.25%;\n}\n#banner-1598574476 .bg.bg-loaded {\n  background-image: url(https:\/\/www.relaisstcharles.fr\/wp-content\/uploads\/2021\/03\/le-relais-saint-charles-paris-sdb-10.jpg);\n}\n<\/style>\n  <\/div>\n\n\n\n  <div class=\"banner has-hover\" id=\"banner-328125833\">\n          <div class=\"banner-inner fill\">\n        <div class=\"banner-bg fill\" >\n            <div class=\"bg fill bg-fill \"><\/div>\n                                    \n                    <\/div>\n        <div class=\"banner-layers container\">\n            <div class=\"fill banner-link\"><\/div>            \n\n   <div id=\"text-box-774567890\" class=\"text-box banner-layer x50 md-x50 lg-x50 y50 md-y50 lg-y50 res-text\">\n                                <div class=\"text-box-content text dark\">\n              \n              <div class=\"text-inner text-center\">\n                  \n\n\n              <\/div>\n           <\/div>\n                            \n<style>\n#text-box-774567890 {\n  width: 60%;\n}\n#text-box-774567890 .text-box-content {\n  font-size: 100%;\n}\n<\/style>\n    <\/div>\n \n\n        <\/div>\n      <\/div>\n\n            \n<style>\n#banner-328125833 {\n  padding-top: 56.25%;\n}\n#banner-328125833 .bg.bg-loaded {\n  background-image: url(https:\/\/www.relaisstcharles.fr\/wp-content\/uploads\/2021\/03\/le-relais-saint-charles-paris-produits-accueil.jpg);\n}\n<\/style>\n  <\/div>\n\n\n\n     <\/div>\n\n     <div class=\"loading-spin dark large centered\"><\/div>\n\n     <\/div>\n\n\n\n\t\t<\/div>\n\t\t\t<\/div>\n\n\t\n\n<\/div>\n\n\t\t<\/div>\n\n\t\t\n<style>\n#section_512584797 {\n  padding-top: 0px;\n  padding-bottom: 0px;\n}\n<\/style>\n\t<\/section>\n\t\n\t<section class=\"section\" id=\"section_370937961\">\n\t\t<div class=\"bg section-bg fill bg-fill  bg-loaded\" >\n\n\t\t\t\n\t\t\t\n\t\t\t\n\n\t\t<\/div>\n\n\t\t<div class=\"section-content relative\">\n\t\t\t\n\n<div class=\"row row-large\"  id=\"row-1207747142\">\n\n\n\t<div id=\"col-839498784\" class=\"col small-12 large-12\"  data-animate=\"bounceInUp\">\n\t\t<div class=\"col-inner\"  >\n\t\t\t\n\t\t\t\n\n<h1 style=\"text-align: center;\">Pok\u00f3j Superior z widokiem na cichy dziedziniec<\/h1>\n<h2 style=\"text-align: center;\">2 osoby \u2013 1 \u0142\u00f3\u017cko podw\u00f3jne \u2013 15m\u00b2<\/h2>\n<p class=\"p1\" style=\"text-align: center;\">Te pokoje dwuosobowe typu superior o powierzchni 15 m2 z widokiem na dziedziniec maj\u0105 idealn\u0105 lokalizacj\u0119 w\u00a0samym sercu Pary\u017ca i oferuj\u0105 wszystkie udogodnienia, kt\u00f3rych mo\u017cna oczekiwa\u0107 od hotelu o typowo paryskim uroku. W tych pokojach jest cicho, bez ha\u0142asu, co jest rzadko\u015bci\u0105 w Pary\u017cu.<\/p>\n<p class=\"p1\" style=\"text-align: center;\">Pok\u00f3j z widokiem na dziedziniec jest idealny dla podr\u00f3\u017cnych poszukuj\u0105cych ciszy i spokoju podczas pobytu.<\/p>\n\n\t\t<\/div>\n\t\t\n<style>\n#col-839498784 > .col-inner {\n  padding: 0px 0px 0 0px;\n  margin: 0px 0px 0 0px;\n}\n<\/style>\n\t<\/div>\n\n\t\n\n\n<style>\n#row-1207747142 > .col > .col-inner {\n  padding: 20px 20px 20px 20px;\n}\n<\/style>\n<\/div>\n<div class=\"row\"  id=\"row-816355035\">\n\n\n\t<div id=\"col-1575826841\" class=\"col small-12 large-12\"  >\n\t\t<div class=\"col-inner\"  >\n\t\t\t\n\t\t\t\n\n<a rel=\"noopener noreferrer\" href=\"https:\/\/www.secure-hotel-booking.com\/Le-Relais-Saint-Charles-E-Axess-\/JJFT\/dateselection?language=pl\" target=\"_blank\" class=\"button secondary is-underline expand\"  >\n    <span>Zarezerwuj pok\u00f3j<\/span>\n  <\/a>\n\n\n\n\t\t<\/div>\n\t\t\t<\/div>\n\n\t\n\n<\/div>\n<div class=\"row row-small\"  id=\"row-223566391\">\n\n\n\t<div id=\"col-760482890\" class=\"col medium-4 small-12 large-4\"  >\n\t\t<div class=\"col-inner\"  >\n\t\t\t\n\t\t\t\n\n<ul>\n<li >Taca powitalna z zestawem do parzenia kawy\/herbaty<\/li>\n<li >Telewizor LCD 32\u2033 z kana\u0142ami TNT, satelitarnymi i mi\u0119dzynarodowymi<\/li>\n<li >Telefon<\/li>\n<\/ul>\n\n\t\t<\/div>\n\t\t\t<\/div>\n\n\t\n\n\t<div id=\"col-537266824\" class=\"col medium-4 small-12 large-4\"  >\n\t\t<div class=\"col-inner\"  >\n\t\t\t\n\t\t\t\n\n<ul>\n<li >Bezp\u0142atne i nieograniczone Wi-Fi<\/li>\n<li >Niekt\u00f3re pokoje wyposa\u017cone s\u0105 w minibar (na \u017cyczenie)<\/li>\n<li >\u0141\u00f3\u017ceczko dzieci\u0119ce na \u017cyczenie (do 2 lat)<\/li>\n<\/ul>\n\n\t\t<\/div>\n\t\t\t<\/div>\n\n\t\n\n\t<div id=\"col-726399555\" class=\"col medium-4 small-12 large-4\"  >\n\t\t<div class=\"col-inner\"  >\n\t\t\t\n\t\t\t\n\n<ul>\n<li >\u0141azienka z prysznicem WC, suszarka do w\u0142os\u00f3w<\/li>\n<li >Dla niepal\u0105cych<\/li>\n<li >Sejf<\/li>\n<\/ul>\n\n\t\t<\/div>\n\t\t\t<\/div>\n\n\t\n\n\n<style>\n#row-223566391 > .col > .col-inner {\n  padding: 0px 0px 0px 0px;\n}\n@media (min-width:550px) {\n  #row-223566391 > .col > .col-inner {\n    padding: 0px 0px 0px 0px;\n  }\n}\n<\/style>\n<\/div>\n<div class=\"text-center\"><div class=\"is-divider divider clearfix\" style=\"margin-top:2em;margin-bottom:2em;max-width:250px;\"><\/div><\/div>\n\n\n\t\t<\/div>\n\n\t\t\n<style>\n#section_370937961 {\n  padding-top: 0px;\n  padding-bottom: 0px;\n}\n<\/style>\n\t<\/section>\n\t\n\n","protected":false},"excerpt":{"rendered":"","protected":false},"author":1,"featured_media":0,"parent":0,"menu_order":0,"comment_status":"closed","ping_status":"closed","template":"page-blank.php","meta":{"footnotes":""},"class_list":["post-810","page","type-page","status-publish","hentry"],"yoast_head":"<!-- This site is optimized with the Yoast SEO plugin v23.1 - https:\/\/yoast.com\/wordpress\/plugins\/seo\/ -->\n<title>Pok\u00f3j Superior z widokiem na cichy dziedzinie<\/title>\n<meta name=\"description\" content=\"Te klasyczne pokoje dwuosobowe z widokiem na ulic\u0119 maj\u0105 idealn\u0105 lokalizacj\u0119 w samym sercu Pary\u017ca\" \/>\n<meta name=\"robots\" content=\"index, follow, max-snippet:-1, max-image-preview:large, max-video-preview:-1\" \/>\n<link rel=\"canonical\" href=\"https:\/\/www.relaisstcharles.fr\/pl\/chambre-superieure-sur-cour\/\" \/>\n<meta property=\"og:locale\" content=\"pl_PL\" \/>\n<meta property=\"og:type\" content=\"article\" \/>\n<meta property=\"og:title\" content=\"Pok\u00f3j Superior z widokiem na cichy dziedzinie\" \/>\n<meta property=\"og:description\" content=\"Te klasyczne pokoje dwuosobowe z widokiem na ulic\u0119 maj\u0105 idealn\u0105 lokalizacj\u0119 w samym sercu Pary\u017ca\" \/>\n<meta property=\"og:url\" content=\"https:\/\/www.relaisstcharles.fr\/pl\/chambre-superieure-sur-cour\/\" \/>\n<meta property=\"og:site_name\" content=\"Le Relais Saint Charles\" \/>\n<meta property=\"article:modified_time\" content=\"2025-06-15T15:58:41+00:00\" \/>\n<meta name=\"twitter:card\" content=\"summary_large_image\" \/>\n<meta name=\"twitter:label1\" content=\"Szacowany czas czytania\" \/>\n\t<meta name=\"twitter:data1\" content=\"2 minuty\" \/>\n<script type=\"application\/ld+json\" class=\"yoast-schema-graph\">{\"@context\":\"https:\/\/schema.org\",\"@graph\":[{\"@type\":\"WebPage\",\"@id\":\"https:\/\/www.relaisstcharles.fr\/pl\/chambre-superieure-sur-cour\/\",\"url\":\"https:\/\/www.relaisstcharles.fr\/pl\/chambre-superieure-sur-cour\/\",\"name\":\"Pok\u00f3j Superior z widokiem na cichy dziedzinie\",\"isPartOf\":{\"@id\":\"https:\/\/www.relaisstcharles.fr\/en\/#website\"},\"datePublished\":\"2021-03-25T06:08:54+00:00\",\"dateModified\":\"2025-06-15T15:58:41+00:00\",\"description\":\"Te klasyczne pokoje dwuosobowe z widokiem na ulic\u0119 maj\u0105 idealn\u0105 lokalizacj\u0119 w samym sercu Pary\u017ca\",\"breadcrumb\":{\"@id\":\"https:\/\/www.relaisstcharles.fr\/pl\/chambre-superieure-sur-cour\/#breadcrumb\"},\"inLanguage\":\"pl-PL\",\"potentialAction\":[{\"@type\":\"ReadAction\",\"target\":[\"https:\/\/www.relaisstcharles.fr\/pl\/chambre-superieure-sur-cour\/\"]}]},{\"@type\":\"BreadcrumbList\",\"@id\":\"https:\/\/www.relaisstcharles.fr\/pl\/chambre-superieure-sur-cour\/#breadcrumb\",\"itemListElement\":[{\"@type\":\"ListItem\",\"position\":1,\"name\":\"Accueil\",\"item\":\"https:\/\/www.relaisstcharles.fr\/\"},{\"@type\":\"ListItem\",\"position\":2,\"name\":\"chambre sup\u00e9rieure sur cour\"}]},{\"@type\":\"WebSite\",\"@id\":\"https:\/\/www.relaisstcharles.fr\/en\/#website\",\"url\":\"https:\/\/www.relaisstcharles.fr\/en\/\",\"name\":\"Le Relais Saint Charles\",\"description\":\"H\u00f4tel 3 \u00e9toiles proche de la Tour Eiffel\",\"potentialAction\":[{\"@type\":\"SearchAction\",\"target\":{\"@type\":\"EntryPoint\",\"urlTemplate\":\"https:\/\/www.relaisstcharles.fr\/en\/?s={search_term_string}\"},\"query-input\":\"required name=search_term_string\"}],\"inLanguage\":\"pl-PL\"}]}<\/script>\n<!-- \/ Yoast SEO plugin. -->","yoast_head_json":{"title":"Pok\u00f3j Superior z widokiem na cichy dziedzinie","description":"Te klasyczne pokoje dwuosobowe z widokiem na ulic\u0119 maj\u0105 idealn\u0105 lokalizacj\u0119 w samym sercu Pary\u017ca","robots":{"index":"index","follow":"follow","max-snippet":"max-snippet:-1","max-image-preview":"max-image-preview:large","max-video-preview":"max-video-preview:-1"},"canonical":"https:\/\/www.relaisstcharles.fr\/pl\/chambre-superieure-sur-cour\/","og_locale":"pl_PL","og_type":"article","og_title":"Pok\u00f3j Superior z widokiem na cichy dziedzinie","og_description":"Te klasyczne pokoje dwuosobowe z widokiem na ulic\u0119 maj\u0105 idealn\u0105 lokalizacj\u0119 w samym sercu Pary\u017ca","og_url":"https:\/\/www.relaisstcharles.fr\/pl\/chambre-superieure-sur-cour\/","og_site_name":"Le Relais Saint Charles","article_modified_time":"2025-06-15T15:58:41+00:00","twitter_card":"summary_large_image","twitter_misc":{"Szacowany czas czytania":"2 minuty"},"schema":{"@context":"https:\/\/schema.org","@graph":[{"@type":"WebPage","@id":"https:\/\/www.relaisstcharles.fr\/pl\/chambre-superieure-sur-cour\/","url":"https:\/\/www.relaisstcharles.fr\/pl\/chambre-superieure-sur-cour\/","name":"Pok\u00f3j Superior z widokiem na cichy dziedzinie","isPartOf":{"@id":"https:\/\/www.relaisstcharles.fr\/en\/#website"},"datePublished":"2021-03-25T06:08:54+00:00","dateModified":"2025-06-15T15:58:41+00:00","description":"Te klasyczne pokoje dwuosobowe z widokiem na ulic\u0119 maj\u0105 idealn\u0105 lokalizacj\u0119 w samym sercu Pary\u017ca","breadcrumb":{"@id":"https:\/\/www.relaisstcharles.fr\/pl\/chambre-superieure-sur-cour\/#breadcrumb"},"inLanguage":"pl-PL","potentialAction":[{"@type":"ReadAction","target":["https:\/\/www.relaisstcharles.fr\/pl\/chambre-superieure-sur-cour\/"]}]},{"@type":"BreadcrumbList","@id":"https:\/\/www.relaisstcharles.fr\/pl\/chambre-superieure-sur-cour\/#breadcrumb","itemListElement":[{"@type":"ListItem","position":1,"name":"Accueil","item":"https:\/\/www.relaisstcharles.fr\/"},{"@type":"ListItem","position":2,"name":"chambre sup\u00e9rieure sur cour"}]},{"@type":"WebSite","@id":"https:\/\/www.relaisstcharles.fr\/en\/#website","url":"https:\/\/www.relaisstcharles.fr\/en\/","name":"Le Relais Saint Charles","description":"H\u00f4tel 3 \u00e9toiles proche de la Tour Eiffel","potentialAction":[{"@type":"SearchAction","target":{"@type":"EntryPoint","urlTemplate":"https:\/\/www.relaisstcharles.fr\/en\/?s={search_term_string}"},"query-input":"required name=search_term_string"}],"inLanguage":"pl-PL"}]}},"_links":{"self":[{"href":"https:\/\/www.relaisstcharles.fr\/pl\/wp-json\/wp\/v2\/pages\/810","targetHints":{"allow":["GET"]}}],"collection":[{"href":"https:\/\/www.relaisstcharles.fr\/pl\/wp-json\/wp\/v2\/pages"}],"about":[{"href":"https:\/\/www.relaisstcharles.fr\/pl\/wp-json\/wp\/v2\/types\/page"}],"author":[{"embeddable":true,"href":"https:\/\/www.relaisstcharles.fr\/pl\/wp-json\/wp\/v2\/users\/1"}],"replies":[{"embeddable":true,"href":"https:\/\/www.relaisstcharles.fr\/pl\/wp-json\/wp\/v2\/comments?post=810"}],"version-history":[{"count":4,"href":"https:\/\/www.relaisstcharles.fr\/pl\/wp-json\/wp\/v2\/pages\/810\/revisions"}],"predecessor-version":[{"id":865,"href":"https:\/\/www.relaisstcharles.fr\/pl\/wp-json\/wp\/v2\/pages\/810\/revisions\/865"}],"wp:attachment":[{"href":"https:\/\/www.relaisstcharles.fr\/pl\/wp-json\/wp\/v2\/media?parent=810"}],"curies":[{"name":"wp","href":"https:\/\/api.w.org\/{rel}","templated":true}]}}