{"id":804,"date":"2021-03-25T08:38:57","date_gmt":"2021-03-25T07:38:57","guid":{"rendered":"https:\/\/www.relaisstcharles.fr\/chambre-belle-vue-tour-eiffel\/"},"modified":"2025-06-15T16:41:55","modified_gmt":"2025-06-15T14:41:55","slug":"chambre-belle-vue-tour-eiffel","status":"publish","type":"page","link":"https:\/\/www.relaisstcharles.fr\/pl\/chambre-belle-vue-tour-eiffel\/","title":{"rendered":"chambre Belle Vue Tour Eiffel"},"content":{"rendered":"\n\t<section class=\"section\" id=\"section_398586692\">\n\t\t<div class=\"bg section-bg fill bg-fill  bg-loaded\" >\n\n\t\t\t\n\t\t\t<button class=\"scroll-for-more z-5 icon absolute bottom h-center\"><i class=\"icon-angle-down\" style=\"font-size:42px;\"><\/i><\/button>\n\t\t\t\n\n\t\t<\/div>\n\n\t\t<div class=\"section-content relative\">\n\t\t\t\n\n<div class=\"row row-collapse\"  id=\"row-703190397\">\n\n\n\t<div id=\"col-737080330\" class=\"col small-12 large-12\"  >\n\t\t<div class=\"col-inner\"  >\n\t\t\t\n\t\t\t\n\n<div class=\"slider-wrapper relative\" id=\"slider-601672720\" >\n    <div class=\"slider slider-nav-circle slider-nav-large slider-nav-light slider-style-normal\"\n        data-flickity-options='{\n            \"cellAlign\": \"center\",\n            \"imagesLoaded\": true,\n            \"lazyLoad\": 1,\n            \"freeScroll\": false,\n            \"wrapAround\": true,\n            \"autoPlay\": 6000,\n            \"pauseAutoPlayOnHover\" : true,\n            \"prevNextButtons\": true,\n            \"contain\" : true,\n            \"adaptiveHeight\" : true,\n            \"dragThreshold\" : 10,\n            \"percentPosition\": true,\n            \"pageDots\": false,\n            \"rightToLeft\": false,\n            \"draggable\": true,\n            \"selectedAttraction\": 0.1,\n            \"parallax\" : 0,\n            \"friction\": 0.6        }'\n        >\n        \n\n\n  <div class=\"banner has-hover\" id=\"banner-1916631396\">\n          <div class=\"banner-inner fill\">\n        <div class=\"banner-bg fill\" >\n            <div class=\"bg fill bg-fill \"><\/div>\n                                    \n                    <\/div>\n        <div class=\"banner-layers container\">\n            <div class=\"fill banner-link\"><\/div>            \n\n   <div id=\"text-box-1591399171\" class=\"text-box banner-layer x50 md-x50 lg-x50 y50 md-y50 lg-y50 res-text\">\n                                <div class=\"text-box-content text dark\">\n              \n              <div class=\"text-inner text-center\">\n                  \n\n\n              <\/div>\n           <\/div>\n                            \n<style>\n#text-box-1591399171 {\n  width: 60%;\n}\n#text-box-1591399171 .text-box-content {\n  font-size: 100%;\n}\n<\/style>\n    <\/div>\n \n\n        <\/div>\n      <\/div>\n\n            \n<style>\n#banner-1916631396 {\n  padding-top: 56.25%;\n}\n#banner-1916631396 .bg.bg-loaded {\n  background-image: url(https:\/\/www.relaisstcharles.fr\/wp-content\/uploads\/2022\/10\/CHAMBRE1-1.jpg);\n}\n<\/style>\n  <\/div>\n\n\n\n  <div class=\"banner has-hover\" id=\"banner-180911387\">\n          <div class=\"banner-inner fill\">\n        <div class=\"banner-bg fill\" >\n            <div class=\"bg fill bg-fill \"><\/div>\n                                    \n                    <\/div>\n        <div class=\"banner-layers container\">\n            <div class=\"fill banner-link\"><\/div>            \n\n   <div id=\"text-box-1733866741\" class=\"text-box banner-layer x50 md-x50 lg-x50 y50 md-y50 lg-y50 res-text\">\n                                <div class=\"text-box-content text dark\">\n              \n              <div class=\"text-inner text-center\">\n                  \n\n\n              <\/div>\n           <\/div>\n                            \n<style>\n#text-box-1733866741 {\n  width: 60%;\n}\n#text-box-1733866741 .text-box-content {\n  font-size: 100%;\n}\n<\/style>\n    <\/div>\n \n\n        <\/div>\n      <\/div>\n\n            \n<style>\n#banner-180911387 {\n  padding-top: 56.25%;\n}\n#banner-180911387 .bg.bg-loaded {\n  background-image: url(https:\/\/www.relaisstcharles.fr\/wp-content\/uploads\/2022\/10\/CHAMBRE1-3.jpg);\n}\n<\/style>\n  <\/div>\n\n\n\n  <div class=\"banner has-hover\" id=\"banner-298361397\">\n          <div class=\"banner-inner fill\">\n        <div class=\"banner-bg fill\" >\n            <div class=\"bg fill bg-fill \"><\/div>\n                                    \n                    <\/div>\n        <div class=\"banner-layers container\">\n            <div class=\"fill banner-link\"><\/div>            \n\n   <div id=\"text-box-923301790\" class=\"text-box banner-layer x50 md-x50 lg-x50 y50 md-y50 lg-y50 res-text\">\n                                <div class=\"text-box-content text dark\">\n              \n              <div class=\"text-inner text-center\">\n                  \n\n\n              <\/div>\n           <\/div>\n                            \n<style>\n#text-box-923301790 {\n  width: 60%;\n}\n#text-box-923301790 .text-box-content {\n  font-size: 100%;\n}\n<\/style>\n    <\/div>\n \n\n        <\/div>\n      <\/div>\n\n            \n<style>\n#banner-298361397 {\n  padding-top: 56.25%;\n}\n#banner-298361397 .bg.bg-loaded {\n  background-image: url(https:\/\/www.relaisstcharles.fr\/wp-content\/uploads\/2021\/03\/le-relais-saint-charles-paris-chambre-orange-vue-tour-eiffel.jpg);\n}\n<\/style>\n  <\/div>\n\n\n\n  <div class=\"banner has-hover\" id=\"banner-2073095309\">\n          <div class=\"banner-inner fill\">\n        <div class=\"banner-bg fill\" >\n            <div class=\"bg fill bg-fill \"><\/div>\n                                    \n                    <\/div>\n        <div class=\"banner-layers container\">\n            <div class=\"fill banner-link\"><\/div>            \n\n   <div id=\"text-box-894566923\" class=\"text-box banner-layer x50 md-x50 lg-x50 y50 md-y50 lg-y50 res-text\">\n                                <div class=\"text-box-content text dark\">\n              \n              <div class=\"text-inner text-center\">\n                  \n\n\n              <\/div>\n           <\/div>\n                            \n<style>\n#text-box-894566923 {\n  width: 60%;\n}\n#text-box-894566923 .text-box-content {\n  font-size: 100%;\n}\n<\/style>\n    <\/div>\n \n\n        <\/div>\n      <\/div>\n\n            \n<style>\n#banner-2073095309 {\n  padding-top: 56.25%;\n}\n#banner-2073095309 .bg.bg-loaded {\n  background-image: url(https:\/\/www.relaisstcharles.fr\/wp-content\/uploads\/2021\/03\/le-relais-saint-charles-paris-chambre-vue-tour-eiffel-5.jpg);\n}\n<\/style>\n  <\/div>\n\n\n\n  <div class=\"banner has-hover\" id=\"banner-1201482878\">\n          <div class=\"banner-inner fill\">\n        <div class=\"banner-bg fill\" >\n            <div class=\"bg fill bg-fill \"><\/div>\n                                    \n                    <\/div>\n        <div class=\"banner-layers container\">\n            <div class=\"fill banner-link\"><\/div>            \n\n   <div id=\"text-box-398428523\" class=\"text-box banner-layer x50 md-x50 lg-x50 y50 md-y50 lg-y50 res-text\">\n                                <div class=\"text-box-content text dark\">\n              \n              <div class=\"text-inner text-center\">\n                  \n\n\n              <\/div>\n           <\/div>\n                            \n<style>\n#text-box-398428523 {\n  width: 60%;\n}\n#text-box-398428523 .text-box-content {\n  font-size: 100%;\n}\n<\/style>\n    <\/div>\n \n\n        <\/div>\n      <\/div>\n\n            \n<style>\n#banner-1201482878 {\n  padding-top: 56.25%;\n}\n#banner-1201482878 .bg.bg-loaded {\n  background-image: url(https:\/\/www.relaisstcharles.fr\/wp-content\/uploads\/2021\/03\/le-relais-saint-charles-paris-sdb-9.jpg);\n}\n<\/style>\n  <\/div>\n\n\n\n     <\/div>\n\n     <div class=\"loading-spin dark large centered\"><\/div>\n\n     <\/div>\n\n\n\n\t\t<\/div>\n\t\t\t<\/div>\n\n\t\n\n<\/div>\n\n\t\t<\/div>\n\n\t\t\n<style>\n#section_398586692 {\n  padding-top: 0px;\n  padding-bottom: 0px;\n}\n<\/style>\n\t<\/section>\n\t\n\t<section class=\"section\" id=\"section_1683268831\">\n\t\t<div class=\"bg section-bg fill bg-fill  bg-loaded\" >\n\n\t\t\t\n\t\t\t\n\t\t\t\n\n\t\t<\/div>\n\n\t\t<div class=\"section-content relative\">\n\t\t\t\n\n<div class=\"row row-large\"  id=\"row-1344822488\">\n\n\n\t<div id=\"col-477891414\" class=\"col small-12 large-12\"  data-animate=\"bounceInUp\">\n\t\t<div class=\"col-inner\"  >\n\t\t\t\n\t\t\t\n\n<h1 style=\"text-align: center;\"> Pi\u0119kny pok\u00f3j z widokiem na wie\u017c\u0119 Eiffla<\/h1>\n<h2 style=\"text-align: center;\">2 osoby \u2013 1 \u0142\u00f3\u017cko podw\u00f3jne lub 2 \u0142\u00f3\u017cka pojedyncze \u2013 15m\u00b2\n<\/h2>\n<p style=\"text-align: center; margin-bottom: 10px;\">Zatrzymaj si\u0119 w Pary\u017cu, gdzie panuje jasna atmosfera i wsp\u00f3\u0142czesny duch! Ka\u017cdy z pokoi dwuosobowych typu double i twin zlokalizowany jest na 5. pi\u0119trze i oferuje pi\u0119kny widok na Wie\u017c\u0119 Eiffla oraz drzwi do stolicy, zaledwie kilka krok\u00f3w od Wie\u017cy Eiffla i Trocad\u00e9ro.\n<\/p>\n\n\t\t<\/div>\n\t\t\n<style>\n#col-477891414 > .col-inner {\n  padding: 0px 0px 0 0px;\n  margin: 0px 0px 0 0px;\n}\n<\/style>\n\t<\/div>\n\n\t\n\n\n<style>\n#row-1344822488 > .col > .col-inner {\n  padding: 20px 20px 20px 20px;\n}\n<\/style>\n<\/div>\n<div class=\"row\"  id=\"row-655540624\">\n\n\n\t<div id=\"col-1998582841\" class=\"col small-12 large-12\"  >\n\t\t<div class=\"col-inner\"  >\n\t\t\t\n\t\t\t\n\n<a rel=\"noopener noreferrer\" href=\"https:\/\/www.secure-hotel-booking.com\/Le-Relais-Saint-Charles-E-Axess-\/JJFT\/dateselection?language=pl\" target=\"_blank\" class=\"button secondary is-underline expand\"  >\n    <span>Zarezerwuj pok\u00f3j<\/span>\n  <\/a>\n\n\n\n\t\t<\/div>\n\t\t\t<\/div>\n\n\t\n\n<\/div>\n<div class=\"row row-small\"  id=\"row-240157918\">\n\n\n\t<div id=\"col-2125132890\" class=\"col medium-4 small-12 large-4\"  >\n\t\t<div class=\"col-inner\"  >\n\t\t\t\n\t\t\t\n\n<ul>\n<li >Taca powitalna z zestawem do parzenia kawy\/herbaty<\/li>\n<li >Telewizor LCD 32\u2033 z kana\u0142ami TNT, satelitarnymi i mi\u0119dzynarodowymi<\/li>\n<li >Telefon<\/li>\n<\/ul>\n\n\t\t<\/div>\n\t\t\t<\/div>\n\n\t\n\n\t<div id=\"col-2012746258\" class=\"col medium-4 small-12 large-4\"  >\n\t\t<div class=\"col-inner\"  >\n\t\t\t\n\t\t\t\n\n<ul>\n<li >Bezp\u0142atne i nieograniczone Wi-Fi<\/li>\n<li >Niekt\u00f3re pokoje wyposa\u017cone s\u0105 w minibar (na \u017cyczenie)<\/li>\n<li >\u0141\u00f3\u017ceczko dzieci\u0119ce na \u017cyczenie (do 2 lat)<\/li>\n<\/ul>\n\n\t\t<\/div>\n\t\t\t<\/div>\n\n\t\n\n\t<div id=\"col-642176008\" class=\"col medium-4 small-12 large-4\"  >\n\t\t<div class=\"col-inner\"  >\n\t\t\t\n\t\t\t\n\n<ul>\n<li>\u0141azienka z prysznicem lub wann\u0105, WC, suszarka do w\u0142os\u00f3w<\/li>\n<li >Dla niepal\u0105cych<\/li>\n<li >Sejf<\/li>\n<\/ul>\n\n\t\t<\/div>\n\t\t\t<\/div>\n\n\t\n\n\n<style>\n#row-240157918 > .col > .col-inner {\n  padding: 0px 0px 0px 0px;\n}\n@media (min-width:550px) {\n  #row-240157918 > .col > .col-inner {\n    padding: 0px 0px 0px 0px;\n  }\n}\n<\/style>\n<\/div>\n<div class=\"text-center\"><div class=\"is-divider divider clearfix\" style=\"margin-top:2em;margin-bottom:2em;max-width:250px;\"><\/div><\/div>\n\n\n\t\t<\/div>\n\n\t\t\n<style>\n#section_1683268831 {\n  padding-top: 0px;\n  padding-bottom: 0px;\n}\n<\/style>\n\t<\/section>\n\t\n\n","protected":false},"excerpt":{"rendered":"","protected":false},"author":1,"featured_media":0,"parent":0,"menu_order":0,"comment_status":"closed","ping_status":"closed","template":"page-blank.php","meta":{"footnotes":""},"class_list":["post-804","page","type-page","status-publish","hentry"],"yoast_head":"<!-- This site is optimized with the Yoast SEO plugin v23.1 - https:\/\/yoast.com\/wordpress\/plugins\/seo\/ -->\n<title>Pi\u0119kny pok\u00f3j z widokiem na wie\u017c\u0119 Eiffla hotelu Relais Saint Charles Paris<\/title>\n<meta name=\"description\" content=\"Ka\u017cdy z pokoi dwuosobowych i typu twin zlokalizowanych na 5. pi\u0119trze z pi\u0119knym widokiem na Wie\u017c\u0119 Eiffla otwiera przed Tob\u0105 drzwi stolicy\" \/>\n<meta name=\"robots\" content=\"index, follow, max-snippet:-1, max-image-preview:large, max-video-preview:-1\" \/>\n<link rel=\"canonical\" href=\"https:\/\/www.relaisstcharles.fr\/pl\/chambre-belle-vue-tour-eiffel\/\" \/>\n<meta property=\"og:locale\" content=\"pl_PL\" \/>\n<meta property=\"og:type\" content=\"article\" \/>\n<meta property=\"og:title\" content=\"Pi\u0119kny pok\u00f3j z widokiem na wie\u017c\u0119 Eiffla hotelu Relais Saint Charles Paris\" \/>\n<meta property=\"og:description\" content=\"Ka\u017cdy z pokoi dwuosobowych i typu twin zlokalizowanych na 5. pi\u0119trze z pi\u0119knym widokiem na Wie\u017c\u0119 Eiffla otwiera przed Tob\u0105 drzwi stolicy\" \/>\n<meta property=\"og:url\" content=\"https:\/\/www.relaisstcharles.fr\/pl\/chambre-belle-vue-tour-eiffel\/\" \/>\n<meta property=\"og:site_name\" content=\"Le Relais Saint Charles\" \/>\n<meta property=\"article:modified_time\" content=\"2025-06-15T14:41:55+00:00\" \/>\n<meta name=\"twitter:card\" content=\"summary_large_image\" \/>\n<meta name=\"twitter:label1\" content=\"Szacowany czas czytania\" \/>\n\t<meta name=\"twitter:data1\" content=\"2 minuty\" \/>\n<script type=\"application\/ld+json\" class=\"yoast-schema-graph\">{\"@context\":\"https:\/\/schema.org\",\"@graph\":[{\"@type\":\"WebPage\",\"@id\":\"https:\/\/www.relaisstcharles.fr\/pl\/chambre-belle-vue-tour-eiffel\/\",\"url\":\"https:\/\/www.relaisstcharles.fr\/pl\/chambre-belle-vue-tour-eiffel\/\",\"name\":\"Pi\u0119kny pok\u00f3j z widokiem na wie\u017c\u0119 Eiffla hotelu Relais Saint Charles Paris\",\"isPartOf\":{\"@id\":\"https:\/\/www.relaisstcharles.fr\/en\/#website\"},\"datePublished\":\"2021-03-25T07:38:57+00:00\",\"dateModified\":\"2025-06-15T14:41:55+00:00\",\"description\":\"Ka\u017cdy z pokoi dwuosobowych i typu twin zlokalizowanych na 5. pi\u0119trze z pi\u0119knym widokiem na Wie\u017c\u0119 Eiffla otwiera przed Tob\u0105 drzwi stolicy\",\"breadcrumb\":{\"@id\":\"https:\/\/www.relaisstcharles.fr\/pl\/chambre-belle-vue-tour-eiffel\/#breadcrumb\"},\"inLanguage\":\"pl-PL\",\"potentialAction\":[{\"@type\":\"ReadAction\",\"target\":[\"https:\/\/www.relaisstcharles.fr\/pl\/chambre-belle-vue-tour-eiffel\/\"]}]},{\"@type\":\"BreadcrumbList\",\"@id\":\"https:\/\/www.relaisstcharles.fr\/pl\/chambre-belle-vue-tour-eiffel\/#breadcrumb\",\"itemListElement\":[{\"@type\":\"ListItem\",\"position\":1,\"name\":\"Accueil\",\"item\":\"https:\/\/www.relaisstcharles.fr\/\"},{\"@type\":\"ListItem\",\"position\":2,\"name\":\"chambre Belle Vue Tour Eiffel\"}]},{\"@type\":\"WebSite\",\"@id\":\"https:\/\/www.relaisstcharles.fr\/en\/#website\",\"url\":\"https:\/\/www.relaisstcharles.fr\/en\/\",\"name\":\"Le Relais Saint Charles\",\"description\":\"H\u00f4tel 3 \u00e9toiles proche de la Tour Eiffel\",\"potentialAction\":[{\"@type\":\"SearchAction\",\"target\":{\"@type\":\"EntryPoint\",\"urlTemplate\":\"https:\/\/www.relaisstcharles.fr\/en\/?s={search_term_string}\"},\"query-input\":\"required name=search_term_string\"}],\"inLanguage\":\"pl-PL\"}]}<\/script>\n<!-- \/ Yoast SEO plugin. -->","yoast_head_json":{"title":"Pi\u0119kny pok\u00f3j z widokiem na wie\u017c\u0119 Eiffla hotelu Relais Saint Charles Paris","description":"Ka\u017cdy z pokoi dwuosobowych i typu twin zlokalizowanych na 5. pi\u0119trze z pi\u0119knym widokiem na Wie\u017c\u0119 Eiffla otwiera przed Tob\u0105 drzwi stolicy","robots":{"index":"index","follow":"follow","max-snippet":"max-snippet:-1","max-image-preview":"max-image-preview:large","max-video-preview":"max-video-preview:-1"},"canonical":"https:\/\/www.relaisstcharles.fr\/pl\/chambre-belle-vue-tour-eiffel\/","og_locale":"pl_PL","og_type":"article","og_title":"Pi\u0119kny pok\u00f3j z widokiem na wie\u017c\u0119 Eiffla hotelu Relais Saint Charles Paris","og_description":"Ka\u017cdy z pokoi dwuosobowych i typu twin zlokalizowanych na 5. pi\u0119trze z pi\u0119knym widokiem na Wie\u017c\u0119 Eiffla otwiera przed Tob\u0105 drzwi stolicy","og_url":"https:\/\/www.relaisstcharles.fr\/pl\/chambre-belle-vue-tour-eiffel\/","og_site_name":"Le Relais Saint Charles","article_modified_time":"2025-06-15T14:41:55+00:00","twitter_card":"summary_large_image","twitter_misc":{"Szacowany czas czytania":"2 minuty"},"schema":{"@context":"https:\/\/schema.org","@graph":[{"@type":"WebPage","@id":"https:\/\/www.relaisstcharles.fr\/pl\/chambre-belle-vue-tour-eiffel\/","url":"https:\/\/www.relaisstcharles.fr\/pl\/chambre-belle-vue-tour-eiffel\/","name":"Pi\u0119kny pok\u00f3j z widokiem na wie\u017c\u0119 Eiffla hotelu Relais Saint Charles Paris","isPartOf":{"@id":"https:\/\/www.relaisstcharles.fr\/en\/#website"},"datePublished":"2021-03-25T07:38:57+00:00","dateModified":"2025-06-15T14:41:55+00:00","description":"Ka\u017cdy z pokoi dwuosobowych i typu twin zlokalizowanych na 5. pi\u0119trze z pi\u0119knym widokiem na Wie\u017c\u0119 Eiffla otwiera przed Tob\u0105 drzwi stolicy","breadcrumb":{"@id":"https:\/\/www.relaisstcharles.fr\/pl\/chambre-belle-vue-tour-eiffel\/#breadcrumb"},"inLanguage":"pl-PL","potentialAction":[{"@type":"ReadAction","target":["https:\/\/www.relaisstcharles.fr\/pl\/chambre-belle-vue-tour-eiffel\/"]}]},{"@type":"BreadcrumbList","@id":"https:\/\/www.relaisstcharles.fr\/pl\/chambre-belle-vue-tour-eiffel\/#breadcrumb","itemListElement":[{"@type":"ListItem","position":1,"name":"Accueil","item":"https:\/\/www.relaisstcharles.fr\/"},{"@type":"ListItem","position":2,"name":"chambre Belle Vue Tour Eiffel"}]},{"@type":"WebSite","@id":"https:\/\/www.relaisstcharles.fr\/en\/#website","url":"https:\/\/www.relaisstcharles.fr\/en\/","name":"Le Relais Saint Charles","description":"H\u00f4tel 3 \u00e9toiles proche de la Tour Eiffel","potentialAction":[{"@type":"SearchAction","target":{"@type":"EntryPoint","urlTemplate":"https:\/\/www.relaisstcharles.fr\/en\/?s={search_term_string}"},"query-input":"required name=search_term_string"}],"inLanguage":"pl-PL"}]}},"_links":{"self":[{"href":"https:\/\/www.relaisstcharles.fr\/pl\/wp-json\/wp\/v2\/pages\/804","targetHints":{"allow":["GET"]}}],"collection":[{"href":"https:\/\/www.relaisstcharles.fr\/pl\/wp-json\/wp\/v2\/pages"}],"about":[{"href":"https:\/\/www.relaisstcharles.fr\/pl\/wp-json\/wp\/v2\/types\/page"}],"author":[{"embeddable":true,"href":"https:\/\/www.relaisstcharles.fr\/pl\/wp-json\/wp\/v2\/users\/1"}],"replies":[{"embeddable":true,"href":"https:\/\/www.relaisstcharles.fr\/pl\/wp-json\/wp\/v2\/comments?post=804"}],"version-history":[{"count":3,"href":"https:\/\/www.relaisstcharles.fr\/pl\/wp-json\/wp\/v2\/pages\/804\/revisions"}],"predecessor-version":[{"id":857,"href":"https:\/\/www.relaisstcharles.fr\/pl\/wp-json\/wp\/v2\/pages\/804\/revisions\/857"}],"wp:attachment":[{"href":"https:\/\/www.relaisstcharles.fr\/pl\/wp-json\/wp\/v2\/media?parent=804"}],"curies":[{"name":"wp","href":"https:\/\/api.w.org\/{rel}","templated":true}]}}