{"id":802,"date":"2021-03-15T14:57:06","date_gmt":"2021-03-15T13:57:06","guid":{"rendered":"https:\/\/www.relaisstcharles.fr\/accueil\/"},"modified":"2025-08-20T16:06:43","modified_gmt":"2025-08-20T14:06:43","slug":"accueil","status":"publish","type":"page","link":"https:\/\/www.relaisstcharles.fr\/pl\/","title":{"rendered":"Accueil"},"content":{"rendered":"\n\t<section class=\"section\" id=\"section_2000472117\">\n\t\t<div class=\"bg section-bg fill bg-fill  bg-loaded\" >\n\n\t\t\t\n\t\t\t<button class=\"scroll-for-more z-5 icon absolute bottom h-center\"><i class=\"icon-angle-down\" style=\"font-size:42px;\"><\/i><\/button>\n\t\t\t\n\n\t\t<\/div>\n\n\t\t<div class=\"section-content relative\">\n\t\t\t\n\n<div class=\"slider-wrapper relative hide-for-medium\" id=\"slider-186524625\" >\n    <div class=\"slider slider-nav-circle slider-nav-large slider-nav-light slider-style-normal\"\n        data-flickity-options='{\n            \"cellAlign\": \"center\",\n            \"imagesLoaded\": true,\n            \"lazyLoad\": 1,\n            \"freeScroll\": false,\n            \"wrapAround\": true,\n            \"autoPlay\": 6000,\n            \"pauseAutoPlayOnHover\" : true,\n            \"prevNextButtons\": true,\n            \"contain\" : true,\n            \"adaptiveHeight\" : true,\n            \"dragThreshold\" : 10,\n            \"percentPosition\": true,\n            \"pageDots\": false,\n            \"rightToLeft\": false,\n            \"draggable\": true,\n            \"selectedAttraction\": 0.1,\n            \"parallax\" : 0,\n            \"friction\": 0.6        }'\n        >\n        \n\n\n  <div class=\"banner has-hover is-full-height\" id=\"banner-42994855\">\n          <div class=\"banner-inner fill\">\n        <div class=\"banner-bg fill\" >\n            <div class=\"bg fill bg-fill \"><\/div>\n                                    \n                    <\/div>\n        <div class=\"banner-layers container\">\n            <div class=\"fill banner-link\"><\/div>            \n\n   <div id=\"text-box-571607232\" class=\"text-box banner-layer x50 md-x50 lg-x50 y50 md-y50 lg-y50 res-text\">\n                                <div class=\"text-box-content text dark\">\n              \n              <div class=\"text-inner text-center\">\n                  \n\n\n              <\/div>\n           <\/div>\n                            \n<style>\n#text-box-571607232 {\n  width: 60%;\n}\n#text-box-571607232 .text-box-content {\n  font-size: 100%;\n}\n<\/style>\n    <\/div>\n \n\n        <\/div>\n      <\/div>\n\n            \n<style>\n#banner-42994855 {\n  padding-top: 56.25%;\n}\n#banner-42994855 .bg.bg-loaded {\n  background-image: url(https:\/\/www.relaisstcharles.fr\/wp-content\/uploads\/2022\/10\/CHAMBRE1-1.jpg);\n}\n@media (min-width:850px) {\n  #banner-42994855 {\n    padding-top: 100%;\n  }\n}\n<\/style>\n  <\/div>\n\n\n\n     <\/div>\n\n     <div class=\"loading-spin dark large centered\"><\/div>\n\n     <\/div>\n\n\n<div class=\"slider-wrapper relative show-for-medium\" id=\"slider-919261540\" >\n    <div class=\"slider slider-nav-circle slider-nav-large slider-nav-light slider-style-normal\"\n        data-flickity-options='{\n            \"cellAlign\": \"center\",\n            \"imagesLoaded\": true,\n            \"lazyLoad\": 1,\n            \"freeScroll\": false,\n            \"wrapAround\": true,\n            \"autoPlay\": 6000,\n            \"pauseAutoPlayOnHover\" : true,\n            \"prevNextButtons\": true,\n            \"contain\" : true,\n            \"adaptiveHeight\" : true,\n            \"dragThreshold\" : 10,\n            \"percentPosition\": true,\n            \"pageDots\": false,\n            \"rightToLeft\": false,\n            \"draggable\": true,\n            \"selectedAttraction\": 0.1,\n            \"parallax\" : 0,\n            \"friction\": 0.6        }'\n        >\n        \n\n\n  <div class=\"banner has-hover\" id=\"banner-2013215729\">\n          <div class=\"banner-inner fill\">\n        <div class=\"banner-bg fill\" >\n            <div class=\"bg fill bg-fill \"><\/div>\n                                    \n                    <\/div>\n        <div class=\"banner-layers container\">\n            <div class=\"fill banner-link\"><\/div>            \n\n   <div id=\"text-box-17018283\" class=\"text-box banner-layer x50 md-x50 lg-x50 y50 md-y50 lg-y50 res-text\">\n                                <div class=\"text-box-content text dark\">\n              \n              <div class=\"text-inner text-center\">\n                  \n\n\n              <\/div>\n           <\/div>\n                            \n<style>\n#text-box-17018283 {\n  width: 60%;\n}\n#text-box-17018283 .text-box-content {\n  font-size: 100%;\n}\n<\/style>\n    <\/div>\n \n\n        <\/div>\n      <\/div>\n\n            \n<style>\n#banner-2013215729 {\n  padding-top: 99.99%;\n}\n#banner-2013215729 .bg.bg-loaded {\n  background-image: url(https:\/\/www.relaisstcharles.fr\/wp-content\/uploads\/2021\/03\/le-relais-saint-charles-paris-chambre-orange-vue-tour-eiffel.jpg);\n}\n@media (min-width:550px) {\n  #banner-2013215729 {\n    padding-top: 56.25%;\n  }\n}\n@media (min-width:850px) {\n  #banner-2013215729 {\n    padding-top: 56.25%;\n  }\n}\n<\/style>\n  <\/div>\n\n\n\n     <\/div>\n\n     <div class=\"loading-spin dark large centered\"><\/div>\n\n     <\/div>\n\n\n\n\t\t<\/div>\n\n\t\t\n<style>\n#section_2000472117 {\n  padding-top: 0px;\n  padding-bottom: 0px;\n}\n<\/style>\n\t<\/section>\n\t\n\t<section class=\"section\" id=\"section_841314175\">\n\t\t<div class=\"bg section-bg fill bg-fill  bg-loaded\" >\n\n\t\t\t\n\t\t\t\n\t\t\t\n\n\t\t<\/div>\n\n\t\t<div class=\"section-content relative\">\n\t\t\t\n\n<div class=\"row row-large\"  id=\"row-555611506\">\n\n\n\t<div id=\"col-2083702821\" class=\"col small-12 large-12\"  data-animate=\"bounceInUp\">\n\t\t<div class=\"col-inner\"  >\n\t\t\t\n\t\t\t\n\n<h1 style=\"text-align: center;\">Relais Saint Charles w Pary\u017cu<br \/>\n<\/h1>\n<h2 style=\"text-align: center;\">4-gwiazdkowy hotel w pobli\u017cu Wie\u017cy Eiffla<br \/>\n<\/h2>\n<p style=\"text-align: center; margin-bottom:0;\">4-gwiazdkowy Hotel Le Relais Saint Charles po\u0142o\u017cony jest w samym sercu Pary\u017ca, 10 minut spacerem od Wie\u017cy Eiffla. Obiekt ten zaprasza na pobyt w stolicy, oferuj\u0105c nowoczesny klimat i go\u015bcinn\u0105 atmosfer\u0119.<\/p>\n\n\t\t<\/div>\n\t\t\n<style>\n#col-2083702821 > .col-inner {\n  padding: 0px 0px 0 0px;\n  margin: 0px 0px 0 0px;\n}\n<\/style>\n\t<\/div>\n\n\t\n\n\n<style>\n#row-555611506 > .col > .col-inner {\n  padding: 0px 0px 0 0px;\n}\n<\/style>\n<\/div>\n<div class=\"row row-collapse row-full-width\"  id=\"row-820194190\">\n\n\n\t<div id=\"col-974653958\" class=\"col medium-4 small-12 large-4\"  data-animate=\"fadeInUp\">\n\t\t<div class=\"col-inner\"  >\n\t\t\t\n\t\t\t\n\n\t<div class=\"box has-hover   has-hover box-text-bottom\" >\n\n\t\t<div class=\"box-image\" >\n\t\t\t<a href=\"https:\/\/www.relaisstcharles.fr\/pl\/pokoje\/\"  >\t\t\t<div class=\"image-zoom-long\" >\n\t\t\t\t<img decoding=\"async\" width=\"1500\" height=\"1000\" src=\"https:\/\/www.relaisstcharles.fr\/wp-content\/uploads\/2022\/10\/CHAMBRE3-1.jpg\" class=\"attachment- size-\" alt=\"Le Relais Saint Charles Paris 15\" srcset=\"https:\/\/www.relaisstcharles.fr\/wp-content\/uploads\/2022\/10\/CHAMBRE3-1.jpg 1500w, https:\/\/www.relaisstcharles.fr\/wp-content\/uploads\/2022\/10\/CHAMBRE3-1-300x200.jpg 300w, https:\/\/www.relaisstcharles.fr\/wp-content\/uploads\/2022\/10\/CHAMBRE3-1-1024x683.jpg 1024w, https:\/\/www.relaisstcharles.fr\/wp-content\/uploads\/2022\/10\/CHAMBRE3-1-768x512.jpg 768w\" sizes=\"(max-width: 1500px) 100vw, 1500px\" \/>\t\t\t\t\t\t\t\t\t\t\t<\/div>\n\t\t\t<\/a>\t\t<\/div>\n\n\t\t<div class=\"box-text text-center\" >\n\t\t\t<div class=\"box-text-inner\">\n\t\t\t\t\n\n<h4 style=\"text-align: center;text-transform:uppercase;\">Pokoje<\/h4>\n<p style=\"text-align: center;\"><a href=\"https:\/\/www.relaisstcharles.fr\/pl\/\npokoje\/\" style=\"color:#000;\"> dowiedz si\u0119 wi\u0119cej<\/a><\/p>\n\n\t\t\t<\/div>\n\t\t<\/div>\n\t<\/div>\n\t\n\n\t\t<\/div>\n\t\t\t<\/div>\n\n\t\n\n\t<div id=\"col-1110414277\" class=\"col medium-4 small-12 large-4\"  data-animate=\"fadeInUp\">\n\t\t<div class=\"col-inner\"  >\n\t\t\t\n\t\t\t\n\n\t<div class=\"box has-hover   has-hover box-text-bottom\" >\n\n\t\t<div class=\"box-image\" >\n\t\t\t<a href=\"https:\/\/www.relaisstcharles.fr\/pl\/uslugi\/\"  >\t\t\t<div class=\"image-zoom-long\" >\n\t\t\t\t<img decoding=\"async\" width=\"1500\" height=\"999\" src=\"https:\/\/www.relaisstcharles.fr\/wp-content\/uploads\/2022\/10\/DIPTYQUE3.jpg\" class=\"attachment- size-\" alt=\"Le Relais Saint Charles Paris 15\" srcset=\"https:\/\/www.relaisstcharles.fr\/wp-content\/uploads\/2022\/10\/DIPTYQUE3.jpg 1500w, https:\/\/www.relaisstcharles.fr\/wp-content\/uploads\/2022\/10\/DIPTYQUE3-300x200.jpg 300w, https:\/\/www.relaisstcharles.fr\/wp-content\/uploads\/2022\/10\/DIPTYQUE3-1024x682.jpg 1024w, https:\/\/www.relaisstcharles.fr\/wp-content\/uploads\/2022\/10\/DIPTYQUE3-768x511.jpg 768w\" sizes=\"(max-width: 1500px) 100vw, 1500px\" \/>\t\t\t\t\t\t\t\t\t\t\t<\/div>\n\t\t\t<\/a>\t\t<\/div>\n\n\t\t<div class=\"box-text text-center\" >\n\t\t\t<div class=\"box-text-inner\">\n\t\t\t\t\n\n<h4 style=\"text-align: center; text-transform:uppercase;\"> Us\u0142ugi<\/h4>\n<p style=\"text-align: center;\"><a href=\"https:\/\/www.relaisstcharles.fr\/pl\/uslugi\/\" style=\"color:#000;\"> dowiedz si\u0119 wi\u0119cej<\/a><\/p>\n\n\t\t\t<\/div>\n\t\t<\/div>\n\t<\/div>\n\t\n\n\t\t<\/div>\n\t\t\t<\/div>\n\n\t\n\n\t<div id=\"col-1367460009\" class=\"col medium-4 small-12 large-4\"  data-animate=\"fadeInUp\">\n\t\t<div class=\"col-inner\"  >\n\t\t\t\n\t\t\t\n\n\t<div class=\"box has-hover   has-hover box-text-bottom\" >\n\n\t\t<div class=\"box-image\" >\n\t\t\t<a href=\"https:\/\/www.relaisstcharles.fr\/pl\/oferty-specjalne\/\"  >\t\t\t<div class=\"image-zoom-long\" >\n\t\t\t\t<img decoding=\"async\" width=\"1500\" height=\"1000\" src=\"https:\/\/www.relaisstcharles.fr\/wp-content\/uploads\/2022\/10\/CHAMBRE2-2.jpg\" class=\"attachment- size-\" alt=\"Le Relais Saint Charles Paris 15\" srcset=\"https:\/\/www.relaisstcharles.fr\/wp-content\/uploads\/2022\/10\/CHAMBRE2-2.jpg 1500w, https:\/\/www.relaisstcharles.fr\/wp-content\/uploads\/2022\/10\/CHAMBRE2-2-300x200.jpg 300w, https:\/\/www.relaisstcharles.fr\/wp-content\/uploads\/2022\/10\/CHAMBRE2-2-1024x683.jpg 1024w, https:\/\/www.relaisstcharles.fr\/wp-content\/uploads\/2022\/10\/CHAMBRE2-2-768x512.jpg 768w\" sizes=\"(max-width: 1500px) 100vw, 1500px\" \/>\t\t\t\t\t\t\t\t\t\t\t<\/div>\n\t\t\t<\/a>\t\t<\/div>\n\n\t\t<div class=\"box-text text-center\" >\n\t\t\t<div class=\"box-text-inner\">\n\t\t\t\t\n\n<h4 style=\"text-align: center;\"> OFERTY SPECJALNE <\/h4>\n<p style=\"text-align: center;\"><a href=\"https:\/\/www.relaisstcharles.fr\/pl\/oferty-specjalne\/\" style=\"color:#000;\"> dowiedz si\u0119 wi\u0119cej<\/a><\/p>\n\n\t\t\t<\/div>\n\t\t<\/div>\n\t<\/div>\n\t\n\n\t\t<\/div>\n\t\t\t<\/div>\n\n\t\n\n<\/div>\n<div class=\"text-center\"><div class=\"is-divider divider clearfix\" style=\"margin-top:2em;margin-bottom:2em;max-width:250px;\"><\/div><\/div>\n\n<div class=\"row row-collapse align-middle encart-presentation\"  id=\"row-134449517\">\n\n\n\t<div id=\"col-1981622554\" class=\"col medium-12 small-12 large-6\"  data-animate=\"fadeInLeft\">\n\t\t<div class=\"col-inner\"  >\n\t\t\t\n\t\t\t\n\n<h3>Je\u015bli podr\u00f3\u017cujesz s\u0142u\u017cbowo, Pary\u017c otwiera przed Tob\u0105 swoje drzwi&#8230;<\/h3>\n<p>Je\u015bli podr\u00f3\u017cujesz s\u0142u\u017cbowo do<b> Pary\u017ca<\/b>, blisko\u015b\u0107 stacji metra \u201eDupleix\u201d hotelu Le Relais Saint Charles zapewnia \u0142atwy dojazd do dworca Montparnasse, Porte de Versailles i dzielnicy La D\u00e9fense.<\/p>\n\n\t\t<\/div>\n\t\t\n<style>\n#col-1981622554 > .col-inner {\n  padding: 10px 20px 10px 20px;\n}\n<\/style>\n\t<\/div>\n\n\t\n\n\t<div id=\"col-879630829\" class=\"col medium-12 small-12 large-6 medium-col-first\"  data-animate=\"fadeInRight\">\n\t\t<div class=\"col-inner\"  >\n\t\t\t\n\t\t\t\n\n\t<div class=\"img has-hover x md-x lg-x y md-y lg-y\" id=\"image_497320867\">\n\t\t\t\t\t\t\t\t<div class=\"img-inner dark\" >\n\t\t\t<img decoding=\"async\" width=\"1020\" height=\"680\" src=\"https:\/\/www.relaisstcharles.fr\/wp-content\/uploads\/2022\/10\/FACADE2-1024x683.jpg\" class=\"attachment-large size-large\" alt=\"Le Relais Saint Charles Paris 15\" srcset=\"https:\/\/www.relaisstcharles.fr\/wp-content\/uploads\/2022\/10\/FACADE2-1024x683.jpg 1024w, https:\/\/www.relaisstcharles.fr\/wp-content\/uploads\/2022\/10\/FACADE2-300x200.jpg 300w, https:\/\/www.relaisstcharles.fr\/wp-content\/uploads\/2022\/10\/FACADE2-768x512.jpg 768w, https:\/\/www.relaisstcharles.fr\/wp-content\/uploads\/2022\/10\/FACADE2.jpg 1500w\" sizes=\"(max-width: 1020px) 100vw, 1020px\" \/>\t\t\t\t\t\t\n\t\t\t\t\t<\/div>\n\t\t\t\t\t\t\t\t\n<style>\n#image_497320867 {\n  width: 100%;\n}\n<\/style>\n\t<\/div>\n\t\n\n\n\t\t<\/div>\n\t\t\t<\/div>\n\n\t\n\n<\/div>\n<div class=\"row row-collapse align-middle encart-presentation\"  id=\"row-1212260106\">\n\n\n\t<div id=\"col-568648648\" class=\"col medium-12 small-12 large-6\"  data-animate=\"fadeInLeft\">\n\t\t<div class=\"col-inner\"  >\n\t\t\t\n\t\t\t\n\n\t<div class=\"img has-hover x md-x lg-x y md-y lg-y\" id=\"image_1126845199\">\n\t\t\t\t\t\t\t\t<div class=\"img-inner dark\" >\n\t\t\t<img decoding=\"async\" width=\"1020\" height=\"679\" src=\"https:\/\/www.relaisstcharles.fr\/wp-content\/uploads\/2022\/10\/DIPTYQUE2-1024x682.jpg\" class=\"attachment-large size-large\" alt=\"Le Relais Saint Charles Paris 15\" srcset=\"https:\/\/www.relaisstcharles.fr\/wp-content\/uploads\/2022\/10\/DIPTYQUE2-1024x682.jpg 1024w, https:\/\/www.relaisstcharles.fr\/wp-content\/uploads\/2022\/10\/DIPTYQUE2-300x200.jpg 300w, https:\/\/www.relaisstcharles.fr\/wp-content\/uploads\/2022\/10\/DIPTYQUE2-768x511.jpg 768w, https:\/\/www.relaisstcharles.fr\/wp-content\/uploads\/2022\/10\/DIPTYQUE2.jpg 1500w\" sizes=\"(max-width: 1020px) 100vw, 1020px\" \/>\t\t\t\t\t\t\n\t\t\t\t\t<\/div>\n\t\t\t\t\t\t\t\t\n<style>\n#image_1126845199 {\n  width: 100%;\n}\n<\/style>\n\t<\/div>\n\t\n\n\n\t\t<\/div>\n\t\t\t<\/div>\n\n\t\n\n\t<div id=\"col-770442872\" class=\"col medium-12 small-12 large-6\"  data-animate=\"fadeInRight\">\n\t\t<div class=\"col-inner\"  >\n\t\t\t\n\t\t\t\n\n<h3>Podczas wycieczek turystycznych odlryjesz uroki Paryza\u2026<\/h3>\n<p>Je\u015bli chcesz odwiedzi\u0107 Pary\u017c, hotel Le <strong>Relais Saint Charles<\/strong>, po\u0142o\u017cony niedaleko Wie\u017cy Eiffla, b\u0119dzie punktem wyj\u015bcia do odkrywania zabytk\u00f3w \u201eMiasta \u015awiate\u0142\u201d pieszo, autobusem lub podczas rejsu po Sekwanie. Podziwiaj Wie\u017c\u0119 Eiffla, Les Invalides, Trocad\u00e9ro, \u0141uk Triumfalny, Pola Elizejskie, Katedr\u0119 Notre-Dame oraz najwa\u017cniejsze atrakcje turystyczne stolicy. Odkryj r\u00f3wnie\u017c Luwr, Grand Palais lub Muzeum Orsay\u2026<\/p>\n\n\t\t<\/div>\n\t\t\n<style>\n#col-770442872 > .col-inner {\n  padding: 10px 20px 10px 20px;\n}\n<\/style>\n\t<\/div>\n\n\t\n\n<\/div>\n<div class=\"text-center\"><div class=\"is-divider divider clearfix\" style=\"margin-top:2em;margin-bottom:2em;max-width:250px;\"><\/div><\/div>\n\n\n\t\t<\/div>\n\n\t\t\n<style>\n#section_841314175 {\n  padding-top: 30px;\n  padding-bottom: 30px;\n}\n<\/style>\n\t<\/section>\n\t\n\t<section class=\"section\" id=\"section_723405521\">\n\t\t<div class=\"bg section-bg fill bg-fill  bg-loaded\" >\n\n\t\t\t\n\t\t\t\n\t\t\t\n\n\t\t<\/div>\n\n\t\t<div class=\"section-content relative\">\n\t\t\t\n\n<p><iframe src=\"https:\/\/www.google.com\/maps\/embed?pb=!1m18!1m12!1m3!1d5893.194130660151!2d2.289751353315126!3d48.85592931274104!2m3!1f0!2f0!3f0!3m2!1i1024!2i768!4f13.1!3m3!1m2!1s0x47e6701bd7bc29b7%3A0x6a40127f533e3fbe!2s72%20Boulevard%20de%20Grenelle%2C%2075015%20Paris!5e0!3m2!1sfr!2sfr!4v1615959537934!5m2!1sfr!2sfr\" width=\"100%\" height=\"450\" style=\"border:0;\" allowfullscreen=\"\" loading=\"lazy\"><\/iframe><\/p>\n<h4 style=\"text-align: center;text-transform:uppercase;\"> po\u0142o\u017cenie <\/h4>\n<p style=\"text-align: center; \"><a href=\"https:\/\/www.relaisstcharles.fr\/pl\/po\u0142ozenie\/\" style=\"color:#000;\"> dowiedz si\u0119 wi\u0119cej<\/a><\/p>\n<div class=\"text-center\"><div class=\"is-divider divider clearfix\" style=\"margin-top:2em;margin-bottom:2em;max-width:250px;\"><\/div><\/div>\n\n\n\t\t<\/div>\n\n\t\t\n<style>\n#section_723405521 {\n  padding-top: 30px;\n  padding-bottom: 30px;\n}\n<\/style>\n\t<\/section>\n\t\n\t<section class=\"section\" id=\"section_220989148\">\n\t\t<div class=\"bg section-bg fill bg-fill  bg-loaded\" >\n\n\t\t\t\n\t\t\t\n\t\t\t\n\n\t\t<\/div>\n\n\t\t<div class=\"section-content relative\">\n\t\t\t\n\n<div class=\"row\"  id=\"row-382116949\">\n\n\n\t<div id=\"col-1719358775\" class=\"col small-12 large-12\"  >\n\t\t<div class=\"col-inner\"  >\n\t\t\t\n\t\t\t\n\n<h3 style=\"text-align: center;\">Hotel le Relais Saint Charles, w pobli\u017cu Wie\u017cy Eiffla<\/h3>\n<p>\u00a0<\/p>\n<p class=\"p1\">Dzielnica Wie\u017cy Eiffla jest jedn\u0105 z najruchliwszych dzielnic Pary\u017ca. To miejsce jest spe\u0142nieniem marze\u0144 ca\u0142ego \u015bwiata, z Wie\u017c\u0105 Eiffla, \u00c9cole Militaire, Les Invalides i Mus\u00e9e du Quai Branly. Taras Pa\u0142acu Chaillot jest idealnym miejscem, aby podziwia\u0107 pi\u0119kny widok na wszystkie te zabytki, a w szczeg\u00f3lno\u015bci na Wie\u017c\u0119 Eiffla. Po drugiej stronie Sekwany znajduje si\u0119 Pole Marsowe, czyli wspania\u0142a zielona aleja mi\u0119dzy Wie\u017c\u0105 Eiffla a \u00c9cole Militaire.<\/p>\n<p class=\"p1\">Hotel Relais Saint Charles po\u0142o\u017cony jest naprzeciwko stacji metra Dupleix i 10 minut spacerem od Wie\u017cy Eiffla, P\u00f3l Marsowych i \u00c9cole Militaire. Jest to idealne miejsce do zwiedzania zabytk\u00f3w Pary\u017ca. W tym hotelu znajduje si\u0119 kilka pokoi, z kt\u00f3rych mo\u017cna podziwia\u0107 widok na Wie\u017c\u0119 Eiffla nie wychodz\u0105c z \u0142\u00f3\u017cka.<\/p>\n\n\t\t<\/div>\n\t\t\t<\/div>\n\n\t\n\n<\/div>\n\n\t\t<\/div>\n\n\t\t\n<style>\n#section_220989148 {\n  padding-top: 0px;\n  padding-bottom: 0px;\n}\n<\/style>\n\t<\/section>\n\t\n\n","protected":false},"excerpt":{"rendered":"","protected":false},"author":1,"featured_media":0,"parent":0,"menu_order":0,"comment_status":"closed","ping_status":"closed","template":"page-transparent-header.php","meta":{"footnotes":""},"class_list":["post-802","page","type-page","status-publish","hentry"],"yoast_head":"<!-- This site is optimized with the Yoast SEO plugin v23.1 - https:\/\/yoast.com\/wordpress\/plugins\/seo\/ -->\n<title>Hotel Le Relais Saint Charles Pary\u017c, hotel Wie\u017ca Eiffla w Pary\u017cu<\/title>\n<meta name=\"description\" content=\"4-gwiazdkowy hotel Relais St-Charles po\u0142o\u017cony jest w samym sercu dzielnicy Grenelle, zaledwie rzut beretem od Wie\u017cy Eiffla, w samym sercu Pary\u017ca.\" \/>\n<meta name=\"robots\" content=\"index, follow, max-snippet:-1, max-image-preview:large, max-video-preview:-1\" \/>\n<link rel=\"canonical\" href=\"https:\/\/www.relaisstcharles.fr\/\" \/>\n<meta property=\"og:locale\" content=\"pl_PL\" \/>\n<meta property=\"og:type\" content=\"article\" \/>\n<meta property=\"og:title\" content=\"Hotel Le Relais Saint Charles Pary\u017c, hotel Wie\u017ca Eiffla w Pary\u017cu\" \/>\n<meta property=\"og:description\" content=\"4-gwiazdkowy hotel Relais St-Charles po\u0142o\u017cony jest w samym sercu dzielnicy Grenelle, zaledwie rzut beretem od Wie\u017cy Eiffla, w samym sercu Pary\u017ca.\" \/>\n<meta property=\"og:url\" content=\"https:\/\/www.relaisstcharles.fr\/\" \/>\n<meta property=\"og:site_name\" content=\"Le Relais Saint Charles\" \/>\n<meta property=\"article:modified_time\" content=\"2025-08-20T14:06:43+00:00\" \/>\n<meta name=\"twitter:card\" content=\"summary_large_image\" \/>\n<meta name=\"twitter:label1\" content=\"Szacowany czas czytania\" \/>\n\t<meta name=\"twitter:data1\" content=\"3 minuty\" \/>\n<script type=\"application\/ld+json\" class=\"yoast-schema-graph\">{\"@context\":\"https:\/\/schema.org\",\"@graph\":[{\"@type\":\"WebPage\",\"@id\":\"https:\/\/www.relaisstcharles.fr\/\",\"url\":\"https:\/\/www.relaisstcharles.fr\/\",\"name\":\"Hotel Le Relais Saint Charles Pary\u017c, hotel Wie\u017ca Eiffla w Pary\u017cu\",\"isPartOf\":{\"@id\":\"https:\/\/www.relaisstcharles.fr\/en\/#website\"},\"datePublished\":\"2021-03-15T13:57:06+00:00\",\"dateModified\":\"2025-08-20T14:06:43+00:00\",\"description\":\"4-gwiazdkowy hotel Relais St-Charles po\u0142o\u017cony jest w samym sercu dzielnicy Grenelle, zaledwie rzut beretem od Wie\u017cy Eiffla, w samym sercu Pary\u017ca.\",\"breadcrumb\":{\"@id\":\"https:\/\/www.relaisstcharles.fr\/#breadcrumb\"},\"inLanguage\":\"pl-PL\",\"potentialAction\":[{\"@type\":\"ReadAction\",\"target\":[\"https:\/\/www.relaisstcharles.fr\/\"]}]},{\"@type\":\"BreadcrumbList\",\"@id\":\"https:\/\/www.relaisstcharles.fr\/#breadcrumb\",\"itemListElement\":[{\"@type\":\"ListItem\",\"position\":1,\"name\":\"Accueil\",\"item\":\"https:\/\/www.relaisstcharles.fr\/\"},{\"@type\":\"ListItem\",\"position\":2,\"name\":\"Accueil\"}]},{\"@type\":\"WebSite\",\"@id\":\"https:\/\/www.relaisstcharles.fr\/en\/#website\",\"url\":\"https:\/\/www.relaisstcharles.fr\/en\/\",\"name\":\"Le Relais Saint Charles\",\"description\":\"H\u00f4tel 3 \u00e9toiles proche de la Tour Eiffel\",\"potentialAction\":[{\"@type\":\"SearchAction\",\"target\":{\"@type\":\"EntryPoint\",\"urlTemplate\":\"https:\/\/www.relaisstcharles.fr\/en\/?s={search_term_string}\"},\"query-input\":\"required name=search_term_string\"}],\"inLanguage\":\"pl-PL\"}]}<\/script>\n<!-- \/ Yoast SEO plugin. -->","yoast_head_json":{"title":"Hotel Le Relais Saint Charles Pary\u017c, hotel Wie\u017ca Eiffla w Pary\u017cu","description":"4-gwiazdkowy hotel Relais St-Charles po\u0142o\u017cony jest w samym sercu dzielnicy Grenelle, zaledwie rzut beretem od Wie\u017cy Eiffla, w samym sercu Pary\u017ca.","robots":{"index":"index","follow":"follow","max-snippet":"max-snippet:-1","max-image-preview":"max-image-preview:large","max-video-preview":"max-video-preview:-1"},"canonical":"https:\/\/www.relaisstcharles.fr\/","og_locale":"pl_PL","og_type":"article","og_title":"Hotel Le Relais Saint Charles Pary\u017c, hotel Wie\u017ca Eiffla w Pary\u017cu","og_description":"4-gwiazdkowy hotel Relais St-Charles po\u0142o\u017cony jest w samym sercu dzielnicy Grenelle, zaledwie rzut beretem od Wie\u017cy Eiffla, w samym sercu Pary\u017ca.","og_url":"https:\/\/www.relaisstcharles.fr\/","og_site_name":"Le Relais Saint Charles","article_modified_time":"2025-08-20T14:06:43+00:00","twitter_card":"summary_large_image","twitter_misc":{"Szacowany czas czytania":"3 minuty"},"schema":{"@context":"https:\/\/schema.org","@graph":[{"@type":"WebPage","@id":"https:\/\/www.relaisstcharles.fr\/","url":"https:\/\/www.relaisstcharles.fr\/","name":"Hotel Le Relais Saint Charles Pary\u017c, hotel Wie\u017ca Eiffla w Pary\u017cu","isPartOf":{"@id":"https:\/\/www.relaisstcharles.fr\/en\/#website"},"datePublished":"2021-03-15T13:57:06+00:00","dateModified":"2025-08-20T14:06:43+00:00","description":"4-gwiazdkowy hotel Relais St-Charles po\u0142o\u017cony jest w samym sercu dzielnicy Grenelle, zaledwie rzut beretem od Wie\u017cy Eiffla, w samym sercu Pary\u017ca.","breadcrumb":{"@id":"https:\/\/www.relaisstcharles.fr\/#breadcrumb"},"inLanguage":"pl-PL","potentialAction":[{"@type":"ReadAction","target":["https:\/\/www.relaisstcharles.fr\/"]}]},{"@type":"BreadcrumbList","@id":"https:\/\/www.relaisstcharles.fr\/#breadcrumb","itemListElement":[{"@type":"ListItem","position":1,"name":"Accueil","item":"https:\/\/www.relaisstcharles.fr\/"},{"@type":"ListItem","position":2,"name":"Accueil"}]},{"@type":"WebSite","@id":"https:\/\/www.relaisstcharles.fr\/en\/#website","url":"https:\/\/www.relaisstcharles.fr\/en\/","name":"Le Relais Saint Charles","description":"H\u00f4tel 3 \u00e9toiles proche de la Tour Eiffel","potentialAction":[{"@type":"SearchAction","target":{"@type":"EntryPoint","urlTemplate":"https:\/\/www.relaisstcharles.fr\/en\/?s={search_term_string}"},"query-input":"required name=search_term_string"}],"inLanguage":"pl-PL"}]}},"_links":{"self":[{"href":"https:\/\/www.relaisstcharles.fr\/pl\/wp-json\/wp\/v2\/pages\/802","targetHints":{"allow":["GET"]}}],"collection":[{"href":"https:\/\/www.relaisstcharles.fr\/pl\/wp-json\/wp\/v2\/pages"}],"about":[{"href":"https:\/\/www.relaisstcharles.fr\/pl\/wp-json\/wp\/v2\/types\/page"}],"author":[{"embeddable":true,"href":"https:\/\/www.relaisstcharles.fr\/pl\/wp-json\/wp\/v2\/users\/1"}],"replies":[{"embeddable":true,"href":"https:\/\/www.relaisstcharles.fr\/pl\/wp-json\/wp\/v2\/comments?post=802"}],"version-history":[{"count":5,"href":"https:\/\/www.relaisstcharles.fr\/pl\/wp-json\/wp\/v2\/pages\/802\/revisions"}],"predecessor-version":[{"id":953,"href":"https:\/\/www.relaisstcharles.fr\/pl\/wp-json\/wp\/v2\/pages\/802\/revisions\/953"}],"wp:attachment":[{"href":"https:\/\/www.relaisstcharles.fr\/pl\/wp-json\/wp\/v2\/media?parent=802"}],"curies":[{"name":"wp","href":"https:\/\/api.w.org\/{rel}","templated":true}]}}