{"id":827,"date":"2021-03-25T09:22:07","date_gmt":"2021-03-25T08:22:07","guid":{"rendered":"https:\/\/www.relaisstcharles.fr\/situation\/"},"modified":"2025-06-16T14:47:34","modified_gmt":"2025-06-16T12:47:34","slug":"ubicacion","status":"publish","type":"page","link":"https:\/\/www.relaisstcharles.fr\/es\/ubicacion\/","title":{"rendered":"Situation"},"content":{"rendered":"\n\t<section class=\"section\" id=\"section_1589476159\">\n\t\t<div class=\"bg section-bg fill bg-fill  bg-loaded\" >\n\n\t\t\t\n\t\t\t\n\t\t\t\n\n\t\t<\/div>\n\n\t\t<div class=\"section-content relative\">\n\t\t\t\n\n<p><iframe src=\"https:\/\/www.google.com\/maps\/embed?pb=!1m18!1m12!1m3!1d5893.194130660151!2d2.289751353315126!3d48.85592931274104!2m3!1f0!2f0!3f0!3m2!1i1024!2i768!4f13.1!3m3!1m2!1s0x47e6701bd7bc29b7%3A0x6a40127f533e3fbe!2s72%20Boulevard%20de%20Grenelle%2C%2075015%20Paris!5e0!3m2!1sfr!2sfr!4v1615959537934!5m2!1sfr!2sfr\" width=\"100%\" height=\"450\" style=\"border:0;\" allowfullscreen=\"\" loading=\"lazy\"><\/iframe><\/p>\n\n\t\t<\/div>\n\n\t\t\n<style>\n#section_1589476159 {\n  padding-top: 0px;\n  padding-bottom: 0px;\n}\n<\/style>\n\t<\/section>\n\t\n\t<section class=\"section\" id=\"section_57508569\">\n\t\t<div class=\"bg section-bg fill bg-fill  bg-loaded\" >\n\n\t\t\t\n\t\t\t\n\t\t\t\n\n\t\t<\/div>\n\n\t\t<div class=\"section-content relative\">\n\t\t\t\n\n<div class=\"row row-large\"  id=\"row-2012060332\">\n\n\n\t<div id=\"col-210809071\" class=\"col small-12 large-12\"  data-animate=\"bounceInUp\">\n\t\t<div class=\"col-inner\"  >\n\t\t\t\n\t\t\t\n\n<h1 style=\"text-align: center;\">El Relais Saint Charles Par\u00eds<\/h1>\n<h2 style=\"text-align: center;\">Idealmente situado a 10 minutos a pie de la Torre Eiffel en el coraz\u00f3n de Par\u00eds.<\/h2>\n<p style=\"text-align: center; margin-bottom: 20px;\">El metro, situado a 50 metros, le lleva hacia el Arco de Triunfo, los Campos El\u00edseos, el barrio de Saint-Germain-des-Pr\u00e9s, Saint-Michel o Notre-Dame. Aproveche el muelle vecino , a unos cientos de metros, y disfrute de un rom\u00e1ntico crucero en barco por el Sena\u2026.<\/p>\n<p class=\"p1\" style=\"text-align: center;\"><b>L\u00ednea 6 del metro: <\/b>estaci\u00f3n DUPLEIX<b> \u2013 Autob\u00fas 80: <\/b>parada<b> \u201cLa Motte Piquet Grenelle\u201d<\/b><\/p>\n<p>\u00a0<\/p>\n<p style=\"text-align: center;\"><strong>HOTEL 3 ETOILES LE RELAIS SAINT CHARLES<\/strong><br \/>72 BOULEVARD DE GRENELLE<br \/>75015 PARIS<\/p>\n<p style=\"text-align: center;\">Port : + 33\u00a07 81 12 14 50<br \/>Tel : +33 1 40 58 00 57<br \/>rcs@relaisstcharles.fr<\/p>\n\n\t\t<\/div>\n\t\t\n<style>\n#col-210809071 > .col-inner {\n  padding: 0px 0px 0 0px;\n  margin: 0px 0px 0 0px;\n}\n<\/style>\n\t<\/div>\n\n\t\n\n\n<style>\n#row-2012060332 > .col > .col-inner {\n  padding: 0px 0px 0 0px;\n}\n<\/style>\n<\/div>\n<div class=\"text-center\"><div class=\"is-divider divider clearfix\" style=\"margin-top:2em;margin-bottom:2em;max-width:250px;\"><\/div><\/div>\n\n<div class=\"row row-collapse encart-presentation\"  id=\"row-967521833\">\n\n\n\t<div id=\"col-2002679190\" class=\"col small-12 large-12\"  >\n\t\t<div class=\"col-inner\"  >\n\t\t\t\n\t\t\t\n\n<h3 style=\"text-align: center; font-size: 30px;\"> C\u00d3MO LLEGAR? <\/h3>\n\n\t\t<\/div>\n\t\t\n<style>\n#col-2002679190 > .col-inner {\n  margin: 0px 0px 40px 0px;\n}\n<\/style>\n\t<\/div>\n\n\t\n\n\t<div id=\"col-1651993828\" class=\"col medium-12 small-12 large-6\"  data-animate=\"fadeInLeft\">\n\t\t<div class=\"col-inner\"  >\n\t\t\t\n\t\t\t\n\n<h4 style=\"text-transform: uppercase;\">Indicaciones desde los aeropuertos\n<\/h4>\n<p><u> Desde el Aeropuerto Charles de Gaulle: <\/u>&nbsp;: (aproximadamente 1 hora)<\/p>\n<p>&nbsp;<\/p>\n<ul>\n<li>Tome la l\u00ednea B hacia Massy-Palaiseau hasta la parada Denfert Rochereau\n<\/li>\n<li>Tome la l\u00ednea M6 hacia \u00cele-de-France hasta la parada Dupleix\n<\/li>\n<\/ul>\n<p><u>Desde el Aeropuerto de Orly<\/u> : (aproximadamente 50 minutos)<\/p>\n<ul>\n<li>Tome el autob\u00fas lanzadera hasta la estaci\u00f3n Antony\n<\/li>\n<li>Tome el RER B hacia el Aeropuerto Charles de Gaulle hasta la parada Denfert Rochereau\n<\/li>\n<li> Tome la l\u00ednea M6 hacia \u00cele-de-France y b\u00e1jese en la parada Dupleix <\/li>\n<\/ul>\n\n\t\t<\/div>\n\t\t\n<style>\n#col-1651993828 > .col-inner {\n  padding: 10px 20px 10px 20px;\n}\n<\/style>\n\t<\/div>\n\n\t\n\n\t<div id=\"col-960889288\" class=\"col medium-12 small-12 large-6 medium-col-first\"  data-animate=\"fadeInRight\">\n\t\t<div class=\"col-inner\"  >\n\t\t\t\n\t\t\t\n\n\t<div class=\"img has-hover x md-x lg-x y md-y lg-y\" id=\"image_1589419713\">\n\t\t\t\t\t\t\t\t<div class=\"img-inner dark\" >\n\t\t\t<img decoding=\"async\" width=\"1020\" height=\"679\" src=\"https:\/\/www.relaisstcharles.fr\/wp-content\/uploads\/2022\/10\/DIPTYQUE1-1024x682.jpg\" class=\"attachment-large size-large\" alt=\"Le Relais Saint Charles Paris 15\" srcset=\"https:\/\/www.relaisstcharles.fr\/wp-content\/uploads\/2022\/10\/DIPTYQUE1-1024x682.jpg 1024w, https:\/\/www.relaisstcharles.fr\/wp-content\/uploads\/2022\/10\/DIPTYQUE1-300x200.jpg 300w, https:\/\/www.relaisstcharles.fr\/wp-content\/uploads\/2022\/10\/DIPTYQUE1-768x511.jpg 768w, https:\/\/www.relaisstcharles.fr\/wp-content\/uploads\/2022\/10\/DIPTYQUE1.jpg 1500w\" sizes=\"(max-width: 1020px) 100vw, 1020px\" \/>\t\t\t\t\t\t\n\t\t\t\t\t<\/div>\n\t\t\t\t\t\t\t\t\n<style>\n#image_1589419713 {\n  width: 100%;\n}\n<\/style>\n\t<\/div>\n\t\n\n\n\t\t<\/div>\n\t\t\t<\/div>\n\n\t\n\n<\/div>\n<div class=\"row row-collapse encart-presentation\"  id=\"row-762324260\">\n\n\n\t<div id=\"col-1257691716\" class=\"col medium-12 small-12 large-6\"  data-animate=\"fadeInLeft\">\n\t\t<div class=\"col-inner\"  >\n\t\t\t\n\t\t\t\n\n\t<div class=\"img has-hover x md-x lg-x y md-y lg-y\" id=\"image_1838798432\">\n\t\t\t\t\t\t\t\t<div class=\"img-inner dark\" >\n\t\t\t<img decoding=\"async\" width=\"683\" height=\"1024\" src=\"https:\/\/www.relaisstcharles.fr\/wp-content\/uploads\/2022\/10\/CHAMBRE1-5-683x1024.jpg\" class=\"attachment-large size-large\" alt=\"Le Relais Saint Charles Paris 15\" srcset=\"https:\/\/www.relaisstcharles.fr\/wp-content\/uploads\/2022\/10\/CHAMBRE1-5-683x1024.jpg 683w, https:\/\/www.relaisstcharles.fr\/wp-content\/uploads\/2022\/10\/CHAMBRE1-5-200x300.jpg 200w, https:\/\/www.relaisstcharles.fr\/wp-content\/uploads\/2022\/10\/CHAMBRE1-5-768x1152.jpg 768w, https:\/\/www.relaisstcharles.fr\/wp-content\/uploads\/2022\/10\/CHAMBRE1-5.jpg 1000w\" sizes=\"(max-width: 683px) 100vw, 683px\" \/>\t\t\t\t\t\t\n\t\t\t\t\t<\/div>\n\t\t\t\t\t\t\t\t\n<style>\n#image_1838798432 {\n  width: 100%;\n}\n<\/style>\n\t<\/div>\n\t\n\n\n\t\t<\/div>\n\t\t\t<\/div>\n\n\t\n\n\t<div id=\"col-1996990511\" class=\"col medium-12 small-12 large-6\"  data-animate=\"fadeInRight\">\n\t\t<div class=\"col-inner\"  >\n\t\t\t\n\t\t\t\n\n<h4 style=\"text-transform: uppercase;\">Indicaciones desde las estaciones de tren<\/h4>\n<p ><u>Desde la Gare Montparnasse: <\/u>(aproximadamente 15 minutos)<\/p>\n<p>Tome la l\u00ednea M6 desde la parada Montparnasse \u2013 Bienvenido hasta la parada Dupleix.<\/p>\n<p>\u00a0<\/p>\n<p ><u>Desde la Gare d&#8217;Austerlitz: <\/u>(aproximadamente 30 minutos)<\/p>\n<p >\u2022 Tome la l\u00ednea M5 hasta la parada Place d&#8217;Italie.<\/p>\n<p >\u2022 Tome la l\u00ednea M6 en direcci\u00f3n a \u00c9toile hasta la parada Dupleix.<\/p>\n<p >O<\/p>\n<p >\u2022 Tome la l\u00ednea M10 desde Boulogne Pont de Saint-Cloud hasta la parada Motte-Piquet-Grenelle.<\/p>\n<p>\u00a0<\/p>\n<p ><u>Desde la Gare de Lyon: <\/u>(aproximadamente 30 minutos)<\/p>\n<p>\u2022 Tome la l\u00ednea M14 en direcci\u00f3n a Mairie de Saint-Ouen.<\/p>\n<p >\u2022 B\u00e1jese en la parada Madeleine y tome la l\u00ednea M8 en direcci\u00f3n a Balard.<\/p>\n<p class=\"p1\">\u2022 B\u00e1jese en la parada Motte-Picquet-Grenelle.<\/p>\n<p >\u2022 Tome la l\u00ednea M6 en direcci\u00f3n a \u00c9toile y b\u00e1jese en la parada Dupleix.<\/p>\n<p >O<\/p>\n<p >Tome el RER A hacia Saint-Germain-en-Laye y b\u00e1jese en Charles de Gaulle \u2013 \u00c9toile. Luego, tome la l\u00ednea M6 hacia Nation y b\u00e1jese en la parada Dupleix.<\/p>\n<p>\u00a0<\/p>\n<p ><u>Desde la Gare du Nord:<\/u> (aproximadamente 30 minutos)<\/p>\n<p >\u2022 Tome la l\u00ednea E \u2013 Magenta y b\u00e1jese en Haussmann Saint-Lazare.<\/p>\n<p >\u2022 Tome la l\u00ednea M9 hacia Pont de S\u00e8vres y b\u00e1jese en la parada Trocad\u00e9ro.<\/p>\n<p>\u2022 Tome la l\u00ednea M6 hacia Nation y b\u00e1jese en la parada Dupleix.<\/p>\n<p>\u00a0<\/p>\n<p ><u>Desde la Gare Saint-Lazare:<\/u> (aproximadamente 25 minutos)<\/p>\n<p class=\"p1\">\u2022 Tome la l\u00ednea M9 hacia Pont de S\u00e8vres y b\u00e1jese en la parada Trocad\u00e9ro.<\/p>\n<p class=\"p1\">\u2022 Tome la l\u00ednea M6 hacia Nation y b\u00e1jese en la parada Dupleix. Desde la Gare de l&#8217;Est: (aproximadamente 30 minutos)<\/p>\n<p class=\"p1\">\u2022 Tome la l\u00ednea M6 hasta la parada Pasteur.<\/p>\n<p class=\"p1\">\u2022 Tome la l\u00ednea M12 en direcci\u00f3n Front Populaire hasta la parada Montparnasse-Bienven\u00fce y b\u00e1jese.<\/p>\n<p class=\"p1\">\u2022 Tome la l\u00ednea M6 en direcci\u00f3n Etoile y b\u00e1jese en la parada Dupleix.<\/p>\n\n\t\t<\/div>\n\t\t\n<style>\n#col-1996990511 > .col-inner {\n  padding: 10px 20px 10px 20px;\n}\n<\/style>\n\t<\/div>\n\n\t\n\n<\/div>\n<div class=\"text-center\"><div class=\"is-divider divider clearfix\" style=\"margin-top:2em;margin-bottom:2em;max-width:250px;\"><\/div><\/div>\n\n\n\t\t<\/div>\n\n\t\t\n<style>\n#section_57508569 {\n  padding-top: 30px;\n  padding-bottom: 30px;\n}\n<\/style>\n\t<\/section>\n\t\n\n","protected":false},"excerpt":{"rendered":"","protected":false},"author":1,"featured_media":0,"parent":0,"menu_order":0,"comment_status":"closed","ping_status":"closed","template":"page-blank.php","meta":{"footnotes":""},"class_list":["post-827","page","type-page","status-publish","hentry"],"yoast_head":"<!-- This site is optimized with the Yoast SEO plugin v23.1 - https:\/\/yoast.com\/wordpress\/plugins\/seo\/ -->\n<title>Ubicaci\u00f3n y acceso al Hotel Le Relais St Charles ParisTour Eiffel en Par\u00eds<\/title>\n<meta name=\"description\" content=\"El hotel Relais Saint Charles est\u00e1 situado cerca de la Torre Eiffel y del Trocadero. El metro, a 50 metros, conecta con el Arco del Triunfo, los Campos El\u00edseos, el barrio de Saint-Germain-des-Pr\u00e9s, Saint-Michel y Notre-Dame.\" \/>\n<meta name=\"robots\" content=\"index, follow, max-snippet:-1, max-image-preview:large, max-video-preview:-1\" \/>\n<link rel=\"canonical\" href=\"https:\/\/www.relaisstcharles.fr\/es\/ubicacion\/\" \/>\n<meta property=\"og:locale\" content=\"es_ES\" \/>\n<meta property=\"og:type\" content=\"article\" \/>\n<meta property=\"og:title\" content=\"Ubicaci\u00f3n y acceso al Hotel Le Relais St Charles ParisTour Eiffel en Par\u00eds\" \/>\n<meta property=\"og:description\" content=\"El hotel Relais Saint Charles est\u00e1 situado cerca de la Torre Eiffel y del Trocadero. El metro, a 50 metros, conecta con el Arco del Triunfo, los Campos El\u00edseos, el barrio de Saint-Germain-des-Pr\u00e9s, Saint-Michel y Notre-Dame.\" \/>\n<meta property=\"og:url\" content=\"https:\/\/www.relaisstcharles.fr\/es\/ubicacion\/\" \/>\n<meta property=\"og:site_name\" content=\"Le Relais Saint Charles\" \/>\n<meta property=\"article:modified_time\" content=\"2025-06-16T12:47:34+00:00\" \/>\n<meta name=\"twitter:card\" content=\"summary_large_image\" \/>\n<meta name=\"twitter:label1\" content=\"Tiempo de lectura\" \/>\n\t<meta name=\"twitter:data1\" content=\"3 minutos\" \/>\n<script type=\"application\/ld+json\" class=\"yoast-schema-graph\">{\"@context\":\"https:\/\/schema.org\",\"@graph\":[{\"@type\":\"WebPage\",\"@id\":\"https:\/\/www.relaisstcharles.fr\/es\/ubicacion\/\",\"url\":\"https:\/\/www.relaisstcharles.fr\/es\/ubicacion\/\",\"name\":\"Ubicaci\u00f3n y acceso al Hotel Le Relais St Charles ParisTour Eiffel en Par\u00eds\",\"isPartOf\":{\"@id\":\"https:\/\/www.relaisstcharles.fr\/en\/#website\"},\"datePublished\":\"2021-03-25T08:22:07+00:00\",\"dateModified\":\"2025-06-16T12:47:34+00:00\",\"description\":\"El hotel Relais Saint Charles est\u00e1 situado cerca de la Torre Eiffel y del Trocadero. El metro, a 50 metros, conecta con el Arco del Triunfo, los Campos El\u00edseos, el barrio de Saint-Germain-des-Pr\u00e9s, Saint-Michel y Notre-Dame.\",\"breadcrumb\":{\"@id\":\"https:\/\/www.relaisstcharles.fr\/es\/ubicacion\/#breadcrumb\"},\"inLanguage\":\"es\",\"potentialAction\":[{\"@type\":\"ReadAction\",\"target\":[\"https:\/\/www.relaisstcharles.fr\/es\/ubicacion\/\"]}]},{\"@type\":\"BreadcrumbList\",\"@id\":\"https:\/\/www.relaisstcharles.fr\/es\/ubicacion\/#breadcrumb\",\"itemListElement\":[{\"@type\":\"ListItem\",\"position\":1,\"name\":\"Accueil\",\"item\":\"https:\/\/www.relaisstcharles.fr\/es\/\"},{\"@type\":\"ListItem\",\"position\":2,\"name\":\"Situation\"}]},{\"@type\":\"WebSite\",\"@id\":\"https:\/\/www.relaisstcharles.fr\/en\/#website\",\"url\":\"https:\/\/www.relaisstcharles.fr\/en\/\",\"name\":\"Le Relais Saint Charles\",\"description\":\"H\u00f4tel 3 \u00e9toiles proche de la Tour Eiffel\",\"potentialAction\":[{\"@type\":\"SearchAction\",\"target\":{\"@type\":\"EntryPoint\",\"urlTemplate\":\"https:\/\/www.relaisstcharles.fr\/en\/?s={search_term_string}\"},\"query-input\":\"required name=search_term_string\"}],\"inLanguage\":\"es\"}]}<\/script>\n<!-- \/ Yoast SEO plugin. -->","yoast_head_json":{"title":"Ubicaci\u00f3n y acceso al Hotel Le Relais St Charles ParisTour Eiffel en Par\u00eds","description":"El hotel Relais Saint Charles est\u00e1 situado cerca de la Torre Eiffel y del Trocadero. El metro, a 50 metros, conecta con el Arco del Triunfo, los Campos El\u00edseos, el barrio de Saint-Germain-des-Pr\u00e9s, Saint-Michel y Notre-Dame.","robots":{"index":"index","follow":"follow","max-snippet":"max-snippet:-1","max-image-preview":"max-image-preview:large","max-video-preview":"max-video-preview:-1"},"canonical":"https:\/\/www.relaisstcharles.fr\/es\/ubicacion\/","og_locale":"es_ES","og_type":"article","og_title":"Ubicaci\u00f3n y acceso al Hotel Le Relais St Charles ParisTour Eiffel en Par\u00eds","og_description":"El hotel Relais Saint Charles est\u00e1 situado cerca de la Torre Eiffel y del Trocadero. El metro, a 50 metros, conecta con el Arco del Triunfo, los Campos El\u00edseos, el barrio de Saint-Germain-des-Pr\u00e9s, Saint-Michel y Notre-Dame.","og_url":"https:\/\/www.relaisstcharles.fr\/es\/ubicacion\/","og_site_name":"Le Relais Saint Charles","article_modified_time":"2025-06-16T12:47:34+00:00","twitter_card":"summary_large_image","twitter_misc":{"Tiempo de lectura":"3 minutos"},"schema":{"@context":"https:\/\/schema.org","@graph":[{"@type":"WebPage","@id":"https:\/\/www.relaisstcharles.fr\/es\/ubicacion\/","url":"https:\/\/www.relaisstcharles.fr\/es\/ubicacion\/","name":"Ubicaci\u00f3n y acceso al Hotel Le Relais St Charles ParisTour Eiffel en Par\u00eds","isPartOf":{"@id":"https:\/\/www.relaisstcharles.fr\/en\/#website"},"datePublished":"2021-03-25T08:22:07+00:00","dateModified":"2025-06-16T12:47:34+00:00","description":"El hotel Relais Saint Charles est\u00e1 situado cerca de la Torre Eiffel y del Trocadero. El metro, a 50 metros, conecta con el Arco del Triunfo, los Campos El\u00edseos, el barrio de Saint-Germain-des-Pr\u00e9s, Saint-Michel y Notre-Dame.","breadcrumb":{"@id":"https:\/\/www.relaisstcharles.fr\/es\/ubicacion\/#breadcrumb"},"inLanguage":"es","potentialAction":[{"@type":"ReadAction","target":["https:\/\/www.relaisstcharles.fr\/es\/ubicacion\/"]}]},{"@type":"BreadcrumbList","@id":"https:\/\/www.relaisstcharles.fr\/es\/ubicacion\/#breadcrumb","itemListElement":[{"@type":"ListItem","position":1,"name":"Accueil","item":"https:\/\/www.relaisstcharles.fr\/es\/"},{"@type":"ListItem","position":2,"name":"Situation"}]},{"@type":"WebSite","@id":"https:\/\/www.relaisstcharles.fr\/en\/#website","url":"https:\/\/www.relaisstcharles.fr\/en\/","name":"Le Relais Saint Charles","description":"H\u00f4tel 3 \u00e9toiles proche de la Tour Eiffel","potentialAction":[{"@type":"SearchAction","target":{"@type":"EntryPoint","urlTemplate":"https:\/\/www.relaisstcharles.fr\/en\/?s={search_term_string}"},"query-input":"required name=search_term_string"}],"inLanguage":"es"}]}},"_links":{"self":[{"href":"https:\/\/www.relaisstcharles.fr\/es\/wp-json\/wp\/v2\/pages\/827","targetHints":{"allow":["GET"]}}],"collection":[{"href":"https:\/\/www.relaisstcharles.fr\/es\/wp-json\/wp\/v2\/pages"}],"about":[{"href":"https:\/\/www.relaisstcharles.fr\/es\/wp-json\/wp\/v2\/types\/page"}],"author":[{"embeddable":true,"href":"https:\/\/www.relaisstcharles.fr\/es\/wp-json\/wp\/v2\/users\/1"}],"replies":[{"embeddable":true,"href":"https:\/\/www.relaisstcharles.fr\/es\/wp-json\/wp\/v2\/comments?post=827"}],"version-history":[{"count":5,"href":"https:\/\/www.relaisstcharles.fr\/es\/wp-json\/wp\/v2\/pages\/827\/revisions"}],"predecessor-version":[{"id":920,"href":"https:\/\/www.relaisstcharles.fr\/es\/wp-json\/wp\/v2\/pages\/827\/revisions\/920"}],"wp:attachment":[{"href":"https:\/\/www.relaisstcharles.fr\/es\/wp-json\/wp\/v2\/media?parent=827"}],"curies":[{"name":"wp","href":"https:\/\/api.w.org\/{rel}","templated":true}]}}