{"id":815,"date":"2021-03-24T14:12:09","date_gmt":"2021-03-24T13:12:09","guid":{"rendered":"https:\/\/www.relaisstcharles.fr\/chambres\/"},"modified":"2025-08-20T11:39:36","modified_gmt":"2025-08-20T09:39:36","slug":"habitaciones","status":"publish","type":"page","link":"https:\/\/www.relaisstcharles.fr\/es\/habitaciones\/","title":{"rendered":"Chambres"},"content":{"rendered":"\n\t<section class=\"section hide-for-small\" id=\"section_189891718\">\n\t\t<div class=\"bg section-bg fill bg-fill  \" >\n\n\t\t\t\n\t\t\t\n\t\t\t\n\n\t\t<\/div>\n\n\t\t<div class=\"section-content relative\">\n\t\t\t\n\n\n\t\t<\/div>\n\n\t\t\n<style>\n#section_189891718 {\n  padding-top: 30px;\n  padding-bottom: 30px;\n  min-height: 300px;\n}\n#section_189891718 .section-bg.bg-loaded {\n  background-image: url(https:\/\/www.relaisstcharles.fr\/wp-content\/uploads\/2021\/03\/le-relais-saint-charles-paris-chambre-orange-vue-tour-eiffel.jpg);\n}\n<\/style>\n\t<\/section>\n\t\n\t<section class=\"section\" id=\"section_808008120\">\n\t\t<div class=\"bg section-bg fill bg-fill  bg-loaded\" >\n\n\t\t\t\n\t\t\t\n\t\t\t\n\n\t\t<\/div>\n\n\t\t<div class=\"section-content relative\">\n\t\t\t\n\n<div class=\"row row-collapse\"  id=\"row-179830952\">\n\n\n\t<div id=\"col-2002834612\" class=\"col small-12 large-12\"  data-animate=\"bounceInUp\">\n\t\t<div class=\"col-inner\"  >\n\t\t\t\n\t\t\t\n\n<h1 style=\"text-align: center;\">Las habitaciones del Relais Saint Charles Paris<\/h1>\n<p class=\"p1\">En Par\u00eds, a 10 minutos a pie de la Torre Eiffel y del Campo de Marte, cada una de las 38 habitaciones climatizadas del Hotel Relais Saint-Charles de 4 estrellas le invita a descansar y relajarse en el coraz\u00f3n de Par\u00eds.<\/p>\n<p>\u00a0<\/p>\n<p class=\"p1\">Acogedoras y confortables, las Habitaciones Cl\u00e1sicas en la Calle le dan la bienvenida con un esp\u00edritu contempor\u00e1neo y un ambiente relajante. Tambi\u00e9n ofrecemos habitaciones con vistas al patio para una m\u00e1xima tranquilidad.<span class=\"Apple-converted-space\">\u00a0 <\/span>A\u00fan m\u00e1s luminosas, las habitaciones con vista a la Torre Eiffel ofrecen una hermosa vista de la Torre Eiffel.<\/p>\n<p>\u00a0<\/p>\n<p class=\"p1\">El hotel Relais Saint Charles tambi\u00e9n dispone de habitaciones especialmente adaptadas a las necesidades de sus hu\u00e9spedes con movilidad reducida.<\/p>\n<p>\u00a0<\/p>\n<p class=\"p1\">Al despertarse, el hotel Relais Saint Charles le ofrece un desayuno preparado en su habitaci\u00f3n. \u00a1Un ambiente agradable para una estancia inolvidable en Par\u00eds!<\/p>\n\n\t\t<\/div>\n\t\t\n<style>\n#col-2002834612 > .col-inner {\n  padding: 0px 0px 0 0px;\n  margin: 0px 0px 0 0px;\n}\n<\/style>\n\t<\/div>\n\n\t\n\n\n<style>\n#row-179830952 > .col > .col-inner {\n  padding: 30px 30px 30px 30px;\n  background-color: rgba(255, 255, 255, 0.9);\n}\n<\/style>\n<\/div>\n<div class=\"row row-collapse align-middle encart-presentation\"  id=\"row-1802351313\">\n\n\n\t<div id=\"col-421159229\" class=\"col medium-12 small-12 large-6\"  data-animate=\"fadeInLeft\">\n\t\t<div class=\"col-inner\"  >\n\t\t\t\n\t\t\t\n\n<h2> Cl\u00e1sico en la calle <\/h2>\n<p> Idealmente situadas en el coraz\u00f3n de Par\u00eds, estas habitaciones cl\u00e1sicas dobles y twin con vistas a la calle ofrecen todo la comodidad que se esperade un hotel de 4 estrellas con mucho encanto parisino. <\/p>\n<div class=\"row row-collapse\"  id=\"row-2025930877\">\n\n\n\t<div id=\"col-156153479\" class=\"col medium-6 small-12 large-6\"  >\n\t\t<div class=\"col-inner\"  >\n\t\t\t\n\t\t\t\n\n<a href=\"http:\/\/www.relaisstcharles.fr\/es\/chambre-classique-sur-rue\/\" target=\"_self\" class=\"button primary is-underline expand\"  >\n    <span>Aprender m\u00e1s<\/span>\n  <\/a>\n\n\n\n\t\t<\/div>\n\t\t\n<style>\n#col-156153479 > .col-inner {\n  margin: 20px 0px 0px 0px;\n}\n<\/style>\n\t<\/div>\n\n\t\n\n\t<div id=\"col-101077876\" class=\"col medium-6 small-12 large-6\"  >\n\t\t<div class=\"col-inner\"  >\n\t\t\t\n\t\t\t\n\n<a rel=\"noopener noreferrer\" href=\"https:\/\/www.secure-hotel-booking.com\/Le-Relais-Saint-Charles-E-Axess-\/JJFT\/dateselection?language=es\" target=\"_blank\" class=\"button secondary expand\"  >\n    <span>Reservar<\/span>\n  <\/a>\n\n\n\n\t\t<\/div>\n\t\t\n<style>\n#col-101077876 > .col-inner {\n  margin: 20px 0px 0px 0px;\n}\n<\/style>\n\t<\/div>\n\n\t\n\n<\/div>\n\n\t\t<\/div>\n\t\t\n<style>\n#col-421159229 > .col-inner {\n  padding: 10px 20px 10px 20px;\n}\n<\/style>\n\t<\/div>\n\n\t\n\n\t<div id=\"col-1841494272\" class=\"col medium-12 small-12 large-6 medium-col-first\"  data-animate=\"fadeInRight\">\n\t\t<div class=\"col-inner\"  >\n\t\t\t\n\t\t\t\n\n\t<div class=\"img has-hover x md-x lg-x y md-y lg-y\" id=\"image_2068362274\">\n\t\t\t\t\t\t\t\t<div class=\"img-inner dark\" >\n\t\t\t<img decoding=\"async\" width=\"300\" height=\"200\" src=\"https:\/\/www.relaisstcharles.fr\/wp-content\/uploads\/2021\/03\/le-relais-saint-charles-paris-chambre-double-300x200.jpg\" class=\"attachment-medium size-medium\" alt=\"Le Relais Saint Charles Paris 15\" srcset=\"https:\/\/www.relaisstcharles.fr\/wp-content\/uploads\/2021\/03\/le-relais-saint-charles-paris-chambre-double-300x200.jpg 300w, https:\/\/www.relaisstcharles.fr\/wp-content\/uploads\/2021\/03\/le-relais-saint-charles-paris-chambre-double-1024x683.jpg 1024w, https:\/\/www.relaisstcharles.fr\/wp-content\/uploads\/2021\/03\/le-relais-saint-charles-paris-chambre-double-768x512.jpg 768w, https:\/\/www.relaisstcharles.fr\/wp-content\/uploads\/2021\/03\/le-relais-saint-charles-paris-chambre-double.jpg 1500w\" sizes=\"(max-width: 300px) 100vw, 300px\" \/>\t\t\t\t\t\t\n\t\t\t\t\t<\/div>\n\t\t\t\t\t\t\t\t\n<style>\n#image_2068362274 {\n  width: 100%;\n}\n<\/style>\n\t<\/div>\n\t\n\n\n\t\t<\/div>\n\t\t\t<\/div>\n\n\t\n\n<\/div>\n<div class=\"row row-collapse align-middle encart-presentation\"  id=\"row-1990274468\">\n\n\n\t<div id=\"col-1172115643\" class=\"col medium-12 small-12 large-6\"  data-animate=\"fadeInLeft\">\n\t\t<div class=\"col-inner\"  >\n\t\t\t\n\t\t\t\n\n\t<div class=\"img has-hover x md-x lg-x y md-y lg-y\" id=\"image_204114679\">\n\t\t\t\t\t\t\t\t<div class=\"img-inner dark\" >\n\t\t\t<img decoding=\"async\" width=\"300\" height=\"200\" src=\"https:\/\/www.relaisstcharles.fr\/wp-content\/uploads\/2021\/03\/le-relais-saint-charles-paris-chambre-simple-300x200.jpg\" class=\"attachment-medium size-medium\" alt=\"Le Relais Saint Charles Paris 15\" srcset=\"https:\/\/www.relaisstcharles.fr\/wp-content\/uploads\/2021\/03\/le-relais-saint-charles-paris-chambre-simple-300x200.jpg 300w, https:\/\/www.relaisstcharles.fr\/wp-content\/uploads\/2021\/03\/le-relais-saint-charles-paris-chambre-simple-1024x683.jpg 1024w, https:\/\/www.relaisstcharles.fr\/wp-content\/uploads\/2021\/03\/le-relais-saint-charles-paris-chambre-simple-768x512.jpg 768w, https:\/\/www.relaisstcharles.fr\/wp-content\/uploads\/2021\/03\/le-relais-saint-charles-paris-chambre-simple.jpg 1500w\" sizes=\"(max-width: 300px) 100vw, 300px\" \/>\t\t\t\t\t\t\n\t\t\t\t\t<\/div>\n\t\t\t\t\t\t\t\t\n<style>\n#image_204114679 {\n  width: 100%;\n}\n<\/style>\n\t<\/div>\n\t\n\n\n\t\t<\/div>\n\t\t\t<\/div>\n\n\t\n\n\t<div id=\"col-269369995\" class=\"col medium-12 small-12 large-6\"  data-animate=\"fadeInRight\">\n\t\t<div class=\"col-inner\"  >\n\t\t\t\n\t\t\t\n\n<h2>Cl\u00e1sico en el patio <\/h2>\n<p>Idealmente situadas en el coraz\u00f3n de Par\u00eds, estas habitaciones dobles cl\u00e1sicas de 11 m\u00b2 con vistas al patio ofrecen todo la comodidad que se esperade un hotel de 4 estrellas con un encanto muy parisino. Estas habitaciones son tranquilas, sin ruido, lo cual es muy raro en Par\u00eds.<\/p>\n<div class=\"row row-collapse\"  id=\"row-566069824\">\n\n\n\t<div id=\"col-1251367573\" class=\"col medium-6 small-12 large-6\"  >\n\t\t<div class=\"col-inner\"  >\n\t\t\t\n\t\t\t\n\n<a href=\"http:\/\/www.relaisstcharles.fr\/es\/chambre-classique-sur-cour\/\" target=\"_self\" class=\"button primary is-underline expand\"  >\n    <span>Aprender m\u00e1s<\/span>\n  <\/a>\n\n\n\n\t\t<\/div>\n\t\t\n<style>\n#col-1251367573 > .col-inner {\n  margin: 20px 0px 0px 0px;\n}\n<\/style>\n\t<\/div>\n\n\t\n\n\t<div id=\"col-226904526\" class=\"col medium-6 small-12 large-6\"  >\n\t\t<div class=\"col-inner\"  >\n\t\t\t\n\t\t\t\n\n<a rel=\"noopener noreferrer\" href=\"https:\/\/www.secure-hotel-booking.com\/Le-Relais-Saint-Charles-E-Axess-\/JJFT\/dateselection?language=es\" target=\"_blank\" class=\"button secondary expand\"  >\n    <span>Reservar<\/span>\n  <\/a>\n\n\n\n\t\t<\/div>\n\t\t\n<style>\n#col-226904526 > .col-inner {\n  margin: 20px 0px 0px 0px;\n}\n<\/style>\n\t<\/div>\n\n\t\n\n<\/div>\n\n\t\t<\/div>\n\t\t\n<style>\n#col-269369995 > .col-inner {\n  padding: 10px 20px 10px 20px;\n}\n<\/style>\n\t<\/div>\n\n\t\n\n<\/div>\n<div class=\"row row-collapse align-middle encart-presentation\"  id=\"row-1659356593\">\n\n\n\t<div id=\"col-1704251661\" class=\"col medium-12 small-12 large-6\"  data-animate=\"fadeInLeft\">\n\t\t<div class=\"col-inner\"  >\n\t\t\t\n\t\t\t\n\n<h2>Patio superior<br \/>\n<\/h2>\n<p>Idealmente situadas en el coraz\u00f3n de Par\u00eds, estas habitaciones cl\u00e1sicas dobles y twin con vistas a la calle ofrecen toda la comodidad esperada de un hotel de 4 estrellas con mucho encanto parisino.<\/p>\n<div class=\"row row-collapse\"  id=\"row-661020185\">\n\n\n\t<div id=\"col-747815686\" class=\"col medium-6 small-12 large-6\"  >\n\t\t<div class=\"col-inner\"  >\n\t\t\t\n\t\t\t\n\n<a href=\"http:\/\/www.relaisstcharles.fr\/es\/chambre-superieure-sur-cour\/\" target=\"_self\" class=\"button primary is-underline expand\"  >\n    <span>Aprender m\u00e1s<\/span>\n  <\/a>\n\n\n\n\t\t<\/div>\n\t\t\n<style>\n#col-747815686 > .col-inner {\n  margin: 20px 0px 0px 0px;\n}\n<\/style>\n\t<\/div>\n\n\t\n\n\t<div id=\"col-1395208366\" class=\"col medium-6 small-12 large-6\"  >\n\t\t<div class=\"col-inner\"  >\n\t\t\t\n\t\t\t\n\n<a rel=\"noopener noreferrer\" href=\"https:\/\/www.secure-hotel-booking.com\/Le-Relais-Saint-Charles-E-Axess-\/JJFT\/dateselection?language=es\" target=\"_blank\" class=\"button secondary expand\"  >\n    <span>Reservar<\/span>\n  <\/a>\n\n\n\n\t\t<\/div>\n\t\t\n<style>\n#col-1395208366 > .col-inner {\n  margin: 20px 0px 0px 0px;\n}\n<\/style>\n\t<\/div>\n\n\t\n\n<\/div>\n\n\t\t<\/div>\n\t\t\n<style>\n#col-1704251661 > .col-inner {\n  padding: 10px 20px 10px 20px;\n}\n<\/style>\n\t<\/div>\n\n\t\n\n\t<div id=\"col-338076392\" class=\"col medium-12 small-12 large-6 medium-col-first\"  data-animate=\"fadeInRight\">\n\t\t<div class=\"col-inner\"  >\n\t\t\t\n\t\t\t\n\n\t<div class=\"img has-hover x md-x lg-x y md-y lg-y\" id=\"image_2032941076\">\n\t\t\t\t\t\t\t\t<div class=\"img-inner dark\" >\n\t\t\t<img decoding=\"async\" width=\"300\" height=\"200\" src=\"https:\/\/www.relaisstcharles.fr\/wp-content\/uploads\/2021\/03\/le-relais-saint-charles-paris-chambre-rouge-3-300x200.jpg\" class=\"attachment-medium size-medium\" alt=\"Le Relais Saint Charles Paris 15\" srcset=\"https:\/\/www.relaisstcharles.fr\/wp-content\/uploads\/2021\/03\/le-relais-saint-charles-paris-chambre-rouge-3-300x200.jpg 300w, https:\/\/www.relaisstcharles.fr\/wp-content\/uploads\/2021\/03\/le-relais-saint-charles-paris-chambre-rouge-3-1024x683.jpg 1024w, https:\/\/www.relaisstcharles.fr\/wp-content\/uploads\/2021\/03\/le-relais-saint-charles-paris-chambre-rouge-3-768x512.jpg 768w, https:\/\/www.relaisstcharles.fr\/wp-content\/uploads\/2021\/03\/le-relais-saint-charles-paris-chambre-rouge-3.jpg 1500w\" sizes=\"(max-width: 300px) 100vw, 300px\" \/>\t\t\t\t\t\t\n\t\t\t\t\t<\/div>\n\t\t\t\t\t\t\t\t\n<style>\n#image_2032941076 {\n  width: 100%;\n}\n<\/style>\n\t<\/div>\n\t\n\n\n\t\t<\/div>\n\t\t\t<\/div>\n\n\t\n\n<\/div>\n<div class=\"row row-collapse align-middle encart-presentation\"  id=\"row-1241060831\">\n\n\n\t<div id=\"col-688040119\" class=\"col medium-12 small-12 large-6\"  data-animate=\"fadeInLeft\">\n\t\t<div class=\"col-inner\"  >\n\t\t\t\n\t\t\t\n\n\t<div class=\"img has-hover x md-x lg-x y md-y lg-y\" id=\"image_1898545462\">\n\t\t\t\t\t\t\t\t<div class=\"img-inner dark\" >\n\t\t\t<img decoding=\"async\" width=\"300\" height=\"200\" src=\"https:\/\/www.relaisstcharles.fr\/wp-content\/uploads\/2021\/03\/le-relais-saint-charles-paris-chambre-vue-tour-eiffel-5-300x200.jpg\" class=\"attachment-medium size-medium\" alt=\"Le Relais Saint Charles Paris 15\" srcset=\"https:\/\/www.relaisstcharles.fr\/wp-content\/uploads\/2021\/03\/le-relais-saint-charles-paris-chambre-vue-tour-eiffel-5-300x200.jpg 300w, https:\/\/www.relaisstcharles.fr\/wp-content\/uploads\/2021\/03\/le-relais-saint-charles-paris-chambre-vue-tour-eiffel-5-1024x683.jpg 1024w, https:\/\/www.relaisstcharles.fr\/wp-content\/uploads\/2021\/03\/le-relais-saint-charles-paris-chambre-vue-tour-eiffel-5-768x512.jpg 768w, https:\/\/www.relaisstcharles.fr\/wp-content\/uploads\/2021\/03\/le-relais-saint-charles-paris-chambre-vue-tour-eiffel-5.jpg 1500w\" sizes=\"(max-width: 300px) 100vw, 300px\" \/>\t\t\t\t\t\t\n\t\t\t\t\t<\/div>\n\t\t\t\t\t\t\t\t\n<style>\n#image_1898545462 {\n  width: 100%;\n}\n<\/style>\n\t<\/div>\n\t\n\n\n\t\t<\/div>\n\t\t\t<\/div>\n\n\t\n\n\t<div id=\"col-1483494182\" class=\"col medium-12 small-12 large-6\"  data-animate=\"fadeInRight\">\n\t\t<div class=\"col-inner\"  >\n\t\t\t\n\t\t\t\n\n<h2>Vista de la Torre Eiffel (4\u00ba piso)<br \/>\n<\/h2>\n<p>\u00a1Al\u00f3jese en Par\u00eds en un ambiente luminoso y con un esp\u00edritu contempor\u00e1neo! Cada una de las habitaciones Dobles y Twin situadas en el 4\u00ba piso con vistas a la Torre Eiffel te abre las puertas de la capital, a solo unos pasos de la Torre Eiffel y del Trocad\u00e9ro.<\/p>\n<div class=\"row row-collapse\"  id=\"row-40097451\">\n\n\n\t<div id=\"col-1642430499\" class=\"col medium-6 small-12 large-6\"  >\n\t\t<div class=\"col-inner\"  >\n\t\t\t\n\t\t\t\n\n<a href=\"http:\/\/www.relaisstcharles.fr\/es\/chambre-vue-tour-eiffel\/\" target=\"_self\" class=\"button primary is-underline expand\"  >\n    <span>Aprender m\u00e1s<\/span>\n  <\/a>\n\n\n\n\t\t<\/div>\n\t\t\n<style>\n#col-1642430499 > .col-inner {\n  margin: 20px 0px 0px 0px;\n}\n<\/style>\n\t<\/div>\n\n\t\n\n\t<div id=\"col-1395391917\" class=\"col medium-6 small-12 large-6\"  >\n\t\t<div class=\"col-inner\"  >\n\t\t\t\n\t\t\t\n\n<a rel=\"noopener noreferrer\" href=\"https:\/\/www.secure-hotel-booking.com\/Le-Relais-Saint-Charles-E-Axess-\/JJFT\/dateselection?language=es\" target=\"_blank\" class=\"button secondary expand\"  >\n    <span>Reservar<\/span>\n  <\/a>\n\n\n\n\t\t<\/div>\n\t\t\n<style>\n#col-1395391917 > .col-inner {\n  margin: 20px 0px 0px 0px;\n}\n<\/style>\n\t<\/div>\n\n\t\n\n<\/div>\n\n\t\t<\/div>\n\t\t\n<style>\n#col-1483494182 > .col-inner {\n  padding: 10px 20px 10px 20px;\n}\n<\/style>\n\t<\/div>\n\n\t\n\n<\/div>\n<div class=\"row row-collapse align-middle encart-presentation\"  id=\"row-451905562\">\n\n\n\t<div id=\"col-363468132\" class=\"col medium-12 small-12 large-6\"  data-animate=\"fadeInLeft\">\n\t\t<div class=\"col-inner\"  >\n\t\t\t\n\t\t\t\n\n<h2>Hermosa vista de la Torre Eiffel (5to piso)<br \/>\n<\/h2>\n<p>\u00a1Al\u00f3jese en Par\u00eds en un ambiente luminoso y con un esp\u00edritu contempor\u00e1neo! Cada una de las habitaciones Dobles y Twin situadas en el 5\u00ba piso con vistas a la Torre Eiffel te abre las puertas de la capital, a solo unos pasos de la Torre Eiffel y del Trocad\u00e9ro.<\/p>\n<div class=\"row row-collapse\"  id=\"row-1137472187\">\n\n\n\t<div id=\"col-449197329\" class=\"col medium-6 small-12 large-6\"  >\n\t\t<div class=\"col-inner\"  >\n\t\t\t\n\t\t\t\n\n<a href=\"http:\/\/www.relaisstcharles.fr\/es\/chambre-belle-vue-tour-eiffel\/\" target=\"_self\" class=\"button primary is-underline expand\"  >\n    <span>Aprender m\u00e1s<\/span>\n  <\/a>\n\n\n\n\t\t<\/div>\n\t\t\n<style>\n#col-449197329 > .col-inner {\n  margin: 20px 0px 0px 0px;\n}\n<\/style>\n\t<\/div>\n\n\t\n\n\t<div id=\"col-1490677939\" class=\"col medium-6 small-12 large-6\"  >\n\t\t<div class=\"col-inner\"  >\n\t\t\t\n\t\t\t\n\n<a rel=\"noopener noreferrer\" href=\"https:\/\/www.secure-hotel-booking.com\/Le-Relais-Saint-Charles-E-Axess-\/JJFT\/dateselection?language=es\" target=\"_blank\" class=\"button secondary expand\"  >\n    <span>Reservar<\/span>\n  <\/a>\n\n\n\n\t\t<\/div>\n\t\t\n<style>\n#col-1490677939 > .col-inner {\n  margin: 20px 0px 0px 0px;\n}\n<\/style>\n\t<\/div>\n\n\t\n\n<\/div>\n\n\t\t<\/div>\n\t\t\n<style>\n#col-363468132 > .col-inner {\n  padding: 10px 20px 10px 20px;\n}\n<\/style>\n\t<\/div>\n\n\t\n\n\t<div id=\"col-291650173\" class=\"col medium-12 small-12 large-6 medium-col-first\"  data-animate=\"fadeInRight\">\n\t\t<div class=\"col-inner\"  >\n\t\t\t\n\t\t\t\n\n\t<div class=\"img has-hover x md-x lg-x y md-y lg-y\" id=\"image_1643819802\">\n\t\t\t\t\t\t\t\t<div class=\"img-inner dark\" >\n\t\t\t<img decoding=\"async\" width=\"300\" height=\"200\" src=\"https:\/\/www.relaisstcharles.fr\/wp-content\/uploads\/2022\/10\/CHAMBRE1-1-300x200.jpg\" class=\"attachment-medium size-medium\" alt=\"Le Relais Saint Charles Paris 15\" srcset=\"https:\/\/www.relaisstcharles.fr\/wp-content\/uploads\/2022\/10\/CHAMBRE1-1-300x200.jpg 300w, https:\/\/www.relaisstcharles.fr\/wp-content\/uploads\/2022\/10\/CHAMBRE1-1-1024x683.jpg 1024w, https:\/\/www.relaisstcharles.fr\/wp-content\/uploads\/2022\/10\/CHAMBRE1-1-768x512.jpg 768w, https:\/\/www.relaisstcharles.fr\/wp-content\/uploads\/2022\/10\/CHAMBRE1-1.jpg 1500w\" sizes=\"(max-width: 300px) 100vw, 300px\" \/>\t\t\t\t\t\t\n\t\t\t\t\t<\/div>\n\t\t\t\t\t\t\t\t\n<style>\n#image_1643819802 {\n  width: 100%;\n}\n<\/style>\n\t<\/div>\n\t\n\n\n\t\t<\/div>\n\t\t\t<\/div>\n\n\t\n\n<\/div>\n<div class=\"text-center\"><div class=\"is-divider divider clearfix\" style=\"margin-top:2em;margin-bottom:2em;max-width:250px;\"><\/div><\/div>\n\n\n\t\t<\/div>\n\n\t\t\n<style>\n#section_808008120 {\n  padding-top: 30px;\n  padding-bottom: 30px;\n}\n<\/style>\n\t<\/section>\n\t\n\n","protected":false},"excerpt":{"rendered":"","protected":false},"author":1,"featured_media":0,"parent":0,"menu_order":0,"comment_status":"closed","ping_status":"closed","template":"page-blank.php","meta":{"footnotes":""},"class_list":["post-815","page","type-page","status-publish","hentry"],"yoast_head":"<!-- This site is optimized with the Yoast SEO plugin v23.1 - https:\/\/yoast.com\/wordpress\/plugins\/seo\/ -->\n<title>Habitaciones de hotel con vistas a la Torre Eiffel - Hotel*** Le Relais St Charles<\/title>\n<meta name=\"description\" content=\"Disfrute de la tranquilidad y la comodidad de las habitaciones del H\u00f4tel*** Le Relais St-Charles, a 10 minutos a pie de la Torre Eiffel en Par\u00eds.\" \/>\n<meta name=\"robots\" content=\"index, follow, max-snippet:-1, max-image-preview:large, max-video-preview:-1\" \/>\n<link rel=\"canonical\" href=\"https:\/\/www.relaisstcharles.fr\/es\/habitaciones\/\" \/>\n<meta property=\"og:locale\" content=\"es_ES\" \/>\n<meta property=\"og:type\" content=\"article\" \/>\n<meta property=\"og:title\" content=\"Habitaciones de hotel con vistas a la Torre Eiffel - Hotel*** Le Relais St Charles\" \/>\n<meta property=\"og:description\" content=\"Disfrute de la tranquilidad y la comodidad de las habitaciones del H\u00f4tel*** Le Relais St-Charles, a 10 minutos a pie de la Torre Eiffel en Par\u00eds.\" \/>\n<meta property=\"og:url\" content=\"https:\/\/www.relaisstcharles.fr\/es\/habitaciones\/\" \/>\n<meta property=\"og:site_name\" content=\"Le Relais Saint Charles\" \/>\n<meta property=\"article:modified_time\" content=\"2025-08-20T09:39:36+00:00\" \/>\n<meta name=\"twitter:card\" content=\"summary_large_image\" \/>\n<meta name=\"twitter:label1\" content=\"Tiempo de lectura\" \/>\n\t<meta name=\"twitter:data1\" content=\"4 minutos\" \/>\n<script type=\"application\/ld+json\" class=\"yoast-schema-graph\">{\"@context\":\"https:\/\/schema.org\",\"@graph\":[{\"@type\":\"WebPage\",\"@id\":\"https:\/\/www.relaisstcharles.fr\/es\/habitaciones\/\",\"url\":\"https:\/\/www.relaisstcharles.fr\/es\/habitaciones\/\",\"name\":\"Habitaciones de hotel con vistas a la Torre Eiffel - Hotel*** Le Relais St Charles\",\"isPartOf\":{\"@id\":\"https:\/\/www.relaisstcharles.fr\/en\/#website\"},\"datePublished\":\"2021-03-24T13:12:09+00:00\",\"dateModified\":\"2025-08-20T09:39:36+00:00\",\"description\":\"Disfrute de la tranquilidad y la comodidad de las habitaciones del H\u00f4tel*** Le Relais St-Charles, a 10 minutos a pie de la Torre Eiffel en Par\u00eds.\",\"breadcrumb\":{\"@id\":\"https:\/\/www.relaisstcharles.fr\/es\/habitaciones\/#breadcrumb\"},\"inLanguage\":\"es\",\"potentialAction\":[{\"@type\":\"ReadAction\",\"target\":[\"https:\/\/www.relaisstcharles.fr\/es\/habitaciones\/\"]}]},{\"@type\":\"BreadcrumbList\",\"@id\":\"https:\/\/www.relaisstcharles.fr\/es\/habitaciones\/#breadcrumb\",\"itemListElement\":[{\"@type\":\"ListItem\",\"position\":1,\"name\":\"Accueil\",\"item\":\"https:\/\/www.relaisstcharles.fr\/es\/\"},{\"@type\":\"ListItem\",\"position\":2,\"name\":\"Chambres\"}]},{\"@type\":\"WebSite\",\"@id\":\"https:\/\/www.relaisstcharles.fr\/en\/#website\",\"url\":\"https:\/\/www.relaisstcharles.fr\/en\/\",\"name\":\"Le Relais Saint Charles\",\"description\":\"H\u00f4tel 3 \u00e9toiles proche de la Tour Eiffel\",\"potentialAction\":[{\"@type\":\"SearchAction\",\"target\":{\"@type\":\"EntryPoint\",\"urlTemplate\":\"https:\/\/www.relaisstcharles.fr\/en\/?s={search_term_string}\"},\"query-input\":\"required name=search_term_string\"}],\"inLanguage\":\"es\"}]}<\/script>\n<!-- \/ Yoast SEO plugin. -->","yoast_head_json":{"title":"Habitaciones de hotel con vistas a la Torre Eiffel - Hotel*** Le Relais St Charles","description":"Disfrute de la tranquilidad y la comodidad de las habitaciones del H\u00f4tel*** Le Relais St-Charles, a 10 minutos a pie de la Torre Eiffel en Par\u00eds.","robots":{"index":"index","follow":"follow","max-snippet":"max-snippet:-1","max-image-preview":"max-image-preview:large","max-video-preview":"max-video-preview:-1"},"canonical":"https:\/\/www.relaisstcharles.fr\/es\/habitaciones\/","og_locale":"es_ES","og_type":"article","og_title":"Habitaciones de hotel con vistas a la Torre Eiffel - Hotel*** Le Relais St Charles","og_description":"Disfrute de la tranquilidad y la comodidad de las habitaciones del H\u00f4tel*** Le Relais St-Charles, a 10 minutos a pie de la Torre Eiffel en Par\u00eds.","og_url":"https:\/\/www.relaisstcharles.fr\/es\/habitaciones\/","og_site_name":"Le Relais Saint Charles","article_modified_time":"2025-08-20T09:39:36+00:00","twitter_card":"summary_large_image","twitter_misc":{"Tiempo de lectura":"4 minutos"},"schema":{"@context":"https:\/\/schema.org","@graph":[{"@type":"WebPage","@id":"https:\/\/www.relaisstcharles.fr\/es\/habitaciones\/","url":"https:\/\/www.relaisstcharles.fr\/es\/habitaciones\/","name":"Habitaciones de hotel con vistas a la Torre Eiffel - Hotel*** Le Relais St Charles","isPartOf":{"@id":"https:\/\/www.relaisstcharles.fr\/en\/#website"},"datePublished":"2021-03-24T13:12:09+00:00","dateModified":"2025-08-20T09:39:36+00:00","description":"Disfrute de la tranquilidad y la comodidad de las habitaciones del H\u00f4tel*** Le Relais St-Charles, a 10 minutos a pie de la Torre Eiffel en Par\u00eds.","breadcrumb":{"@id":"https:\/\/www.relaisstcharles.fr\/es\/habitaciones\/#breadcrumb"},"inLanguage":"es","potentialAction":[{"@type":"ReadAction","target":["https:\/\/www.relaisstcharles.fr\/es\/habitaciones\/"]}]},{"@type":"BreadcrumbList","@id":"https:\/\/www.relaisstcharles.fr\/es\/habitaciones\/#breadcrumb","itemListElement":[{"@type":"ListItem","position":1,"name":"Accueil","item":"https:\/\/www.relaisstcharles.fr\/es\/"},{"@type":"ListItem","position":2,"name":"Chambres"}]},{"@type":"WebSite","@id":"https:\/\/www.relaisstcharles.fr\/en\/#website","url":"https:\/\/www.relaisstcharles.fr\/en\/","name":"Le Relais Saint Charles","description":"H\u00f4tel 3 \u00e9toiles proche de la Tour Eiffel","potentialAction":[{"@type":"SearchAction","target":{"@type":"EntryPoint","urlTemplate":"https:\/\/www.relaisstcharles.fr\/en\/?s={search_term_string}"},"query-input":"required name=search_term_string"}],"inLanguage":"es"}]}},"_links":{"self":[{"href":"https:\/\/www.relaisstcharles.fr\/es\/wp-json\/wp\/v2\/pages\/815","targetHints":{"allow":["GET"]}}],"collection":[{"href":"https:\/\/www.relaisstcharles.fr\/es\/wp-json\/wp\/v2\/pages"}],"about":[{"href":"https:\/\/www.relaisstcharles.fr\/es\/wp-json\/wp\/v2\/types\/page"}],"author":[{"embeddable":true,"href":"https:\/\/www.relaisstcharles.fr\/es\/wp-json\/wp\/v2\/users\/1"}],"replies":[{"embeddable":true,"href":"https:\/\/www.relaisstcharles.fr\/es\/wp-json\/wp\/v2\/comments?post=815"}],"version-history":[{"count":4,"href":"https:\/\/www.relaisstcharles.fr\/es\/wp-json\/wp\/v2\/pages\/815\/revisions"}],"predecessor-version":[{"id":948,"href":"https:\/\/www.relaisstcharles.fr\/es\/wp-json\/wp\/v2\/pages\/815\/revisions\/948"}],"wp:attachment":[{"href":"https:\/\/www.relaisstcharles.fr\/es\/wp-json\/wp\/v2\/media?parent=815"}],"curies":[{"name":"wp","href":"https:\/\/api.w.org\/{rel}","templated":true}]}}