{"id":813,"date":"2021-03-25T08:25:39","date_gmt":"2021-03-25T07:25:39","guid":{"rendered":"https:\/\/www.relaisstcharles.fr\/chambre-vue-tour-eiffel\/"},"modified":"2025-06-16T13:49:52","modified_gmt":"2025-06-16T11:49:52","slug":"chambre-vue-tour-eiffel","status":"publish","type":"page","link":"https:\/\/www.relaisstcharles.fr\/es\/chambre-vue-tour-eiffel\/","title":{"rendered":"chambre vue Tour Eiffel"},"content":{"rendered":"\n\t<section class=\"section\" id=\"section_963139105\">\n\t\t<div class=\"bg section-bg fill bg-fill  bg-loaded\" >\n\n\t\t\t\n\t\t\t<button class=\"scroll-for-more z-5 icon absolute bottom h-center\"><i class=\"icon-angle-down\" style=\"font-size:42px;\"><\/i><\/button>\n\t\t\t\n\n\t\t<\/div>\n\n\t\t<div class=\"section-content relative\">\n\t\t\t\n\n<div class=\"row row-collapse\"  id=\"row-1680283685\">\n\n\n\t<div id=\"col-204696875\" class=\"col small-12 large-12\"  >\n\t\t<div class=\"col-inner\"  >\n\t\t\t\n\t\t\t\n\n<div class=\"slider-wrapper relative\" id=\"slider-412364269\" >\n    <div class=\"slider slider-nav-circle slider-nav-large slider-nav-light slider-style-normal\"\n        data-flickity-options='{\n            \"cellAlign\": \"center\",\n            \"imagesLoaded\": true,\n            \"lazyLoad\": 1,\n            \"freeScroll\": false,\n            \"wrapAround\": true,\n            \"autoPlay\": 6000,\n            \"pauseAutoPlayOnHover\" : true,\n            \"prevNextButtons\": true,\n            \"contain\" : true,\n            \"adaptiveHeight\" : true,\n            \"dragThreshold\" : 10,\n            \"percentPosition\": true,\n            \"pageDots\": false,\n            \"rightToLeft\": false,\n            \"draggable\": true,\n            \"selectedAttraction\": 0.1,\n            \"parallax\" : 0,\n            \"friction\": 0.6        }'\n        >\n        \n\n\n  <div class=\"banner has-hover\" id=\"banner-555822448\">\n          <div class=\"banner-inner fill\">\n        <div class=\"banner-bg fill\" >\n            <div class=\"bg fill bg-fill \"><\/div>\n                                    \n                    <\/div>\n        <div class=\"banner-layers container\">\n            <div class=\"fill banner-link\"><\/div>            \n\n   <div id=\"text-box-1989601143\" class=\"text-box banner-layer x50 md-x50 lg-x50 y50 md-y50 lg-y50 res-text\">\n                                <div class=\"text-box-content text dark\">\n              \n              <div class=\"text-inner text-center\">\n                  \n\n\n              <\/div>\n           <\/div>\n                            \n<style>\n#text-box-1989601143 {\n  width: 60%;\n}\n#text-box-1989601143 .text-box-content {\n  font-size: 100%;\n}\n<\/style>\n    <\/div>\n \n\n        <\/div>\n      <\/div>\n\n            \n<style>\n#banner-555822448 {\n  padding-top: 56.25%;\n}\n#banner-555822448 .bg.bg-loaded {\n  background-image: url(https:\/\/www.relaisstcharles.fr\/wp-content\/uploads\/2022\/10\/CHAMBRE3-1.jpg);\n}\n<\/style>\n  <\/div>\n\n\n\n  <div class=\"banner has-hover\" id=\"banner-805666928\">\n          <div class=\"banner-inner fill\">\n        <div class=\"banner-bg fill\" >\n            <div class=\"bg fill bg-fill \"><\/div>\n                                    \n                    <\/div>\n        <div class=\"banner-layers container\">\n            <div class=\"fill banner-link\"><\/div>            \n\n   <div id=\"text-box-1081129000\" class=\"text-box banner-layer x50 md-x50 lg-x50 y50 md-y50 lg-y50 res-text\">\n                                <div class=\"text-box-content text dark\">\n              \n              <div class=\"text-inner text-center\">\n                  \n\n\n              <\/div>\n           <\/div>\n                            \n<style>\n#text-box-1081129000 {\n  width: 60%;\n}\n#text-box-1081129000 .text-box-content {\n  font-size: 100%;\n}\n<\/style>\n    <\/div>\n \n\n        <\/div>\n      <\/div>\n\n            \n<style>\n#banner-805666928 {\n  padding-top: 56.25%;\n}\n#banner-805666928 .bg.bg-loaded {\n  background-image: url(https:\/\/www.relaisstcharles.fr\/wp-content\/uploads\/2022\/10\/CHAMBRE3-5.jpg);\n}\n<\/style>\n  <\/div>\n\n\n\n  <div class=\"banner has-hover\" id=\"banner-319595968\">\n          <div class=\"banner-inner fill\">\n        <div class=\"banner-bg fill\" >\n            <div class=\"bg fill bg-fill \"><\/div>\n                                    \n                    <\/div>\n        <div class=\"banner-layers container\">\n            <div class=\"fill banner-link\"><\/div>            \n\n   <div id=\"text-box-242695578\" class=\"text-box banner-layer x50 md-x50 lg-x50 y50 md-y50 lg-y50 res-text\">\n                                <div class=\"text-box-content text dark\">\n              \n              <div class=\"text-inner text-center\">\n                  \n\n\n              <\/div>\n           <\/div>\n                            \n<style>\n#text-box-242695578 {\n  width: 60%;\n}\n#text-box-242695578 .text-box-content {\n  font-size: 100%;\n}\n<\/style>\n    <\/div>\n \n\n        <\/div>\n      <\/div>\n\n            \n<style>\n#banner-319595968 {\n  padding-top: 56.25%;\n}\n#banner-319595968 .bg.bg-loaded {\n  background-image: url(https:\/\/www.relaisstcharles.fr\/wp-content\/uploads\/2021\/03\/le-relais-saint-charles-paris-chambre-rouge-4.jpg);\n}\n<\/style>\n  <\/div>\n\n\n\n  <div class=\"banner has-hover\" id=\"banner-1772582243\">\n          <div class=\"banner-inner fill\">\n        <div class=\"banner-bg fill\" >\n            <div class=\"bg fill bg-fill \"><\/div>\n                                    \n                    <\/div>\n        <div class=\"banner-layers container\">\n            <div class=\"fill banner-link\"><\/div>            \n\n   <div id=\"text-box-705395384\" class=\"text-box banner-layer x50 md-x50 lg-x50 y50 md-y50 lg-y50 res-text\">\n                                <div class=\"text-box-content text dark\">\n              \n              <div class=\"text-inner text-center\">\n                  \n\n\n              <\/div>\n           <\/div>\n                            \n<style>\n#text-box-705395384 {\n  width: 60%;\n}\n#text-box-705395384 .text-box-content {\n  font-size: 100%;\n}\n<\/style>\n    <\/div>\n \n\n        <\/div>\n      <\/div>\n\n            \n<style>\n#banner-1772582243 {\n  padding-top: 56.25%;\n}\n#banner-1772582243 .bg.bg-loaded {\n  background-image: url(https:\/\/www.relaisstcharles.fr\/wp-content\/uploads\/2021\/03\/le-relais-saint-charles-paris-sdb-9.jpg);\n}\n<\/style>\n  <\/div>\n\n\n\n     <\/div>\n\n     <div class=\"loading-spin dark large centered\"><\/div>\n\n     <\/div>\n\n\n\n\t\t<\/div>\n\t\t\t<\/div>\n\n\t\n\n<\/div>\n\n\t\t<\/div>\n\n\t\t\n<style>\n#section_963139105 {\n  padding-top: 0px;\n  padding-bottom: 0px;\n}\n<\/style>\n\t<\/section>\n\t\n\t<section class=\"section\" id=\"section_358716871\">\n\t\t<div class=\"bg section-bg fill bg-fill  bg-loaded\" >\n\n\t\t\t\n\t\t\t\n\t\t\t\n\n\t\t<\/div>\n\n\t\t<div class=\"section-content relative\">\n\t\t\t\n\n<div class=\"row row-large\"  id=\"row-1847318083\">\n\n\n\t<div id=\"col-2147076752\" class=\"col small-12 large-12\"  data-animate=\"bounceInUp\">\n\t\t<div class=\"col-inner\"  >\n\t\t\t\n\t\t\t\n\n<h1 style=\"text-align: center;\">Habitaci\u00f3n con vistas a la Torre Eiffel<\/h1>\n<h2 style=\"text-align: center;\">2 personas \u2013 1 cama doble o 2 camas individuales \u2013 15m\u00b2<\/h2>\n<p class=\"p1\" style=\"text-align: center;\">\u00a1Al\u00f3jese en Par\u00eds en un ambiente luminoso y con un esp\u00edritu contempor\u00e1neo! Cada una de las habitaciones Dobles y Twin situadas en el 4\u00ba piso con vistas a la Torre Eiffel te abre las puertas de la capital, a solo unos pasos de la Torre Eiffel y del Trocad\u00e9ro.<\/p>\n\n\t\t<\/div>\n\t\t\n<style>\n#col-2147076752 > .col-inner {\n  padding: 0px 0px 0 0px;\n  margin: 0px 0px 0 0px;\n}\n<\/style>\n\t<\/div>\n\n\t\n\n\n<style>\n#row-1847318083 > .col > .col-inner {\n  padding: 20px 20px 20px 20px;\n}\n<\/style>\n<\/div>\n<div class=\"row\"  id=\"row-1318820632\">\n\n\n\t<div id=\"col-533081617\" class=\"col small-12 large-12\"  >\n\t\t<div class=\"col-inner\"  >\n\t\t\t\n\t\t\t\n\n<a rel=\"noopener noreferrer\" href=\"https:\/\/www.secure-hotel-booking.com\/Le-Relais-Saint-Charles-E-Axess-\/JJFT\/dateselection?language=es\" target=\"_blank\" class=\"button secondary is-underline expand\"  >\n    <span>reservar una habitaci\u00f3n<\/span>\n  <\/a>\n\n\n\n\t\t<\/div>\n\t\t\t<\/div>\n\n\t\n\n<\/div>\n<div class=\"row row-small\"  id=\"row-2084853200\">\n\n\n\t<div id=\"col-87301996\" class=\"col medium-4 small-12 large-4\"  >\n\t\t<div class=\"col-inner\"  >\n\t\t\t\n\t\t\t\n\n<ul>\n<li>Bandeja de bienvenida con cafetera\/tetera<\/li>\n<li>TV LCD de 32&#8243; con TNT, sat\u00e9lite y canales internacionales<\/li>\n<li>No fumar<\/li>\n<\/ul>\n\n\t\t<\/div>\n\t\t\t<\/div>\n\n\t\n\n\t<div id=\"col-578713626\" class=\"col medium-4 small-12 large-4\"  >\n\t\t<div class=\"col-inner\"  >\n\t\t\t\n\t\t\t\n\n<ul>\n<li>Wi-Fi gratuito e ilimitado<\/li>\n<li>Algunas habitaciones cuentan con minibar<\/li>\n<li>Tel\u00e9fono<\/li>\n<\/ul>\n\n\t\t<\/div>\n\t\t\t<\/div>\n\n\t\n\n\t<div id=\"col-849128654\" class=\"col medium-4 small-12 large-4\"  >\n\t\t<div class=\"col-inner\"  >\n\t\t\t\n\t\t\t\n\n<ul>\n<li>Ba\u00f1o con ducha o ba\u00f1era, inodoro y secador de pelo<\/li>\n<li>Cuna disponible bajo petici\u00f3n (hasta 2 a\u00f1os)<\/li>\n<li>Caja fuerte<\/li>\n<\/ul>\n\n\t\t<\/div>\n\t\t\t<\/div>\n\n\t\n\n\n<style>\n#row-2084853200 > .col > .col-inner {\n  padding: 0px 0px 0px 0px;\n}\n@media (min-width:550px) {\n  #row-2084853200 > .col > .col-inner {\n    padding: 0px 0px 0px 0px;\n  }\n}\n<\/style>\n<\/div>\n<div class=\"text-center\"><div class=\"is-divider divider clearfix\" style=\"margin-top:2em;margin-bottom:2em;max-width:250px;\"><\/div><\/div>\n\n\n\t\t<\/div>\n\n\t\t\n<style>\n#section_358716871 {\n  padding-top: 0px;\n  padding-bottom: 0px;\n}\n<\/style>\n\t<\/section>\n\t\n\n","protected":false},"excerpt":{"rendered":"","protected":false},"author":1,"featured_media":0,"parent":0,"menu_order":0,"comment_status":"closed","ping_status":"closed","template":"page-blank.php","meta":{"footnotes":""},"class_list":["post-813","page","type-page","status-publish","hentry"],"yoast_head":"<!-- This site is optimized with the Yoast SEO plugin v23.1 - https:\/\/yoast.com\/wordpress\/plugins\/seo\/ -->\n<title>Habitaciones con vistas a la Torre Eiffel en el hotel Relais Saint Charles Paris<\/title>\n<meta name=\"description\" content=\"Cada una de las habitaciones Dobles y Twin situadas en el 4\u00ba piso con vistas a la Torre Eiffel te abre las puertas de la capital.\" \/>\n<meta name=\"robots\" content=\"index, follow, max-snippet:-1, max-image-preview:large, max-video-preview:-1\" \/>\n<link rel=\"canonical\" href=\"https:\/\/www.relaisstcharles.fr\/es\/chambre-vue-tour-eiffel\/\" \/>\n<meta property=\"og:locale\" content=\"es_ES\" \/>\n<meta property=\"og:type\" content=\"article\" \/>\n<meta property=\"og:title\" content=\"Habitaciones con vistas a la Torre Eiffel en el hotel Relais Saint Charles Paris\" \/>\n<meta property=\"og:description\" content=\"Cada una de las habitaciones Dobles y Twin situadas en el 4\u00ba piso con vistas a la Torre Eiffel te abre las puertas de la capital.\" \/>\n<meta property=\"og:url\" content=\"https:\/\/www.relaisstcharles.fr\/es\/chambre-vue-tour-eiffel\/\" \/>\n<meta property=\"og:site_name\" content=\"Le Relais Saint Charles\" \/>\n<meta property=\"article:modified_time\" content=\"2025-06-16T11:49:52+00:00\" \/>\n<meta name=\"twitter:card\" content=\"summary_large_image\" \/>\n<meta name=\"twitter:label1\" content=\"Tiempo de lectura\" \/>\n\t<meta name=\"twitter:data1\" content=\"2 minutos\" \/>\n<script type=\"application\/ld+json\" class=\"yoast-schema-graph\">{\"@context\":\"https:\/\/schema.org\",\"@graph\":[{\"@type\":\"WebPage\",\"@id\":\"https:\/\/www.relaisstcharles.fr\/es\/chambre-vue-tour-eiffel\/\",\"url\":\"https:\/\/www.relaisstcharles.fr\/es\/chambre-vue-tour-eiffel\/\",\"name\":\"Habitaciones con vistas a la Torre Eiffel en el hotel Relais Saint Charles Paris\",\"isPartOf\":{\"@id\":\"https:\/\/www.relaisstcharles.fr\/en\/#website\"},\"datePublished\":\"2021-03-25T07:25:39+00:00\",\"dateModified\":\"2025-06-16T11:49:52+00:00\",\"description\":\"Cada una de las habitaciones Dobles y Twin situadas en el 4\u00ba piso con vistas a la Torre Eiffel te abre las puertas de la capital.\",\"breadcrumb\":{\"@id\":\"https:\/\/www.relaisstcharles.fr\/es\/chambre-vue-tour-eiffel\/#breadcrumb\"},\"inLanguage\":\"es\",\"potentialAction\":[{\"@type\":\"ReadAction\",\"target\":[\"https:\/\/www.relaisstcharles.fr\/es\/chambre-vue-tour-eiffel\/\"]}]},{\"@type\":\"BreadcrumbList\",\"@id\":\"https:\/\/www.relaisstcharles.fr\/es\/chambre-vue-tour-eiffel\/#breadcrumb\",\"itemListElement\":[{\"@type\":\"ListItem\",\"position\":1,\"name\":\"Accueil\",\"item\":\"https:\/\/www.relaisstcharles.fr\/es\/\"},{\"@type\":\"ListItem\",\"position\":2,\"name\":\"chambre vue Tour Eiffel\"}]},{\"@type\":\"WebSite\",\"@id\":\"https:\/\/www.relaisstcharles.fr\/en\/#website\",\"url\":\"https:\/\/www.relaisstcharles.fr\/en\/\",\"name\":\"Le Relais Saint Charles\",\"description\":\"H\u00f4tel 3 \u00e9toiles proche de la Tour Eiffel\",\"potentialAction\":[{\"@type\":\"SearchAction\",\"target\":{\"@type\":\"EntryPoint\",\"urlTemplate\":\"https:\/\/www.relaisstcharles.fr\/en\/?s={search_term_string}\"},\"query-input\":\"required name=search_term_string\"}],\"inLanguage\":\"es\"}]}<\/script>\n<!-- \/ Yoast SEO plugin. -->","yoast_head_json":{"title":"Habitaciones con vistas a la Torre Eiffel en el hotel Relais Saint Charles Paris","description":"Cada una de las habitaciones Dobles y Twin situadas en el 4\u00ba piso con vistas a la Torre Eiffel te abre las puertas de la capital.","robots":{"index":"index","follow":"follow","max-snippet":"max-snippet:-1","max-image-preview":"max-image-preview:large","max-video-preview":"max-video-preview:-1"},"canonical":"https:\/\/www.relaisstcharles.fr\/es\/chambre-vue-tour-eiffel\/","og_locale":"es_ES","og_type":"article","og_title":"Habitaciones con vistas a la Torre Eiffel en el hotel Relais Saint Charles Paris","og_description":"Cada una de las habitaciones Dobles y Twin situadas en el 4\u00ba piso con vistas a la Torre Eiffel te abre las puertas de la capital.","og_url":"https:\/\/www.relaisstcharles.fr\/es\/chambre-vue-tour-eiffel\/","og_site_name":"Le Relais Saint Charles","article_modified_time":"2025-06-16T11:49:52+00:00","twitter_card":"summary_large_image","twitter_misc":{"Tiempo de lectura":"2 minutos"},"schema":{"@context":"https:\/\/schema.org","@graph":[{"@type":"WebPage","@id":"https:\/\/www.relaisstcharles.fr\/es\/chambre-vue-tour-eiffel\/","url":"https:\/\/www.relaisstcharles.fr\/es\/chambre-vue-tour-eiffel\/","name":"Habitaciones con vistas a la Torre Eiffel en el hotel Relais Saint Charles Paris","isPartOf":{"@id":"https:\/\/www.relaisstcharles.fr\/en\/#website"},"datePublished":"2021-03-25T07:25:39+00:00","dateModified":"2025-06-16T11:49:52+00:00","description":"Cada una de las habitaciones Dobles y Twin situadas en el 4\u00ba piso con vistas a la Torre Eiffel te abre las puertas de la capital.","breadcrumb":{"@id":"https:\/\/www.relaisstcharles.fr\/es\/chambre-vue-tour-eiffel\/#breadcrumb"},"inLanguage":"es","potentialAction":[{"@type":"ReadAction","target":["https:\/\/www.relaisstcharles.fr\/es\/chambre-vue-tour-eiffel\/"]}]},{"@type":"BreadcrumbList","@id":"https:\/\/www.relaisstcharles.fr\/es\/chambre-vue-tour-eiffel\/#breadcrumb","itemListElement":[{"@type":"ListItem","position":1,"name":"Accueil","item":"https:\/\/www.relaisstcharles.fr\/es\/"},{"@type":"ListItem","position":2,"name":"chambre vue Tour Eiffel"}]},{"@type":"WebSite","@id":"https:\/\/www.relaisstcharles.fr\/en\/#website","url":"https:\/\/www.relaisstcharles.fr\/en\/","name":"Le Relais Saint Charles","description":"H\u00f4tel 3 \u00e9toiles proche de la Tour Eiffel","potentialAction":[{"@type":"SearchAction","target":{"@type":"EntryPoint","urlTemplate":"https:\/\/www.relaisstcharles.fr\/en\/?s={search_term_string}"},"query-input":"required name=search_term_string"}],"inLanguage":"es"}]}},"_links":{"self":[{"href":"https:\/\/www.relaisstcharles.fr\/es\/wp-json\/wp\/v2\/pages\/813","targetHints":{"allow":["GET"]}}],"collection":[{"href":"https:\/\/www.relaisstcharles.fr\/es\/wp-json\/wp\/v2\/pages"}],"about":[{"href":"https:\/\/www.relaisstcharles.fr\/es\/wp-json\/wp\/v2\/types\/page"}],"author":[{"embeddable":true,"href":"https:\/\/www.relaisstcharles.fr\/es\/wp-json\/wp\/v2\/users\/1"}],"replies":[{"embeddable":true,"href":"https:\/\/www.relaisstcharles.fr\/es\/wp-json\/wp\/v2\/comments?post=813"}],"version-history":[{"count":2,"href":"https:\/\/www.relaisstcharles.fr\/es\/wp-json\/wp\/v2\/pages\/813\/revisions"}],"predecessor-version":[{"id":906,"href":"https:\/\/www.relaisstcharles.fr\/es\/wp-json\/wp\/v2\/pages\/813\/revisions\/906"}],"wp:attachment":[{"href":"https:\/\/www.relaisstcharles.fr\/es\/wp-json\/wp\/v2\/media?parent=813"}],"curies":[{"name":"wp","href":"https:\/\/api.w.org\/{rel}","templated":true}]}}