{"id":803,"date":"2021-03-15T14:57:06","date_gmt":"2021-03-15T13:57:06","guid":{"rendered":"https:\/\/www.relaisstcharles.fr\/accueil\/"},"modified":"2025-08-20T16:04:01","modified_gmt":"2025-08-20T14:04:01","slug":"accueil","status":"publish","type":"page","link":"https:\/\/www.relaisstcharles.fr\/es\/","title":{"rendered":"Accueil"},"content":{"rendered":"\n\t<section class=\"section\" id=\"section_1835330860\">\n\t\t<div class=\"bg section-bg fill bg-fill  bg-loaded\" >\n\n\t\t\t\n\t\t\t<button class=\"scroll-for-more z-5 icon absolute bottom h-center\"><i class=\"icon-angle-down\" style=\"font-size:42px;\"><\/i><\/button>\n\t\t\t\n\n\t\t<\/div>\n\n\t\t<div class=\"section-content relative\">\n\t\t\t\n\n<div class=\"slider-wrapper relative hide-for-medium\" id=\"slider-1403261903\" >\n    <div class=\"slider slider-nav-circle slider-nav-large slider-nav-light slider-style-normal\"\n        data-flickity-options='{\n            \"cellAlign\": \"center\",\n            \"imagesLoaded\": true,\n            \"lazyLoad\": 1,\n            \"freeScroll\": false,\n            \"wrapAround\": true,\n            \"autoPlay\": 6000,\n            \"pauseAutoPlayOnHover\" : true,\n            \"prevNextButtons\": true,\n            \"contain\" : true,\n            \"adaptiveHeight\" : true,\n            \"dragThreshold\" : 10,\n            \"percentPosition\": true,\n            \"pageDots\": false,\n            \"rightToLeft\": false,\n            \"draggable\": true,\n            \"selectedAttraction\": 0.1,\n            \"parallax\" : 0,\n            \"friction\": 0.6        }'\n        >\n        \n\n\n  <div class=\"banner has-hover is-full-height\" id=\"banner-156711783\">\n          <div class=\"banner-inner fill\">\n        <div class=\"banner-bg fill\" >\n            <div class=\"bg fill bg-fill \"><\/div>\n                                    \n                    <\/div>\n        <div class=\"banner-layers container\">\n            <div class=\"fill banner-link\"><\/div>            \n\n   <div id=\"text-box-2137610459\" class=\"text-box banner-layer x50 md-x50 lg-x50 y50 md-y50 lg-y50 res-text\">\n                                <div class=\"text-box-content text dark\">\n              \n              <div class=\"text-inner text-center\">\n                  \n\n\n              <\/div>\n           <\/div>\n                            \n<style>\n#text-box-2137610459 {\n  width: 60%;\n}\n#text-box-2137610459 .text-box-content {\n  font-size: 100%;\n}\n<\/style>\n    <\/div>\n \n\n        <\/div>\n      <\/div>\n\n            \n<style>\n#banner-156711783 {\n  padding-top: 56.25%;\n}\n#banner-156711783 .bg.bg-loaded {\n  background-image: url(https:\/\/www.relaisstcharles.fr\/wp-content\/uploads\/2022\/10\/CHAMBRE1-1.jpg);\n}\n@media (min-width:850px) {\n  #banner-156711783 {\n    padding-top: 100%;\n  }\n}\n<\/style>\n  <\/div>\n\n\n\n     <\/div>\n\n     <div class=\"loading-spin dark large centered\"><\/div>\n\n     <\/div>\n\n\n<div class=\"slider-wrapper relative show-for-medium\" id=\"slider-1960608160\" >\n    <div class=\"slider slider-nav-circle slider-nav-large slider-nav-light slider-style-normal\"\n        data-flickity-options='{\n            \"cellAlign\": \"center\",\n            \"imagesLoaded\": true,\n            \"lazyLoad\": 1,\n            \"freeScroll\": false,\n            \"wrapAround\": true,\n            \"autoPlay\": 6000,\n            \"pauseAutoPlayOnHover\" : true,\n            \"prevNextButtons\": true,\n            \"contain\" : true,\n            \"adaptiveHeight\" : true,\n            \"dragThreshold\" : 10,\n            \"percentPosition\": true,\n            \"pageDots\": false,\n            \"rightToLeft\": false,\n            \"draggable\": true,\n            \"selectedAttraction\": 0.1,\n            \"parallax\" : 0,\n            \"friction\": 0.6        }'\n        >\n        \n\n\n  <div class=\"banner has-hover\" id=\"banner-354149252\">\n          <div class=\"banner-inner fill\">\n        <div class=\"banner-bg fill\" >\n            <div class=\"bg fill bg-fill \"><\/div>\n                                    \n                    <\/div>\n        <div class=\"banner-layers container\">\n            <div class=\"fill banner-link\"><\/div>            \n\n   <div id=\"text-box-558402496\" class=\"text-box banner-layer x50 md-x50 lg-x50 y50 md-y50 lg-y50 res-text\">\n                                <div class=\"text-box-content text dark\">\n              \n              <div class=\"text-inner text-center\">\n                  \n\n\n              <\/div>\n           <\/div>\n                            \n<style>\n#text-box-558402496 {\n  width: 60%;\n}\n#text-box-558402496 .text-box-content {\n  font-size: 100%;\n}\n<\/style>\n    <\/div>\n \n\n        <\/div>\n      <\/div>\n\n            \n<style>\n#banner-354149252 {\n  padding-top: 99.99%;\n}\n#banner-354149252 .bg.bg-loaded {\n  background-image: url(https:\/\/www.relaisstcharles.fr\/wp-content\/uploads\/2021\/03\/le-relais-saint-charles-paris-chambre-orange-vue-tour-eiffel.jpg);\n}\n@media (min-width:550px) {\n  #banner-354149252 {\n    padding-top: 56.25%;\n  }\n}\n@media (min-width:850px) {\n  #banner-354149252 {\n    padding-top: 56.25%;\n  }\n}\n<\/style>\n  <\/div>\n\n\n\n     <\/div>\n\n     <div class=\"loading-spin dark large centered\"><\/div>\n\n     <\/div>\n\n\n\n\t\t<\/div>\n\n\t\t\n<style>\n#section_1835330860 {\n  padding-top: 0px;\n  padding-bottom: 0px;\n}\n<\/style>\n\t<\/section>\n\t\n\t<section class=\"section\" id=\"section_684104654\">\n\t\t<div class=\"bg section-bg fill bg-fill  bg-loaded\" >\n\n\t\t\t\n\t\t\t\n\t\t\t\n\n\t\t<\/div>\n\n\t\t<div class=\"section-content relative\">\n\t\t\t\n\n<div class=\"row row-large\"  id=\"row-343254217\">\n\n\n\t<div id=\"col-1559299464\" class=\"col small-12 large-12\"  data-animate=\"bounceInUp\">\n\t\t<div class=\"col-inner\"  >\n\t\t\t\n\t\t\t\n\n<h1 style=\"text-align: center;\">El Relais Saint Charles Par\u00eds<\/h1>\n<h2 style=\"text-align: center;\"> Hotel de 4 estrellas cerca de la Torre Eiffel <\/h2>\n<p style=\"text-align: center; margin-bottom:0;\">Idealmente situado a 10 minutos a pie de la Torre Eiffel, en el coraz\u00f3n de Par\u00eds, el hotel de 4 estrellas Le Relais Saint Charles le invita a alojarse en la capital con un esp\u00edritu contempor\u00e1neo y un ambiente acogedor.<\/p>\n\n\t\t<\/div>\n\t\t\n<style>\n#col-1559299464 > .col-inner {\n  padding: 0px 0px 0 0px;\n  margin: 0px 0px 0 0px;\n}\n<\/style>\n\t<\/div>\n\n\t\n\n\n<style>\n#row-343254217 > .col > .col-inner {\n  padding: 0px 0px 0 0px;\n}\n<\/style>\n<\/div>\n<div class=\"row row-collapse row-full-width\"  id=\"row-1520102861\">\n\n\n\t<div id=\"col-882821861\" class=\"col medium-4 small-12 large-4\"  data-animate=\"fadeInUp\">\n\t\t<div class=\"col-inner\"  >\n\t\t\t\n\t\t\t\n\n\t<div class=\"box has-hover   has-hover box-text-bottom\" >\n\n\t\t<div class=\"box-image\" >\n\t\t\t<a href=\"https:\/\/www.relaisstcharles.fr\/es\/habitaciones\/\"  >\t\t\t<div class=\"image-zoom-long\" >\n\t\t\t\t<img decoding=\"async\" width=\"1500\" height=\"1000\" src=\"https:\/\/www.relaisstcharles.fr\/wp-content\/uploads\/2022\/10\/CHAMBRE3-1.jpg\" class=\"attachment- size-\" alt=\"Le Relais Saint Charles Paris 15\" srcset=\"https:\/\/www.relaisstcharles.fr\/wp-content\/uploads\/2022\/10\/CHAMBRE3-1.jpg 1500w, https:\/\/www.relaisstcharles.fr\/wp-content\/uploads\/2022\/10\/CHAMBRE3-1-300x200.jpg 300w, https:\/\/www.relaisstcharles.fr\/wp-content\/uploads\/2022\/10\/CHAMBRE3-1-1024x683.jpg 1024w, https:\/\/www.relaisstcharles.fr\/wp-content\/uploads\/2022\/10\/CHAMBRE3-1-768x512.jpg 768w\" sizes=\"(max-width: 1500px) 100vw, 1500px\" \/>\t\t\t\t\t\t\t\t\t\t\t<\/div>\n\t\t\t<\/a>\t\t<\/div>\n\n\t\t<div class=\"box-text text-center\" >\n\t\t\t<div class=\"box-text-inner\">\n\t\t\t\t\n\n<h4 style=\"text-align: center;\"> NUESTRAS HABITACIONES <\/h4>\n<p style=\"text-align: center;\"><a href=\"https:\/\/www.relaisstcharles.fr\/es\/habitaciones\/\" style=\"color:#000;\"> DESCOUBRIR M\u00c1S <\/a><\/p>\n\n\t\t\t<\/div>\n\t\t<\/div>\n\t<\/div>\n\t\n\n\t\t<\/div>\n\t\t\t<\/div>\n\n\t\n\n\t<div id=\"col-97580712\" class=\"col medium-4 small-12 large-4\"  data-animate=\"fadeInUp\">\n\t\t<div class=\"col-inner\"  >\n\t\t\t\n\t\t\t\n\n\t<div class=\"box has-hover   has-hover box-text-bottom\" >\n\n\t\t<div class=\"box-image\" >\n\t\t\t<a href=\"http:\/\/www.relaisstcharles.fr\/es\/servicios\/\"  >\t\t\t<div class=\"image-zoom-long\" >\n\t\t\t\t<img decoding=\"async\" width=\"1500\" height=\"999\" src=\"https:\/\/www.relaisstcharles.fr\/wp-content\/uploads\/2022\/10\/DIPTYQUE3.jpg\" class=\"attachment- size-\" alt=\"Le Relais Saint Charles Paris 15\" srcset=\"https:\/\/www.relaisstcharles.fr\/wp-content\/uploads\/2022\/10\/DIPTYQUE3.jpg 1500w, https:\/\/www.relaisstcharles.fr\/wp-content\/uploads\/2022\/10\/DIPTYQUE3-300x200.jpg 300w, https:\/\/www.relaisstcharles.fr\/wp-content\/uploads\/2022\/10\/DIPTYQUE3-1024x682.jpg 1024w, https:\/\/www.relaisstcharles.fr\/wp-content\/uploads\/2022\/10\/DIPTYQUE3-768x511.jpg 768w\" sizes=\"(max-width: 1500px) 100vw, 1500px\" \/>\t\t\t\t\t\t\t\t\t\t\t<\/div>\n\t\t\t<\/a>\t\t<\/div>\n\n\t\t<div class=\"box-text text-center\" >\n\t\t\t<div class=\"box-text-inner\">\n\t\t\t\t\n\n<h4 style=\"text-align: center;\"> NUESTROS SERVICIOS<\/h4>\n<p style=\"text-align: center;\"><a href=\"http:\/\/www.relaisstcharles.fr\/es\/servicios\/\" style=\"color:#000;\"> DESCOUBRIR M\u00c1S <\/a><\/p>\n\n\t\t\t<\/div>\n\t\t<\/div>\n\t<\/div>\n\t\n\n\t\t<\/div>\n\t\t\t<\/div>\n\n\t\n\n\t<div id=\"col-1484116289\" class=\"col medium-4 small-12 large-4\"  data-animate=\"fadeInUp\">\n\t\t<div class=\"col-inner\"  >\n\t\t\t\n\t\t\t\n\n\t<div class=\"box has-hover   has-hover box-text-bottom\" >\n\n\t\t<div class=\"box-image\" >\n\t\t\t<a href=\"http:\/\/www.relaisstcharles.fr\/es\/ofertas-especiales\/\"  >\t\t\t<div class=\"image-zoom-long\" >\n\t\t\t\t<img decoding=\"async\" width=\"1500\" height=\"1000\" src=\"https:\/\/www.relaisstcharles.fr\/wp-content\/uploads\/2022\/10\/CHAMBRE2-2.jpg\" class=\"attachment- size-\" alt=\"Le Relais Saint Charles Paris 15\" srcset=\"https:\/\/www.relaisstcharles.fr\/wp-content\/uploads\/2022\/10\/CHAMBRE2-2.jpg 1500w, https:\/\/www.relaisstcharles.fr\/wp-content\/uploads\/2022\/10\/CHAMBRE2-2-300x200.jpg 300w, https:\/\/www.relaisstcharles.fr\/wp-content\/uploads\/2022\/10\/CHAMBRE2-2-1024x683.jpg 1024w, https:\/\/www.relaisstcharles.fr\/wp-content\/uploads\/2022\/10\/CHAMBRE2-2-768x512.jpg 768w\" sizes=\"(max-width: 1500px) 100vw, 1500px\" \/>\t\t\t\t\t\t\t\t\t\t\t<\/div>\n\t\t\t<\/a>\t\t<\/div>\n\n\t\t<div class=\"box-text text-center\" >\n\t\t\t<div class=\"box-text-inner\">\n\t\t\t\t\n\n<h4 style=\"text-align: center;\">OFERTAS ESPECIALES<\/h4>\n<p style=\"text-align: center;\"><a href=\"http:\/\/www.relaisstcharles.fr\/es\/ofertas-especiales\/\" style=\"color:#000;\"> DESCOUBRIR M\u00c1S <\/a><\/p>\n\n\t\t\t<\/div>\n\t\t<\/div>\n\t<\/div>\n\t\n\n\t\t<\/div>\n\t\t\t<\/div>\n\n\t\n\n<\/div>\n<div class=\"text-center\"><div class=\"is-divider divider clearfix\" style=\"margin-top:2em;margin-bottom:2em;max-width:250px;\"><\/div><\/div>\n\n<div class=\"row row-collapse align-middle encart-presentation\"  id=\"row-1905725745\">\n\n\n\t<div id=\"col-69473082\" class=\"col medium-12 small-12 large-6\"  data-animate=\"fadeInLeft\">\n\t\t<div class=\"col-inner\"  >\n\t\t\t\n\t\t\t\n\n<h3>Para viajes de negocios, Par\u00eds le abre las puertas&#8230;<\/h3>\n<p>Para un viaje de negocios a Par\u00eds, la proximidad del H\u00f4tel Le Relais Saint Charles a la estaci\u00f3n de metro Dupleix ofrece f\u00e1cil acceso a la estaci\u00f3n de tren de Montparnasse, la Porte de Versailles y el distrito de La D\u00e9fense.<\/p>\n\n\t\t<\/div>\n\t\t\n<style>\n#col-69473082 > .col-inner {\n  padding: 10px 20px 10px 20px;\n}\n<\/style>\n\t<\/div>\n\n\t\n\n\t<div id=\"col-1253434169\" class=\"col medium-12 small-12 large-6 medium-col-first\"  data-animate=\"fadeInRight\">\n\t\t<div class=\"col-inner\"  >\n\t\t\t\n\t\t\t\n\n\t<div class=\"img has-hover x md-x lg-x y md-y lg-y\" id=\"image_555064931\">\n\t\t\t\t\t\t\t\t<div class=\"img-inner dark\" >\n\t\t\t<img decoding=\"async\" width=\"1020\" height=\"680\" src=\"https:\/\/www.relaisstcharles.fr\/wp-content\/uploads\/2022\/10\/FACADE2-1024x683.jpg\" class=\"attachment-large size-large\" alt=\"Le Relais Saint Charles Paris 15\" srcset=\"https:\/\/www.relaisstcharles.fr\/wp-content\/uploads\/2022\/10\/FACADE2-1024x683.jpg 1024w, https:\/\/www.relaisstcharles.fr\/wp-content\/uploads\/2022\/10\/FACADE2-300x200.jpg 300w, https:\/\/www.relaisstcharles.fr\/wp-content\/uploads\/2022\/10\/FACADE2-768x512.jpg 768w, https:\/\/www.relaisstcharles.fr\/wp-content\/uploads\/2022\/10\/FACADE2.jpg 1500w\" sizes=\"(max-width: 1020px) 100vw, 1020px\" \/>\t\t\t\t\t\t\n\t\t\t\t\t<\/div>\n\t\t\t\t\t\t\t\t\n<style>\n#image_555064931 {\n  width: 100%;\n}\n<\/style>\n\t<\/div>\n\t\n\n\n\t\t<\/div>\n\t\t\t<\/div>\n\n\t\n\n<\/div>\n<div class=\"row row-collapse align-middle encart-presentation\"  id=\"row-256912363\">\n\n\n\t<div id=\"col-1787882898\" class=\"col medium-12 small-12 large-6\"  data-animate=\"fadeInLeft\">\n\t\t<div class=\"col-inner\"  >\n\t\t\t\n\t\t\t\n\n\t<div class=\"img has-hover x md-x lg-x y md-y lg-y\" id=\"image_270228226\">\n\t\t\t\t\t\t\t\t<div class=\"img-inner dark\" >\n\t\t\t<img decoding=\"async\" width=\"1020\" height=\"679\" src=\"https:\/\/www.relaisstcharles.fr\/wp-content\/uploads\/2022\/10\/DIPTYQUE2-1024x682.jpg\" class=\"attachment-large size-large\" alt=\"Le Relais Saint Charles Paris 15\" srcset=\"https:\/\/www.relaisstcharles.fr\/wp-content\/uploads\/2022\/10\/DIPTYQUE2-1024x682.jpg 1024w, https:\/\/www.relaisstcharles.fr\/wp-content\/uploads\/2022\/10\/DIPTYQUE2-300x200.jpg 300w, https:\/\/www.relaisstcharles.fr\/wp-content\/uploads\/2022\/10\/DIPTYQUE2-768x511.jpg 768w, https:\/\/www.relaisstcharles.fr\/wp-content\/uploads\/2022\/10\/DIPTYQUE2.jpg 1500w\" sizes=\"(max-width: 1020px) 100vw, 1020px\" \/>\t\t\t\t\t\t\n\t\t\t\t\t<\/div>\n\t\t\t\t\t\t\t\t\n<style>\n#image_270228226 {\n  width: 100%;\n}\n<\/style>\n\t<\/div>\n\t\n\n\n\t\t<\/div>\n\t\t\t<\/div>\n\n\t\n\n\t<div id=\"col-1702814971\" class=\"col medium-12 small-12 large-6\"  data-animate=\"fadeInRight\">\n\t\t<div class=\"col-inner\"  >\n\t\t\t\n\t\t\t\n\n<h3>En un viaje tur\u00edstico, le espera una escapada con encanto&#8230;<\/h3>\n<p>Si planea visitar Par\u00eds, el hotel Relais Saint Charles, cerca de la Torre Eiffel, ser\u00e1 el punto de partida para descubrir los monumentos de la &#8220;Ciudad de la Luz&#8221; a pie, en autob\u00fas o en un crucero por el Sena. Admire la Torre Eiffel, Los Inv\u00e1lidos, el Trocadero, el Arco del Triunfo, los Campos El\u00edseos, Notre Dame y las atracciones tur\u00edsticas imprescindibles de la capital. Descubra tambi\u00e9n el Museo del Louvre, el Grand Palais o el Museo de Orsay&#8230;<\/p>\n\n\t\t<\/div>\n\t\t\n<style>\n#col-1702814971 > .col-inner {\n  padding: 10px 20px 10px 20px;\n}\n<\/style>\n\t<\/div>\n\n\t\n\n<\/div>\n<div class=\"text-center\"><div class=\"is-divider divider clearfix\" style=\"margin-top:2em;margin-bottom:2em;max-width:250px;\"><\/div><\/div>\n\n\n\t\t<\/div>\n\n\t\t\n<style>\n#section_684104654 {\n  padding-top: 30px;\n  padding-bottom: 30px;\n}\n<\/style>\n\t<\/section>\n\t\n\t<section class=\"section\" id=\"section_1906436196\">\n\t\t<div class=\"bg section-bg fill bg-fill  bg-loaded\" >\n\n\t\t\t\n\t\t\t\n\t\t\t\n\n\t\t<\/div>\n\n\t\t<div class=\"section-content relative\">\n\t\t\t\n\n<p><iframe src=\"https:\/\/www.google.com\/maps\/embed?pb=!1m18!1m12!1m3!1d5893.194130660151!2d2.289751353315126!3d48.85592931274104!2m3!1f0!2f0!3f0!3m2!1i1024!2i768!4f13.1!3m3!1m2!1s0x47e6701bd7bc29b7%3A0x6a40127f533e3fbe!2s72%20Boulevard%20de%20Grenelle%2C%2075015%20Paris!5e0!3m2!1sfr!2sfr!4v1615959537934!5m2!1sfr!2sfr\" width=\"100%\" height=\"450\" style=\"border:0;\" allowfullscreen=\"\" loading=\"lazy\"><\/iframe><\/p>\n<h4 style=\"text-align: center; text-transform:uppercase\">ubicaci\u00f3n y acceso<\/h4>\n<p style=\"text-align: center;\"><a href=\"http:\/\/www.relaisstcharles.fr\/es\/ubicacion\/\" style=\"color:#000;\">DESCOUBRIR M\u00c1S <\/a><\/p>\n<div class=\"text-center\"><div class=\"is-divider divider clearfix\" style=\"margin-top:2em;margin-bottom:2em;max-width:250px;\"><\/div><\/div>\n\n\n\t\t<\/div>\n\n\t\t\n<style>\n#section_1906436196 {\n  padding-top: 30px;\n  padding-bottom: 30px;\n}\n<\/style>\n\t<\/section>\n\t\n\t<section class=\"section\" id=\"section_900729416\">\n\t\t<div class=\"bg section-bg fill bg-fill  bg-loaded\" >\n\n\t\t\t\n\t\t\t\n\t\t\t\n\n\t\t<\/div>\n\n\t\t<div class=\"section-content relative\">\n\t\t\t\n\n<div class=\"row\"  id=\"row-1540253722\">\n\n\n\t<div id=\"col-240226839\" class=\"col small-12 large-12\"  >\n\t\t<div class=\"col-inner\"  >\n\t\t\t\n\t\t\t\n\n<h3 style=\"text-align: center;\">Hotel le Relais Saint Charles, cerca de la Torre Eiffel<\/h3>\n<p>&nbsp;<\/p>\n<p>El distrito de la Torre Eiffel es uno de los m\u00e1s animados de Par\u00eds. Esta zona es una de las favoritas de todo el mundo, con la Torre Eiffel, la Escuela Militar, Los Inv\u00e1lidos y el Museo del Quai Branly. La terraza del Palacio de Chaillot es el lugar ideal para disfrutar de una hermosa vista de todos estos monumentos, especialmente de la Torre Eiffel. Al otro lado del Sena, se encuentra el Campo de Marte, una magn\u00edfica avenida verde entre la Torre Eiffel y la Escuela Militar.<\/p>\n<p>&nbsp;<\/p>\n<p>El hotel Relais Saint Charles, situado frente a la estaci\u00f3n de metro Dupleix y a 10 minutos a pie de la Torre Eiffel, el Campo de Marte y la \u00c9cole Militaire, es el lugar ideal para visitar los monumentos de Par\u00eds. Este hotel dispone de varias habitaciones donde podr\u00e1 admirar la Torre Eiffel desde la cama.<\/p>\n\n\t\t<\/div>\n\t\t\t<\/div>\n\n\t\n\n<\/div>\n\n\t\t<\/div>\n\n\t\t\n<style>\n#section_900729416 {\n  padding-top: 0px;\n  padding-bottom: 0px;\n}\n<\/style>\n\t<\/section>\n\t\n\n","protected":false},"excerpt":{"rendered":"","protected":false},"author":1,"featured_media":0,"parent":0,"menu_order":0,"comment_status":"closed","ping_status":"closed","template":"page-transparent-header.php","meta":{"footnotes":""},"class_list":["post-803","page","type-page","status-publish","hentry"],"yoast_head":"<!-- This site is optimized with the Yoast SEO plugin v23.1 - https:\/\/yoast.com\/wordpress\/plugins\/seo\/ -->\n<title>Hotel Le Relais Saint Charles Paris, hotel Torre Eiffel en Par\u00eds<\/title>\n<meta name=\"description\" content=\"A dos pasos de la Torre Eiffel, en el centro de Par\u00eds, el hotel de 4 estrellas Relais St-Charles le da la bienvenida al coraz\u00f3n del barrio de Grenelle.\" \/>\n<meta name=\"robots\" content=\"index, follow, max-snippet:-1, max-image-preview:large, max-video-preview:-1\" \/>\n<link rel=\"canonical\" href=\"https:\/\/www.relaisstcharles.fr\/es\/\" \/>\n<meta property=\"og:locale\" content=\"es_ES\" \/>\n<meta property=\"og:type\" content=\"article\" \/>\n<meta property=\"og:title\" content=\"Hotel Le Relais Saint Charles Paris, hotel Torre Eiffel en Par\u00eds\" \/>\n<meta property=\"og:description\" content=\"A dos pasos de la Torre Eiffel, en el centro de Par\u00eds, el hotel de 4 estrellas Relais St-Charles le da la bienvenida al coraz\u00f3n del barrio de Grenelle.\" \/>\n<meta property=\"og:url\" content=\"https:\/\/www.relaisstcharles.fr\/es\/\" \/>\n<meta property=\"og:site_name\" content=\"Le Relais Saint Charles\" \/>\n<meta property=\"article:modified_time\" content=\"2025-08-20T14:04:01+00:00\" \/>\n<meta name=\"twitter:card\" content=\"summary_large_image\" \/>\n<meta name=\"twitter:label1\" content=\"Tiempo de lectura\" \/>\n\t<meta name=\"twitter:data1\" content=\"3 minutos\" \/>\n<script type=\"application\/ld+json\" class=\"yoast-schema-graph\">{\"@context\":\"https:\/\/schema.org\",\"@graph\":[{\"@type\":\"WebPage\",\"@id\":\"https:\/\/www.relaisstcharles.fr\/es\/\",\"url\":\"https:\/\/www.relaisstcharles.fr\/es\/\",\"name\":\"Hotel Le Relais Saint Charles Paris, hotel Torre Eiffel en Par\u00eds\",\"isPartOf\":{\"@id\":\"https:\/\/www.relaisstcharles.fr\/en\/#website\"},\"datePublished\":\"2021-03-15T13:57:06+00:00\",\"dateModified\":\"2025-08-20T14:04:01+00:00\",\"description\":\"A dos pasos de la Torre Eiffel, en el centro de Par\u00eds, el hotel de 4 estrellas Relais St-Charles le da la bienvenida al coraz\u00f3n del barrio de Grenelle.\",\"breadcrumb\":{\"@id\":\"https:\/\/www.relaisstcharles.fr\/es\/#breadcrumb\"},\"inLanguage\":\"es\",\"potentialAction\":[{\"@type\":\"ReadAction\",\"target\":[\"https:\/\/www.relaisstcharles.fr\/es\/\"]}]},{\"@type\":\"BreadcrumbList\",\"@id\":\"https:\/\/www.relaisstcharles.fr\/es\/#breadcrumb\",\"itemListElement\":[{\"@type\":\"ListItem\",\"position\":1,\"name\":\"Accueil\",\"item\":\"https:\/\/www.relaisstcharles.fr\/es\/\"},{\"@type\":\"ListItem\",\"position\":2,\"name\":\"Accueil\"}]},{\"@type\":\"WebSite\",\"@id\":\"https:\/\/www.relaisstcharles.fr\/en\/#website\",\"url\":\"https:\/\/www.relaisstcharles.fr\/en\/\",\"name\":\"Le Relais Saint Charles\",\"description\":\"H\u00f4tel 3 \u00e9toiles proche de la Tour Eiffel\",\"potentialAction\":[{\"@type\":\"SearchAction\",\"target\":{\"@type\":\"EntryPoint\",\"urlTemplate\":\"https:\/\/www.relaisstcharles.fr\/en\/?s={search_term_string}\"},\"query-input\":\"required name=search_term_string\"}],\"inLanguage\":\"es\"}]}<\/script>\n<!-- \/ Yoast SEO plugin. -->","yoast_head_json":{"title":"Hotel Le Relais Saint Charles Paris, hotel Torre Eiffel en Par\u00eds","description":"A dos pasos de la Torre Eiffel, en el centro de Par\u00eds, el hotel de 4 estrellas Relais St-Charles le da la bienvenida al coraz\u00f3n del barrio de Grenelle.","robots":{"index":"index","follow":"follow","max-snippet":"max-snippet:-1","max-image-preview":"max-image-preview:large","max-video-preview":"max-video-preview:-1"},"canonical":"https:\/\/www.relaisstcharles.fr\/es\/","og_locale":"es_ES","og_type":"article","og_title":"Hotel Le Relais Saint Charles Paris, hotel Torre Eiffel en Par\u00eds","og_description":"A dos pasos de la Torre Eiffel, en el centro de Par\u00eds, el hotel de 4 estrellas Relais St-Charles le da la bienvenida al coraz\u00f3n del barrio de Grenelle.","og_url":"https:\/\/www.relaisstcharles.fr\/es\/","og_site_name":"Le Relais Saint Charles","article_modified_time":"2025-08-20T14:04:01+00:00","twitter_card":"summary_large_image","twitter_misc":{"Tiempo de lectura":"3 minutos"},"schema":{"@context":"https:\/\/schema.org","@graph":[{"@type":"WebPage","@id":"https:\/\/www.relaisstcharles.fr\/es\/","url":"https:\/\/www.relaisstcharles.fr\/es\/","name":"Hotel Le Relais Saint Charles Paris, hotel Torre Eiffel en Par\u00eds","isPartOf":{"@id":"https:\/\/www.relaisstcharles.fr\/en\/#website"},"datePublished":"2021-03-15T13:57:06+00:00","dateModified":"2025-08-20T14:04:01+00:00","description":"A dos pasos de la Torre Eiffel, en el centro de Par\u00eds, el hotel de 4 estrellas Relais St-Charles le da la bienvenida al coraz\u00f3n del barrio de Grenelle.","breadcrumb":{"@id":"https:\/\/www.relaisstcharles.fr\/es\/#breadcrumb"},"inLanguage":"es","potentialAction":[{"@type":"ReadAction","target":["https:\/\/www.relaisstcharles.fr\/es\/"]}]},{"@type":"BreadcrumbList","@id":"https:\/\/www.relaisstcharles.fr\/es\/#breadcrumb","itemListElement":[{"@type":"ListItem","position":1,"name":"Accueil","item":"https:\/\/www.relaisstcharles.fr\/es\/"},{"@type":"ListItem","position":2,"name":"Accueil"}]},{"@type":"WebSite","@id":"https:\/\/www.relaisstcharles.fr\/en\/#website","url":"https:\/\/www.relaisstcharles.fr\/en\/","name":"Le Relais Saint Charles","description":"H\u00f4tel 3 \u00e9toiles proche de la Tour Eiffel","potentialAction":[{"@type":"SearchAction","target":{"@type":"EntryPoint","urlTemplate":"https:\/\/www.relaisstcharles.fr\/en\/?s={search_term_string}"},"query-input":"required name=search_term_string"}],"inLanguage":"es"}]}},"_links":{"self":[{"href":"https:\/\/www.relaisstcharles.fr\/es\/wp-json\/wp\/v2\/pages\/803","targetHints":{"allow":["GET"]}}],"collection":[{"href":"https:\/\/www.relaisstcharles.fr\/es\/wp-json\/wp\/v2\/pages"}],"about":[{"href":"https:\/\/www.relaisstcharles.fr\/es\/wp-json\/wp\/v2\/types\/page"}],"author":[{"embeddable":true,"href":"https:\/\/www.relaisstcharles.fr\/es\/wp-json\/wp\/v2\/users\/1"}],"replies":[{"embeddable":true,"href":"https:\/\/www.relaisstcharles.fr\/es\/wp-json\/wp\/v2\/comments?post=803"}],"version-history":[{"count":8,"href":"https:\/\/www.relaisstcharles.fr\/es\/wp-json\/wp\/v2\/pages\/803\/revisions"}],"predecessor-version":[{"id":952,"href":"https:\/\/www.relaisstcharles.fr\/es\/wp-json\/wp\/v2\/pages\/803\/revisions\/952"}],"wp:attachment":[{"href":"https:\/\/www.relaisstcharles.fr\/es\/wp-json\/wp\/v2\/media?parent=803"}],"curies":[{"name":"wp","href":"https:\/\/api.w.org\/{rel}","templated":true}]}}