{"id":524,"date":"2021-03-25T09:22:07","date_gmt":"2021-03-25T08:22:07","guid":{"rendered":"http:\/\/sofimediat.fr\/relais\/situation\/"},"modified":"2025-04-29T16:08:50","modified_gmt":"2025-04-29T14:08:50","slug":"location","status":"publish","type":"page","link":"https:\/\/www.relaisstcharles.fr\/en\/location\/","title":{"rendered":"Location"},"content":{"rendered":"\n\t<section class=\"section\" id=\"section_1893196689\">\n\t\t<div class=\"bg section-bg fill bg-fill  bg-loaded\" >\n\n\t\t\t\n\t\t\t\n\t\t\t\n\n\t\t<\/div>\n\n\t\t<div class=\"section-content relative\">\n\t\t\t\n\n<p><iframe src=\"https:\/\/www.google.com\/maps\/embed?pb=!1m18!1m12!1m3!1d5893.194130660151!2d2.289751353315126!3d48.85592931274104!2m3!1f0!2f0!3f0!3m2!1i1024!2i768!4f13.1!3m3!1m2!1s0x47e6701bd7bc29b7%3A0x6a40127f533e3fbe!2s72%20Boulevard%20de%20Grenelle%2C%2075015%20Paris!5e0!3m2!1sfr!2sfr!4v1615959537934!5m2!1sfr!2sfr\" width=\"100%\" height=\"450\" style=\"border:0;\" allowfullscreen=\"\" loading=\"lazy\"><\/iframe><\/p>\n\n\t\t<\/div>\n\n\t\t\n<style>\n#section_1893196689 {\n  padding-top: 0px;\n  padding-bottom: 0px;\n}\n<\/style>\n\t<\/section>\n\t\n\t<section class=\"section\" id=\"section_1515651991\">\n\t\t<div class=\"bg section-bg fill bg-fill  bg-loaded\" >\n\n\t\t\t\n\t\t\t\n\t\t\t\n\n\t\t<\/div>\n\n\t\t<div class=\"section-content relative\">\n\t\t\t\n\n<div class=\"row row-large\"  id=\"row-207425260\">\n\n\n\t<div id=\"col-1159951205\" class=\"col small-12 large-12\"  data-animate=\"bounceInUp\">\n\t\t<div class=\"col-inner\"  >\n\t\t\t\n\t\t\t\n\n<h1 style=\"text-align: center;\">Le Relais Saint Charles Paris<\/h1>\n<h2 style=\"text-align: center;\">Ideally located 10 minutes walk from the Eiffel Tower in the heart of Paris<\/h2>\n<p style=\"text-align: center; margin-bottom: 20px;\">The metro, situated 50m away, takes you in the direction of the Arc de Triomphe, Champs-Elys\u00e9es, Saint-Germain-des-Pr\u00e9s district, Saint-Michel or Notre-Dame.\u00a0 Take advantage of the nearby pier, just a few hundred metres away, and enjoy a romantic boat cruise on the Seine\u2026<\/p>\n<p style=\"text-align: center; margin-bottom: 20px;\"><strong>Metro line 6:<\/strong> DUPLEIX station &#8211; <strong>Bus 80:<\/strong> &#8220;La Motte Piquet Grenelle&#8221; stop<\/p>\n<p style=\"text-align: center;\"><strong>HOTEL 3 ETOILES LE RELAIS SAINT CHARLES<\/strong><br \/>72 BOULEVARD DE GRENELLE<br \/>75015 PARIS<\/p>\n<p style=\"text-align: center;\">Cell phone : + 33\u00a07 81 12 14 50<br \/>Tel : +33 1 40 58 00 57<br \/>rcs@relaisstcharles.fr<\/p>\n\n\t\t<\/div>\n\t\t\n<style>\n#col-1159951205 > .col-inner {\n  padding: 0px 0px 0 0px;\n  margin: 0px 0px 0 0px;\n}\n<\/style>\n\t<\/div>\n\n\t\n\n\n<style>\n#row-207425260 > .col > .col-inner {\n  padding: 0px 0px 0 0px;\n}\n<\/style>\n<\/div>\n<div class=\"text-center\"><div class=\"is-divider divider clearfix\" style=\"margin-top:2em;margin-bottom:2em;max-width:250px;\"><\/div><\/div>\n\n<div class=\"row row-collapse encart-presentation\"  id=\"row-1267185843\">\n\n\n\t<div id=\"col-1152427686\" class=\"col small-12 large-12\"  >\n\t\t<div class=\"col-inner\"  >\n\t\t\t\n\t\t\t\n\n<h3 style=\"text-align: center; font-size: 30px;\">HOW TO REACH US?<\/h3>\n\n\t\t<\/div>\n\t\t\n<style>\n#col-1152427686 > .col-inner {\n  margin: 0px 0px 40px 0px;\n}\n<\/style>\n\t<\/div>\n\n\t\n\n\t<div id=\"col-2082430151\" class=\"col medium-12 small-12 large-6\"  data-animate=\"fadeInLeft\">\n\t\t<div class=\"col-inner\"  >\n\t\t\t\n\t\t\t\n\n<h4 style=\"text-transform: uppercase;\">FROM THE AIRPORTS<\/h4>\n<p><u>From Charles De Gaulle airport:<\/u> (about 1 hour)<\/p>\n<p>\u00a0<\/p>\n<ul>\n<li>Take line B direction Massy-Palaiseau to Denfert Rochereau stop<\/li>\n<li>Take the M6 \u200b\u200bline towards Etoile until the Dupleix stop<\/li>\n<\/ul>\n<p><u>From Orly airport<\/u>: (about 50 minutes)<\/p>\n<ul>\n<li>Take the shuttle to Antony station<\/li>\n<li>Take the RER B towards Charles de Gaulle Airport until Denfert Rochereau stop<\/li>\n<li>Take the M6 \u200b\u200bline towards Etoile and get off at the Dupleix stop<\/li>\n<\/ul>\n\n\t\t<\/div>\n\t\t\n<style>\n#col-2082430151 > .col-inner {\n  padding: 10px 20px 10px 20px;\n}\n<\/style>\n\t<\/div>\n\n\t\n\n\t<div id=\"col-1331105476\" class=\"col medium-12 small-12 large-6 medium-col-first\"  data-animate=\"fadeInRight\">\n\t\t<div class=\"col-inner\"  >\n\t\t\t\n\t\t\t\n\n\t<div class=\"img has-hover x md-x lg-x y md-y lg-y\" id=\"image_1017751439\">\n\t\t\t\t\t\t\t\t<div class=\"img-inner dark\" >\n\t\t\t<img decoding=\"async\" width=\"1020\" height=\"679\" src=\"https:\/\/www.relaisstcharles.fr\/wp-content\/uploads\/2022\/10\/DIPTYQUE1-1024x682.jpg\" class=\"attachment-large size-large\" alt=\"Le Relais Saint Charles Paris 15\" srcset=\"https:\/\/www.relaisstcharles.fr\/wp-content\/uploads\/2022\/10\/DIPTYQUE1-1024x682.jpg 1024w, https:\/\/www.relaisstcharles.fr\/wp-content\/uploads\/2022\/10\/DIPTYQUE1-300x200.jpg 300w, https:\/\/www.relaisstcharles.fr\/wp-content\/uploads\/2022\/10\/DIPTYQUE1-768x511.jpg 768w, https:\/\/www.relaisstcharles.fr\/wp-content\/uploads\/2022\/10\/DIPTYQUE1.jpg 1500w\" sizes=\"(max-width: 1020px) 100vw, 1020px\" \/>\t\t\t\t\t\t\n\t\t\t\t\t<\/div>\n\t\t\t\t\t\t\t\t\n<style>\n#image_1017751439 {\n  width: 100%;\n}\n<\/style>\n\t<\/div>\n\t\n\n\n\t\t<\/div>\n\t\t\t<\/div>\n\n\t\n\n<\/div>\n<div class=\"row row-collapse encart-presentation\"  id=\"row-2068136979\">\n\n\n\t<div id=\"col-1237163288\" class=\"col medium-12 small-12 large-6\"  data-animate=\"fadeInLeft\">\n\t\t<div class=\"col-inner\"  >\n\t\t\t\n\t\t\t\n\n\t<div class=\"img has-hover x md-x lg-x y md-y lg-y\" id=\"image_888688149\">\n\t\t\t\t\t\t\t\t<div class=\"img-inner dark\" >\n\t\t\t<img decoding=\"async\" width=\"683\" height=\"1024\" src=\"https:\/\/www.relaisstcharles.fr\/wp-content\/uploads\/2022\/10\/CHAMBRE1-5-683x1024.jpg\" class=\"attachment-large size-large\" alt=\"Le Relais Saint Charles Paris 15\" srcset=\"https:\/\/www.relaisstcharles.fr\/wp-content\/uploads\/2022\/10\/CHAMBRE1-5-683x1024.jpg 683w, https:\/\/www.relaisstcharles.fr\/wp-content\/uploads\/2022\/10\/CHAMBRE1-5-200x300.jpg 200w, https:\/\/www.relaisstcharles.fr\/wp-content\/uploads\/2022\/10\/CHAMBRE1-5-768x1152.jpg 768w, https:\/\/www.relaisstcharles.fr\/wp-content\/uploads\/2022\/10\/CHAMBRE1-5.jpg 1000w\" sizes=\"(max-width: 683px) 100vw, 683px\" \/>\t\t\t\t\t\t\n\t\t\t\t\t<\/div>\n\t\t\t\t\t\t\t\t\n<style>\n#image_888688149 {\n  width: 100%;\n}\n<\/style>\n\t<\/div>\n\t\n\n\n\t\t<\/div>\n\t\t\t<\/div>\n\n\t\n\n\t<div id=\"col-17671651\" class=\"col medium-12 small-12 large-6\"  data-animate=\"fadeInRight\">\n\t\t<div class=\"col-inner\"  >\n\t\t\t\n\t\t\t\n\n<h4 style=\"text-transform: uppercase;\">FROM THE TRAIN STATIONS<\/h4>\n<p><u>From Gare Montparnasse<\/u> : (about 15 minutes)<\/p>\n<p>Take the M6 \u200b\u200bline from the Montparnasse &#8211; Bienven\u00fce stop to the Dupleix stop.<\/p>\n<p>\u00a0<\/p>\n<p><u>From Gare d\u2019Austerlitz<\/u> : (about 30 minutes)<\/p>\n<ul>\n<li>Take the M5 line to the Place d&#8217;Italie stop<\/li>\n<li>Take the M6 \u200b\u200bline towards Etoile until the Dupleix stop.<\/li>\n<\/ul>\n<p>OR<\/p>\n<ul>\n<li>Take the M10 line Boulogne Pont de Saint-Cloud to the La Motte-Piquet-Grenelle stop<\/li>\n<\/ul>\n<p><u>From Gare de Lyon<\/u> : (about 30 minutes)<\/p>\n<ul>\n<li>Take the M14 line towards Mairie de Saint \u2013Ouen<\/li>\n<li>Get off at the Madeleine stop and take the M8 line towards Balard<\/li>\n<li>Get off at the Motte-Picquet-Grenelle stop.<\/li>\n<li>Take the M6 \u200b\u200bline towards Etoile and get off at the Dupleix stop.<\/li>\n<\/ul>\n<p>OR<\/p>\n<ul>\n<li>Take the RER A towards Saint-Germain-en-Laye and get off at Charles de Gaulle \u2013Etoile then take the M6 \u200b\u200bline towards Nation and get off at the Dupleix stop.<\/li>\n<\/ul>\n<p><u>From Gare du Nord<\/u> : (about 30 minutes)<\/p>\n<ul>\n<li>Take line E &#8211; Magenta and get off at Haussmann Saint-Lazare<\/li>\n<li>Take the M9 line towards Pont de S\u00e8vres and get off at the Trocad\u00e9ro stop.<\/li>\n<li>Take the M6 \u200b\u200bline towards Nation and get off at the Dupleix stop.<\/li>\n<\/ul>\n<p><u>From Gare Saint-Lazare<\/u> : (about 25 minutes)<\/p>\n<ul>\n<li>Take the M9 line towards Pont de S\u00e8vres and get off at the Trocad\u00e9ro stop.<\/li>\n<li>Take the M6 \u200b\u200bline towards Nation and get off at the Dupleix stop.<\/li>\n<\/ul>\n<p><u>From Gare de l\u2019Est<\/u> : (about 30 minutes)<\/p>\n<ul>\n<li>Take the M6 \u200b\u200bline to the Pasteur stop<\/li>\n<li>Take the M12 line towards Front Populaire until the Montparnasse- Bienven\u00fce stop and get off<\/li>\n<li>Take the M6 \u200b\u200bline towards Etoile and get off at the Dupleix stop<\/li>\n<\/ul>\n\n\t\t<\/div>\n\t\t\n<style>\n#col-17671651 > .col-inner {\n  padding: 10px 20px 10px 20px;\n}\n<\/style>\n\t<\/div>\n\n\t\n\n<\/div>\n<div class=\"text-center\"><div class=\"is-divider divider clearfix\" style=\"margin-top:2em;margin-bottom:2em;max-width:250px;\"><\/div><\/div>\n\n\n\t\t<\/div>\n\n\t\t\n<style>\n#section_1515651991 {\n  padding-top: 30px;\n  padding-bottom: 30px;\n}\n<\/style>\n\t<\/section>\n\t\n\n","protected":false},"excerpt":{"rendered":"","protected":false},"author":1,"featured_media":0,"parent":0,"menu_order":0,"comment_status":"closed","ping_status":"closed","template":"page-blank.php","meta":{"footnotes":""},"class_list":["post-524","page","type-page","status-publish","hentry"],"yoast_head":"<!-- This site is optimized with the Yoast SEO plugin v23.1 - https:\/\/yoast.com\/wordpress\/plugins\/seo\/ -->\n<title>Location and access to the Hotel Le Relais St Charles Paris Eiffel Tower in Paris<\/title>\n<meta name=\"description\" content=\"The Relais Saint Charles Hotel is located near the Eiffel Tower and Trocad\u00e9ro.The metro, situated 50m away, takes you in the direction of the Arc de Triomphe, Champs-Elys\u00e9es, Saint-Germain-des-Pr\u00e9s district, Saint-Michel or Notre-Dame.\" \/>\n<meta name=\"robots\" content=\"index, follow, max-snippet:-1, max-image-preview:large, max-video-preview:-1\" \/>\n<link rel=\"canonical\" href=\"https:\/\/www.relaisstcharles.fr\/en\/location\/\" \/>\n<meta property=\"og:locale\" content=\"en_US\" \/>\n<meta property=\"og:type\" content=\"article\" \/>\n<meta property=\"og:title\" content=\"Location and access to the Hotel Le Relais St Charles Paris Eiffel Tower in Paris\" \/>\n<meta property=\"og:description\" content=\"The Relais Saint Charles Hotel is located near the Eiffel Tower and Trocad\u00e9ro.The metro, situated 50m away, takes you in the direction of the Arc de Triomphe, Champs-Elys\u00e9es, Saint-Germain-des-Pr\u00e9s district, Saint-Michel or Notre-Dame.\" \/>\n<meta property=\"og:url\" content=\"https:\/\/www.relaisstcharles.fr\/en\/location\/\" \/>\n<meta property=\"og:site_name\" content=\"Le Relais Saint Charles\" \/>\n<meta property=\"article:modified_time\" content=\"2025-04-29T14:08:50+00:00\" \/>\n<meta name=\"twitter:card\" content=\"summary_large_image\" \/>\n<meta name=\"twitter:label1\" content=\"Est. reading time\" \/>\n\t<meta name=\"twitter:data1\" content=\"3 minutes\" \/>\n<script type=\"application\/ld+json\" class=\"yoast-schema-graph\">{\"@context\":\"https:\/\/schema.org\",\"@graph\":[{\"@type\":\"WebPage\",\"@id\":\"https:\/\/www.relaisstcharles.fr\/en\/location\/\",\"url\":\"https:\/\/www.relaisstcharles.fr\/en\/location\/\",\"name\":\"Location and access to the Hotel Le Relais St Charles Paris Eiffel Tower in Paris\",\"isPartOf\":{\"@id\":\"https:\/\/www.relaisstcharles.fr\/en\/#website\"},\"datePublished\":\"2021-03-25T08:22:07+00:00\",\"dateModified\":\"2025-04-29T14:08:50+00:00\",\"description\":\"The Relais Saint Charles Hotel is located near the Eiffel Tower and Trocad\u00e9ro.The metro, situated 50m away, takes you in the direction of the Arc de Triomphe, Champs-Elys\u00e9es, Saint-Germain-des-Pr\u00e9s district, Saint-Michel or Notre-Dame.\",\"breadcrumb\":{\"@id\":\"https:\/\/www.relaisstcharles.fr\/en\/location\/#breadcrumb\"},\"inLanguage\":\"en-US\",\"potentialAction\":[{\"@type\":\"ReadAction\",\"target\":[\"https:\/\/www.relaisstcharles.fr\/en\/location\/\"]}]},{\"@type\":\"BreadcrumbList\",\"@id\":\"https:\/\/www.relaisstcharles.fr\/en\/location\/#breadcrumb\",\"itemListElement\":[{\"@type\":\"ListItem\",\"position\":1,\"name\":\"Accueil\",\"item\":\"https:\/\/www.relaisstcharles.fr\/en\/\"},{\"@type\":\"ListItem\",\"position\":2,\"name\":\"Location\"}]},{\"@type\":\"WebSite\",\"@id\":\"https:\/\/www.relaisstcharles.fr\/en\/#website\",\"url\":\"https:\/\/www.relaisstcharles.fr\/en\/\",\"name\":\"Le Relais Saint Charles\",\"description\":\"H\u00f4tel 3 \u00e9toiles proche de la Tour Eiffel\",\"potentialAction\":[{\"@type\":\"SearchAction\",\"target\":{\"@type\":\"EntryPoint\",\"urlTemplate\":\"https:\/\/www.relaisstcharles.fr\/en\/?s={search_term_string}\"},\"query-input\":\"required name=search_term_string\"}],\"inLanguage\":\"en-US\"}]}<\/script>\n<!-- \/ Yoast SEO plugin. -->","yoast_head_json":{"title":"Location and access to the Hotel Le Relais St Charles Paris Eiffel Tower in Paris","description":"The Relais Saint Charles Hotel is located near the Eiffel Tower and Trocad\u00e9ro.The metro, situated 50m away, takes you in the direction of the Arc de Triomphe, Champs-Elys\u00e9es, Saint-Germain-des-Pr\u00e9s district, Saint-Michel or Notre-Dame.","robots":{"index":"index","follow":"follow","max-snippet":"max-snippet:-1","max-image-preview":"max-image-preview:large","max-video-preview":"max-video-preview:-1"},"canonical":"https:\/\/www.relaisstcharles.fr\/en\/location\/","og_locale":"en_US","og_type":"article","og_title":"Location and access to the Hotel Le Relais St Charles Paris Eiffel Tower in Paris","og_description":"The Relais Saint Charles Hotel is located near the Eiffel Tower and Trocad\u00e9ro.The metro, situated 50m away, takes you in the direction of the Arc de Triomphe, Champs-Elys\u00e9es, Saint-Germain-des-Pr\u00e9s district, Saint-Michel or Notre-Dame.","og_url":"https:\/\/www.relaisstcharles.fr\/en\/location\/","og_site_name":"Le Relais Saint Charles","article_modified_time":"2025-04-29T14:08:50+00:00","twitter_card":"summary_large_image","twitter_misc":{"Est. reading time":"3 minutes"},"schema":{"@context":"https:\/\/schema.org","@graph":[{"@type":"WebPage","@id":"https:\/\/www.relaisstcharles.fr\/en\/location\/","url":"https:\/\/www.relaisstcharles.fr\/en\/location\/","name":"Location and access to the Hotel Le Relais St Charles Paris Eiffel Tower in Paris","isPartOf":{"@id":"https:\/\/www.relaisstcharles.fr\/en\/#website"},"datePublished":"2021-03-25T08:22:07+00:00","dateModified":"2025-04-29T14:08:50+00:00","description":"The Relais Saint Charles Hotel is located near the Eiffel Tower and Trocad\u00e9ro.The metro, situated 50m away, takes you in the direction of the Arc de Triomphe, Champs-Elys\u00e9es, Saint-Germain-des-Pr\u00e9s district, Saint-Michel or Notre-Dame.","breadcrumb":{"@id":"https:\/\/www.relaisstcharles.fr\/en\/location\/#breadcrumb"},"inLanguage":"en-US","potentialAction":[{"@type":"ReadAction","target":["https:\/\/www.relaisstcharles.fr\/en\/location\/"]}]},{"@type":"BreadcrumbList","@id":"https:\/\/www.relaisstcharles.fr\/en\/location\/#breadcrumb","itemListElement":[{"@type":"ListItem","position":1,"name":"Accueil","item":"https:\/\/www.relaisstcharles.fr\/en\/"},{"@type":"ListItem","position":2,"name":"Location"}]},{"@type":"WebSite","@id":"https:\/\/www.relaisstcharles.fr\/en\/#website","url":"https:\/\/www.relaisstcharles.fr\/en\/","name":"Le Relais Saint Charles","description":"H\u00f4tel 3 \u00e9toiles proche de la Tour Eiffel","potentialAction":[{"@type":"SearchAction","target":{"@type":"EntryPoint","urlTemplate":"https:\/\/www.relaisstcharles.fr\/en\/?s={search_term_string}"},"query-input":"required name=search_term_string"}],"inLanguage":"en-US"}]}},"_links":{"self":[{"href":"https:\/\/www.relaisstcharles.fr\/en\/wp-json\/wp\/v2\/pages\/524","targetHints":{"allow":["GET"]}}],"collection":[{"href":"https:\/\/www.relaisstcharles.fr\/en\/wp-json\/wp\/v2\/pages"}],"about":[{"href":"https:\/\/www.relaisstcharles.fr\/en\/wp-json\/wp\/v2\/types\/page"}],"author":[{"embeddable":true,"href":"https:\/\/www.relaisstcharles.fr\/en\/wp-json\/wp\/v2\/users\/1"}],"replies":[{"embeddable":true,"href":"https:\/\/www.relaisstcharles.fr\/en\/wp-json\/wp\/v2\/comments?post=524"}],"version-history":[{"count":8,"href":"https:\/\/www.relaisstcharles.fr\/en\/wp-json\/wp\/v2\/pages\/524\/revisions"}],"predecessor-version":[{"id":796,"href":"https:\/\/www.relaisstcharles.fr\/en\/wp-json\/wp\/v2\/pages\/524\/revisions\/796"}],"wp:attachment":[{"href":"https:\/\/www.relaisstcharles.fr\/en\/wp-json\/wp\/v2\/media?parent=524"}],"curies":[{"name":"wp","href":"https:\/\/api.w.org\/{rel}","templated":true}]}}